{"id":19061,"date":"2024-06-02T06:02:28","date_gmt":"2024-06-02T06:02:28","guid":{"rendered":"https:\/\/simfoniya.az\/product\/kerama-marazzi-guzgu-100-cm\/"},"modified":"2024-10-04T10:20:25","modified_gmt":"2024-10-04T10:20:25","slug":"kerama-marazzi-guzgu-100-cm","status":"publish","type":"product","link":"https:\/\/simfoniya.az\/en\/product\/kerama-marazzi-guzgu-100-cm\/","title":{"rendered":"Kerama Marazzi \/ Mirror"},"content":{"rendered":"<div class=\"flex max-w-full flex-col flex-grow\">\n<div class=\"min-h-8 text-message flex w-full flex-col items-end gap-2 whitespace-normal break-words [.text-message+&amp;]:mt-5\" dir=\"auto\" data-message-author-role=\"assistant\" data-message-id=\"0b1a46eb-b23c-4d85-9c19-054c03373aac\">\n<div class=\"flex w-full flex-col gap-1 empty:hidden first:pt-[3px]\">\n<div class=\"markdown prose w-full break-words dark:prose-invert light\">\n<p>Bu, m\u00fcasir v\u0259 funksional bir dizayna malik buxarlanma \u0259leyhin\u0259 ayna. Ayna, x\u00fcsusil\u0259 vanna otaqlar\u0131 \u00fc\u00e7\u00fcn n\u0259z\u0259rd\u0259 tutulmu\u015fdur, buxarlanman\u0131 \u00f6nl\u0259y\u0259r\u0259k h\u0259mi\u015f\u0259 ayd\u0131n v\u0259 t\u0259miz g\u00f6r\u00fcn\u00fc\u015f t\u0259min edir. \u00c7\u0259r\u00e7iv\u0259si minimal stil\u0259 uy\u011fun olaraq dizayn edilmi\u015fdir, bu da onu m\u00fcasir interyerl\u0259r\u0259 asan uy\u011funla\u015fd\u0131r\u0131r. Ayna h\u0259m estetik, h\u0259m d\u0259 praktik bir element kimi faydal\u0131d\u0131r, ota\u011f\u0131n i\u015f\u0131qland\u0131rmas\u0131n\u0131 yax\u015f\u0131la\u015fd\u0131r\u0131r v\u0259 geni\u015flik hissi yarad\u0131r.<\/p>\n<\/div>\n<\/div>\n<\/div>\n<\/div>\n<div class=\"mb-2 flex gap-3 empty:hidden -ml-2\">\n<div class=\"items-center justify-start rounded-xl p-1 flex\">\n<div class=\"flex items-center\"><button class=\"rounded-lg text-token-text-secondary hover:bg-token-main-surface-secondary\" aria-label=\"Read aloud\" data-testid=\"voice-play-turn-action-button\"><\/button><button class=\"rounded-lg text-token-text-secondary hover:bg-token-main-surface-secondary\" aria-label=\"\u041a\u043e\u043f\u0438\u0440\u043e\u0432\u0430\u0442\u044c\" data-testid=\"copy-turn-action-button\"><\/button><\/p>\n<div class=\"flex\"><\/div>\n<div class=\"flex items-center pb-0\"><\/div>\n<\/div>\n<\/div>\n<\/div>\n","protected":false},"excerpt":{"rendered":"<p>This is an anti-fog mirror with a modern and functional design. The mirror is specially designed for bathrooms, preventing evaporation and ensuring a clear and clean view at all times. The frame is designed in a minimal style, which makes it easy to fit into modern interiors. The mirror is useful both as an aesthetic and practical element, it improves the lighting of the room and creates a feeling of spaciousness.<\/p>","protected":false},"featured_media":22141,"comment_status":"closed","ping_status":"closed","template":"","meta":[],"product_brand":[],"product_cat":[426],"product_tag":[],"collection":[],"brand":[79],"category_2":[],"catergory_brand":[],"class_list":{"0":"post-19061","1":"product","2":"type-product","3":"status-publish","4":"has-post-thumbnail","6":"product_cat-makeup-mirrors","7":"brand-kerama-marazzi","9":"first","10":"instock","11":"shipping-taxable","12":"product-type-simple"},"_links":{"self":[{"href":"https:\/\/simfoniya.az\/en\/wp-json\/wp\/v2\/product\/19061","targetHints":{"allow":["GET"]}}],"collection":[{"href":"https:\/\/simfoniya.az\/en\/wp-json\/wp\/v2\/product"}],"about":[{"href":"https:\/\/simfoniya.az\/en\/wp-json\/wp\/v2\/types\/product"}],"replies":[{"embeddable":true,"href":"https:\/\/simfoniya.az\/en\/wp-json\/wp\/v2\/comments?post=19061"}],"wp:featuredmedia":[{"embeddable":true,"href":"https:\/\/simfoniya.az\/en\/wp-json\/wp\/v2\/media\/22141"}],"wp:attachment":[{"href":"https:\/\/simfoniya.az\/en\/wp-json\/wp\/v2\/media?parent=19061"}],"wp:term":[{"taxonomy":"product_brand","embeddable":true,"href":"https:\/\/simfoniya.az\/en\/wp-json\/wp\/v2\/product_brand?post=19061"},{"taxonomy":"product_cat","embeddable":true,"href":"https:\/\/simfoniya.az\/en\/wp-json\/wp\/v2\/product_cat?post=19061"},{"taxonomy":"product_tag","embeddable":true,"href":"https:\/\/simfoniya.az\/en\/wp-json\/wp\/v2\/product_tag?post=19061"},{"taxonomy":"collection","embeddable":true,"href":"https:\/\/simfoniya.az\/en\/wp-json\/wp\/v2\/collection?post=19061"},{"taxonomy":"brand","embeddable":true,"href":"https:\/\/simfoniya.az\/en\/wp-json\/wp\/v2\/brand?post=19061"},{"taxonomy":"category_2","embeddable":true,"href":"https:\/\/simfoniya.az\/en\/wp-json\/wp\/v2\/category_2?post=19061"},{"taxonomy":"catergory_brand","embeddable":true,"href":"https:\/\/simfoniya.az\/en\/wp-json\/wp\/v2\/catergory_brand?post=19061"}],"curies":[{"name":"wp","href":"https:\/\/api.w.org\/{rel}","templated":true}]}}