{"id":19078,"date":"2024-06-02T06:02:38","date_gmt":"2024-06-02T06:02:38","guid":{"rendered":"https:\/\/simfoniya.az\/product\/kerama-marazzi-piano-dimcatiy-85-cm-rakovina-guzgu\/"},"modified":"2024-11-04T09:07:37","modified_gmt":"2024-11-04T09:07:37","slug":"kerama-marazzi-piano-dimcatiy-85-cm-rakovina-guzgu","status":"publish","type":"product","link":"https:\/\/simfoniya.az\/en\/product\/kerama-marazzi-piano-dimcatiy-85-cm-rakovina-guzgu\/","title":{"rendered":"Kerama Marazzi \/ Moyka furniture"},"content":{"rendered":"<div class=\"flex max-w-full flex-col flex-grow\">\n<div class=\"min-h-8 text-message flex w-full flex-col items-end gap-2 whitespace-normal break-words [.text-message+&amp;]:mt-5\" dir=\"auto\" data-message-author-role=\"assistant\" data-message-id=\"92a4b5de-151f-41c1-801d-77403f96df90\">\n<div class=\"flex w-full flex-col gap-1 empty:hidden first:pt-[3px]\">\n<div class=\"markdown prose w-full break-words dark:prose-invert light\">\n<p>Bu, t\u0259bii taxta g\u00f6r\u00fcn\u00fc\u015fl\u00fc dolab \u00fcz\u0259rind\u0259 qura\u015fd\u0131r\u0131lm\u0131\u015f a\u011f seramik moyka il\u0259 m\u00fcasir v\u0259 t\u0259bii bir dizaynd\u0131r. Qara \u00fcst qisim t\u0259bii taxta r\u0259ngi il\u0259 kontrast yarad\u0131r, bu da estetik v\u0259 z\u0259rif bir g\u00f6r\u00fcn\u00fc\u015f t\u0259min edir. A\u015fa\u011f\u0131da a\u00e7\u0131q r\u0259f \u0259lav\u0259 saxlama sah\u0259si t\u0259klif edir, praktik v\u0259 g\u00f6z\u0259l dizayn\u0131 il\u0259 m\u0259tb\u0259x v\u0259 ya vanna otaqlar\u0131na uy\u011fun g\u0259lir. Bu dolab h\u0259m funksional, h\u0259m d\u0259 dekorativ element kimi xidm\u0259t ed\u0259 bil\u0259r.<\/p>\n<\/div>\n<\/div>\n<\/div>\n<\/div>\n<div class=\"mb-2 flex gap-3 empty:hidden -ml-2\">\n<div class=\"items-center justify-start rounded-xl p-1 flex\">\n<div class=\"flex items-center\">\n<p>&nbsp;<\/p>\n<div class=\"flex\"><\/div>\n<div class=\"flex items-center pb-0\"><\/div>\n<\/div>\n<\/div>\n<\/div>\n","protected":false},"excerpt":{"rendered":"<p>It is a modern and natural design with a white ceramic sink mounted on a natural wood look cabinet. The black top contrasts with the natural wood color, providing an aesthetic and elegant look. The open shelf below offers additional storage space, and its practical and beautiful design is perfect for kitchens or bathrooms. This wardrobe is both functional and\u2026<\/p>","protected":false},"featured_media":19077,"comment_status":"closed","ping_status":"closed","template":"","meta":[],"product_brand":[],"product_cat":[1506],"product_tag":[],"collection":[],"brand":[79],"category_2":[],"catergory_brand":[],"class_list":{"0":"post-19078","1":"product","2":"type-product","3":"status-publish","4":"has-post-thumbnail","6":"product_cat-bathroom-vanity","7":"brand-kerama-marazzi","9":"first","10":"instock","11":"shipping-taxable","12":"product-type-simple"},"_links":{"self":[{"href":"https:\/\/simfoniya.az\/en\/wp-json\/wp\/v2\/product\/19078","targetHints":{"allow":["GET"]}}],"collection":[{"href":"https:\/\/simfoniya.az\/en\/wp-json\/wp\/v2\/product"}],"about":[{"href":"https:\/\/simfoniya.az\/en\/wp-json\/wp\/v2\/types\/product"}],"replies":[{"embeddable":true,"href":"https:\/\/simfoniya.az\/en\/wp-json\/wp\/v2\/comments?post=19078"}],"wp:featuredmedia":[{"embeddable":true,"href":"https:\/\/simfoniya.az\/en\/wp-json\/wp\/v2\/media\/19077"}],"wp:attachment":[{"href":"https:\/\/simfoniya.az\/en\/wp-json\/wp\/v2\/media?parent=19078"}],"wp:term":[{"taxonomy":"product_brand","embeddable":true,"href":"https:\/\/simfoniya.az\/en\/wp-json\/wp\/v2\/product_brand?post=19078"},{"taxonomy":"product_cat","embeddable":true,"href":"https:\/\/simfoniya.az\/en\/wp-json\/wp\/v2\/product_cat?post=19078"},{"taxonomy":"product_tag","embeddable":true,"href":"https:\/\/simfoniya.az\/en\/wp-json\/wp\/v2\/product_tag?post=19078"},{"taxonomy":"collection","embeddable":true,"href":"https:\/\/simfoniya.az\/en\/wp-json\/wp\/v2\/collection?post=19078"},{"taxonomy":"brand","embeddable":true,"href":"https:\/\/simfoniya.az\/en\/wp-json\/wp\/v2\/brand?post=19078"},{"taxonomy":"category_2","embeddable":true,"href":"https:\/\/simfoniya.az\/en\/wp-json\/wp\/v2\/category_2?post=19078"},{"taxonomy":"catergory_brand","embeddable":true,"href":"https:\/\/simfoniya.az\/en\/wp-json\/wp\/v2\/catergory_brand?post=19078"}],"curies":[{"name":"wp","href":"https:\/\/api.w.org\/{rel}","templated":true}]}}