{"id":19097,"date":"2024-06-02T06:03:19","date_gmt":"2024-06-02T06:03:19","guid":{"rendered":"https:\/\/simfoniya.az\/product\/kerama-marazzi-plaza-next-mat-qara-asilqan-mebel-100cm-rakovna-qara-guzgu\/"},"modified":"2024-11-04T10:00:31","modified_gmt":"2024-11-04T10:00:31","slug":"kerama-marazzi-plaza-next-mat-qara-asilqan-mebel-100cm-rakovna-qara-guzgu","status":"publish","type":"product","link":"https:\/\/simfoniya.az\/en\/product\/kerama-marazzi-plaza-next-mat-qara-asilqan-mebel-100cm-rakovna-qara-guzgu\/","title":{"rendered":"Kerama Marazzi \/ Moyka furniture"},"content":{"rendered":"<div class=\"flex max-w-full flex-col flex-grow\">\n<div class=\"min-h-8 text-message flex w-full flex-col items-end gap-2 whitespace-normal break-words [.text-message+&amp;]:mt-5\" dir=\"auto\" data-message-author-role=\"assistant\" data-message-id=\"7b6986b9-3265-4cca-9e92-ddff77e226ad\">\n<div class=\"flex w-full flex-col gap-1 empty:hidden first:pt-[3px]\">\n<div class=\"markdown prose w-full break-words dark:prose-invert light\">\n<p>Bu metal \u00e7\u0259r\u00e7iv\u0259li moyka altl\u0131\u011f\u0131, m\u00fcasir v\u0259 \u015f\u0131k bir dizayna malikdir. Qara r\u0259ngli \u00e7\u0259r\u00e7iv\u0259 minimalist g\u00f6r\u00fcn\u00fc\u015f t\u0259min ed\u0259rk\u0259n, yuxar\u0131da yerl\u0259\u015f\u0259n oval formada a\u011f seramik moyka il\u0259 m\u00fck\u0259mm\u0259l uy\u011funluq yarad\u0131r. Alt hiss\u0259d\u0259ki r\u0259f \u0259lav\u0259 saxlama sah\u0259si t\u0259klif edir, bu da praktik v\u0259 funksional bir x\u00fcsusiyy\u0259tdir. Bu dizayn, m\u00fcasir vanna otaqlar\u0131na v\u0259 ya m\u0259tb\u0259xl\u0259r\u0259 x\u00fcsusi bir z\u0259riflik \u0259lav\u0259 ed\u0259 bil\u0259r.<\/p>\n<\/div>\n<\/div>\n<\/div>\n<\/div>\n<div class=\"mb-2 flex gap-3 empty:hidden -ml-2\">\n<div class=\"items-center justify-start rounded-xl p-1 flex\">\n<div class=\"flex items-center\">\n<p>&nbsp;<\/p>\n<div class=\"flex\"><\/div>\n<div class=\"flex items-center pb-0\"><\/div>\n<\/div>\n<\/div>\n<\/div>\n","protected":false},"excerpt":{"rendered":"<p>This metal frame sink has a modern and stylish design. The black frame provides a minimalist look, while the oval-shaped white ceramic sink sits perfectly in harmony. A shelf at the bottom offers additional storage space, which is a practical and functional feature. This design can add a special elegance to modern bathrooms or kitchens. &nbsp;<\/p>","protected":false},"featured_media":22131,"comment_status":"closed","ping_status":"closed","template":"","meta":[],"product_brand":[],"product_cat":[1506],"product_tag":[],"collection":[],"brand":[79],"category_2":[],"catergory_brand":[],"class_list":{"0":"post-19097","1":"product","2":"type-product","3":"status-publish","4":"has-post-thumbnail","6":"product_cat-bathroom-vanity","7":"brand-kerama-marazzi","9":"first","10":"instock","11":"shipping-taxable","12":"product-type-simple"},"_links":{"self":[{"href":"https:\/\/simfoniya.az\/en\/wp-json\/wp\/v2\/product\/19097","targetHints":{"allow":["GET"]}}],"collection":[{"href":"https:\/\/simfoniya.az\/en\/wp-json\/wp\/v2\/product"}],"about":[{"href":"https:\/\/simfoniya.az\/en\/wp-json\/wp\/v2\/types\/product"}],"replies":[{"embeddable":true,"href":"https:\/\/simfoniya.az\/en\/wp-json\/wp\/v2\/comments?post=19097"}],"wp:featuredmedia":[{"embeddable":true,"href":"https:\/\/simfoniya.az\/en\/wp-json\/wp\/v2\/media\/22131"}],"wp:attachment":[{"href":"https:\/\/simfoniya.az\/en\/wp-json\/wp\/v2\/media?parent=19097"}],"wp:term":[{"taxonomy":"product_brand","embeddable":true,"href":"https:\/\/simfoniya.az\/en\/wp-json\/wp\/v2\/product_brand?post=19097"},{"taxonomy":"product_cat","embeddable":true,"href":"https:\/\/simfoniya.az\/en\/wp-json\/wp\/v2\/product_cat?post=19097"},{"taxonomy":"product_tag","embeddable":true,"href":"https:\/\/simfoniya.az\/en\/wp-json\/wp\/v2\/product_tag?post=19097"},{"taxonomy":"collection","embeddable":true,"href":"https:\/\/simfoniya.az\/en\/wp-json\/wp\/v2\/collection?post=19097"},{"taxonomy":"brand","embeddable":true,"href":"https:\/\/simfoniya.az\/en\/wp-json\/wp\/v2\/brand?post=19097"},{"taxonomy":"category_2","embeddable":true,"href":"https:\/\/simfoniya.az\/en\/wp-json\/wp\/v2\/category_2?post=19097"},{"taxonomy":"catergory_brand","embeddable":true,"href":"https:\/\/simfoniya.az\/en\/wp-json\/wp\/v2\/catergory_brand?post=19097"}],"curies":[{"name":"wp","href":"https:\/\/api.w.org\/{rel}","templated":true}]}}