{"id":19139,"date":"2024-06-02T06:04:12","date_gmt":"2024-06-02T06:04:12","guid":{"rendered":"https:\/\/simfoniya.az\/product\/kerama-atria-sculture-bide-napolniy\/"},"modified":"2024-10-03T18:43:17","modified_gmt":"2024-10-03T18:43:17","slug":"kerama-atria-sculture-bide-napolniy","status":"publish","type":"product","link":"https:\/\/simfoniya.az\/en\/product\/kerama-atria-sculture-bide-napolniy\/","title":{"rendered":"Kerama Atria \/ Bidet"},"content":{"rendered":"<div class=\"flex max-w-full flex-col flex-grow\">\n<div class=\"min-h-8 text-message flex w-full flex-col items-end gap-2 whitespace-normal break-words [.text-message+&amp;]:mt-5\" dir=\"auto\" data-message-author-role=\"assistant\" data-message-id=\"e25b3f99-2988-4e58-8206-a9ffed9b56e8\">\n<div class=\"flex w-full flex-col gap-1 empty:hidden first:pt-[3px]\">\n<div class=\"markdown prose w-full break-words dark:prose-invert light\">\n<p>Bu yar\u0131m dair\u0259vi moyka, m\u00fcasir v\u0259 g\u00f6z\u0259llik bax\u0131m\u0131ndan sad\u0259 bir dizayna malikdir, v\u0259 bu da onu m\u00fcasir vanna otaqlar\u0131 \u00fc\u00e7\u00fcn ideald\u0131r. S\u0259thi b\u0259rab\u0259r v\u0259 hamard\u0131r, suyun asan axmas\u0131 \u00fc\u00e7\u00fcn m\u0259rk\u0259zd\u0259n biraz y\u00fcks\u0259k dizayn edilmi\u015fdir. H\u0259m d\u0259, m\u00fcxt\u0259lif qura\u015fd\u0131rma se\u00e7iml\u0259ri il\u0259 uy\u011funla\u015fa bil\u0259r, bu da onu h\u0259m ki\u00e7ik, h\u0259m d\u0259 b\u00f6y\u00fck vanna otaqlar\u0131 \u00fc\u00e7\u00fcn m\u00fcnasib edir.<\/p>\n<\/div>\n<\/div>\n<\/div>\n<\/div>\n<div class=\"mb-2 flex gap-3 empty:hidden -ml-2\">\n<div class=\"items-center justify-start rounded-xl p-1 flex\">\n<div class=\"flex items-center\"><button class=\"rounded-lg text-token-text-secondary hover:bg-token-main-surface-secondary\" aria-label=\"Read aloud\" data-testid=\"voice-play-turn-action-button\"><\/button><button class=\"rounded-lg text-token-text-secondary hover:bg-token-main-surface-secondary\" aria-label=\"\u041a\u043e\u043f\u0438\u0440\u043e\u0432\u0430\u0442\u044c\" data-testid=\"copy-turn-action-button\"><\/button><\/p>\n<div class=\"flex\"><\/div>\n<div class=\"flex items-center pb-0\"><\/div>\n<\/div>\n<\/div>\n<\/div>\n","protected":false},"excerpt":{"rendered":"<p>This semi-circular sink has a modern and aesthetically simple design, making it ideal for modern bathrooms. The surface is even and smooth, designed slightly higher in the center for easy water flow. It can also be adapted to a variety of installation options, making it suitable for both small and large bathrooms.<\/p>","protected":false},"featured_media":22186,"comment_status":"closed","ping_status":"closed","template":"","meta":[],"product_brand":[],"product_cat":[409],"product_tag":[],"collection":[],"brand":[79],"category_2":[],"catergory_brand":[],"class_list":{"0":"post-19139","1":"product","2":"type-product","3":"status-publish","4":"has-post-thumbnail","6":"product_cat-bidets","7":"brand-kerama-marazzi","9":"first","10":"instock","11":"shipping-taxable","12":"product-type-simple"},"_links":{"self":[{"href":"https:\/\/simfoniya.az\/en\/wp-json\/wp\/v2\/product\/19139","targetHints":{"allow":["GET"]}}],"collection":[{"href":"https:\/\/simfoniya.az\/en\/wp-json\/wp\/v2\/product"}],"about":[{"href":"https:\/\/simfoniya.az\/en\/wp-json\/wp\/v2\/types\/product"}],"replies":[{"embeddable":true,"href":"https:\/\/simfoniya.az\/en\/wp-json\/wp\/v2\/comments?post=19139"}],"wp:featuredmedia":[{"embeddable":true,"href":"https:\/\/simfoniya.az\/en\/wp-json\/wp\/v2\/media\/22186"}],"wp:attachment":[{"href":"https:\/\/simfoniya.az\/en\/wp-json\/wp\/v2\/media?parent=19139"}],"wp:term":[{"taxonomy":"product_brand","embeddable":true,"href":"https:\/\/simfoniya.az\/en\/wp-json\/wp\/v2\/product_brand?post=19139"},{"taxonomy":"product_cat","embeddable":true,"href":"https:\/\/simfoniya.az\/en\/wp-json\/wp\/v2\/product_cat?post=19139"},{"taxonomy":"product_tag","embeddable":true,"href":"https:\/\/simfoniya.az\/en\/wp-json\/wp\/v2\/product_tag?post=19139"},{"taxonomy":"collection","embeddable":true,"href":"https:\/\/simfoniya.az\/en\/wp-json\/wp\/v2\/collection?post=19139"},{"taxonomy":"brand","embeddable":true,"href":"https:\/\/simfoniya.az\/en\/wp-json\/wp\/v2\/brand?post=19139"},{"taxonomy":"category_2","embeddable":true,"href":"https:\/\/simfoniya.az\/en\/wp-json\/wp\/v2\/category_2?post=19139"},{"taxonomy":"catergory_brand","embeddable":true,"href":"https:\/\/simfoniya.az\/en\/wp-json\/wp\/v2\/catergory_brand?post=19139"}],"curies":[{"name":"wp","href":"https:\/\/api.w.org\/{rel}","templated":true}]}}