{"id":19159,"date":"2024-06-02T06:04:51","date_gmt":"2024-06-02T06:04:51","guid":{"rendered":"https:\/\/simfoniya.az\/product\/kerama-marazzi-vetro-mat-qara-uqlovoy-kvadrat-100x100x195\/"},"modified":"2024-11-04T10:27:50","modified_gmt":"2024-11-04T10:27:50","slug":"kerama-marazzi-vetro-mat-qara-uqlovoy-kvadrat-100x100x195","status":"publish","type":"product","link":"https:\/\/simfoniya.az\/en\/product\/kerama-marazzi-vetro-mat-qara-uqlovoy-kvadrat-100x100x195\/","title":{"rendered":"Kerama Marazzi \/ Shower cabin"},"content":{"rendered":"<div class=\"flex max-w-full flex-col flex-grow\">\n<div class=\"min-h-8 text-message flex w-full flex-col items-end gap-2 whitespace-normal break-words [.text-message+&amp;]:mt-5\" dir=\"auto\" data-message-author-role=\"assistant\" data-message-id=\"87926ebb-b7a7-4392-96db-454a294d22f7\">\n<div class=\"flex w-full flex-col gap-1 empty:hidden first:pt-[3px]\">\n<div class=\"markdown prose w-full break-words dark:prose-invert light\">\n<p>Bu m\u00fcasir du\u015f kabinas\u0131, minimalizm v\u0259 funksionall\u0131\u011f\u0131 birl\u0259\u015fdirir. Sad\u0259, amma \u015f\u0131k x\u0259tl\u0259r v\u0259 \u015f\u0259ffaf \u015f\u00fc\u015f\u0259 panell\u0259r ota\u011f\u0131 daha geni\u015f v\u0259 a\u00e7\u0131q g\u00f6st\u0259rir. H\u0259m\u00e7inin, bu kabin m\u00fcxt\u0259lif \u00f6l\u00e7\u00fcl\u00fc vanna otaqlar\u0131na uy\u011funla\u015fd\u0131r\u0131la bil\u0259r, t\u0259mizl\u0259nm\u0259si asan v\u0259 uzun\u00f6m\u00fcrl\u00fc istifad\u0259 t\u0259min edir.<\/p>\n<\/div>\n<\/div>\n<\/div>\n<\/div>\n<div class=\"mb-2 flex gap-3 empty:hidden -ml-2\">\n<div class=\"items-center justify-start rounded-xl p-1 flex\">\n<div class=\"flex items-center justify-center rounded-lg text-token-text-secondary\">\n<p>&nbsp;<\/p>\n<div class=\"px-0.5 text-sm font-semibold tabular-nums\"><\/div>\n<\/div>\n<\/div>\n<\/div>\n","protected":false},"excerpt":{"rendered":"<p>This modern shower cabin combines minimalism and functionality. Simple but stylish lines and transparent glass panels make the room look more spacious and open. Also, this cabin can be adapted to different sized bathrooms, providing easy cleaning and long-lasting use. &nbsp;<\/p>","protected":false},"featured_media":22125,"comment_status":"closed","ping_status":"closed","template":"","meta":[],"product_brand":[],"product_cat":[1342],"product_tag":[],"collection":[],"brand":[79],"category_2":[],"catergory_brand":[],"class_list":{"0":"post-19159","1":"product","2":"type-product","3":"status-publish","4":"has-post-thumbnail","6":"product_cat-shower-cabinet","7":"brand-kerama-marazzi","9":"first","10":"instock","11":"shipping-taxable","12":"product-type-simple"},"_links":{"self":[{"href":"https:\/\/simfoniya.az\/en\/wp-json\/wp\/v2\/product\/19159","targetHints":{"allow":["GET"]}}],"collection":[{"href":"https:\/\/simfoniya.az\/en\/wp-json\/wp\/v2\/product"}],"about":[{"href":"https:\/\/simfoniya.az\/en\/wp-json\/wp\/v2\/types\/product"}],"replies":[{"embeddable":true,"href":"https:\/\/simfoniya.az\/en\/wp-json\/wp\/v2\/comments?post=19159"}],"wp:featuredmedia":[{"embeddable":true,"href":"https:\/\/simfoniya.az\/en\/wp-json\/wp\/v2\/media\/22125"}],"wp:attachment":[{"href":"https:\/\/simfoniya.az\/en\/wp-json\/wp\/v2\/media?parent=19159"}],"wp:term":[{"taxonomy":"product_brand","embeddable":true,"href":"https:\/\/simfoniya.az\/en\/wp-json\/wp\/v2\/product_brand?post=19159"},{"taxonomy":"product_cat","embeddable":true,"href":"https:\/\/simfoniya.az\/en\/wp-json\/wp\/v2\/product_cat?post=19159"},{"taxonomy":"product_tag","embeddable":true,"href":"https:\/\/simfoniya.az\/en\/wp-json\/wp\/v2\/product_tag?post=19159"},{"taxonomy":"collection","embeddable":true,"href":"https:\/\/simfoniya.az\/en\/wp-json\/wp\/v2\/collection?post=19159"},{"taxonomy":"brand","embeddable":true,"href":"https:\/\/simfoniya.az\/en\/wp-json\/wp\/v2\/brand?post=19159"},{"taxonomy":"category_2","embeddable":true,"href":"https:\/\/simfoniya.az\/en\/wp-json\/wp\/v2\/category_2?post=19159"},{"taxonomy":"catergory_brand","embeddable":true,"href":"https:\/\/simfoniya.az\/en\/wp-json\/wp\/v2\/catergory_brand?post=19159"}],"curies":[{"name":"wp","href":"https:\/\/api.w.org\/{rel}","templated":true}]}}