{"id":19176,"date":"2024-06-02T06:05:05","date_gmt":"2024-06-02T06:05:05","guid":{"rendered":"https:\/\/simfoniya.az\/product\/lineatre-suse-ref-qizili\/"},"modified":"2024-10-03T18:20:35","modified_gmt":"2024-10-03T18:20:35","slug":"lineatre-suse-ref-qizili","status":"publish","type":"product","link":"https:\/\/simfoniya.az\/en\/product\/lineatre-suse-ref-qizili\/","title":{"rendered":"Lineatre \/ Bathroom shelf"},"content":{"rendered":"<div class=\"flex max-w-full flex-col flex-grow\">\n<div class=\"min-h-8 text-message flex w-full flex-col items-end gap-2 whitespace-normal break-words [.text-message+&amp;]:mt-5\" dir=\"auto\" data-message-author-role=\"assistant\" data-message-id=\"bfc855c5-ce48-45d9-99e8-1f2fdabdcf9f\">\n<div class=\"flex w-full flex-col gap-1 empty:hidden first:pt-[3px]\">\n<div class=\"markdown prose w-full break-words dark:prose-invert light\">\n<p>Bu, oval formada, q\u0131z\u0131l detall\u0131 \u015f\u00fc\u015f\u0259 r\u0259fdir. Bu r\u0259f, z\u0259rif v\u0259 m\u00fcasir dizayn\u0131 il\u0259 h\u0259r hans\u0131 bir ota\u011fa \u015f\u0131k bir \u0259lav\u0259dir v\u0259 estetik bax\u0131mdan c\u0259lbedici saxlama yeri t\u0259min edir. \u015e\u00fc\u015f\u0259 v\u0259 q\u0131z\u0131l aksentl\u0259r, r\u0259fi g\u00f6z\u0259 \u00e7arpan v\u0259 d\u0259y\u0259rli bir aksesuar hal\u0131na g\u0259tirir.<\/p>\n<\/div>\n<\/div>\n<\/div>\n<\/div>\n<div class=\"mb-2 flex gap-3 empty:hidden -ml-2\">\n<div class=\"items-center justify-start rounded-xl p-1 flex\">\n<div class=\"flex items-center\"><button class=\"rounded-lg text-token-text-secondary hover:bg-token-main-surface-secondary\" aria-label=\"Read aloud\" data-testid=\"voice-play-turn-action-button\"><\/button><button class=\"rounded-lg text-token-text-secondary hover:bg-token-main-surface-secondary\" aria-label=\"\u041a\u043e\u043f\u0438\u0440\u043e\u0432\u0430\u0442\u044c\" data-testid=\"copy-turn-action-button\"><\/button><\/p>\n<div class=\"flex\"><\/div>\n<div class=\"flex items-center pb-0\"><\/div>\n<\/div>\n<\/div>\n<\/div>\n","protected":false},"excerpt":{"rendered":"<p>This is an oval shaped glass shelf with gold details. This shelf is a stylish addition to any room with its sleek and modern design and provides aesthetically appealing storage space. Glass and gold accents make the shelf an eye-catching and valuable accessory.<\/p>","protected":false},"featured_media":22846,"comment_status":"closed","ping_status":"closed","template":"","meta":[],"product_brand":[],"product_cat":[1503],"product_tag":[],"collection":[],"brand":[1502],"category_2":[],"catergory_brand":[],"class_list":{"0":"post-19176","1":"product","2":"type-product","3":"status-publish","4":"has-post-thumbnail","6":"product_cat-guzgu-rf","7":"brand-lineatre","9":"first","10":"instock","11":"shipping-taxable","12":"product-type-simple"},"_links":{"self":[{"href":"https:\/\/simfoniya.az\/en\/wp-json\/wp\/v2\/product\/19176","targetHints":{"allow":["GET"]}}],"collection":[{"href":"https:\/\/simfoniya.az\/en\/wp-json\/wp\/v2\/product"}],"about":[{"href":"https:\/\/simfoniya.az\/en\/wp-json\/wp\/v2\/types\/product"}],"replies":[{"embeddable":true,"href":"https:\/\/simfoniya.az\/en\/wp-json\/wp\/v2\/comments?post=19176"}],"wp:featuredmedia":[{"embeddable":true,"href":"https:\/\/simfoniya.az\/en\/wp-json\/wp\/v2\/media\/22846"}],"wp:attachment":[{"href":"https:\/\/simfoniya.az\/en\/wp-json\/wp\/v2\/media?parent=19176"}],"wp:term":[{"taxonomy":"product_brand","embeddable":true,"href":"https:\/\/simfoniya.az\/en\/wp-json\/wp\/v2\/product_brand?post=19176"},{"taxonomy":"product_cat","embeddable":true,"href":"https:\/\/simfoniya.az\/en\/wp-json\/wp\/v2\/product_cat?post=19176"},{"taxonomy":"product_tag","embeddable":true,"href":"https:\/\/simfoniya.az\/en\/wp-json\/wp\/v2\/product_tag?post=19176"},{"taxonomy":"collection","embeddable":true,"href":"https:\/\/simfoniya.az\/en\/wp-json\/wp\/v2\/collection?post=19176"},{"taxonomy":"brand","embeddable":true,"href":"https:\/\/simfoniya.az\/en\/wp-json\/wp\/v2\/brand?post=19176"},{"taxonomy":"category_2","embeddable":true,"href":"https:\/\/simfoniya.az\/en\/wp-json\/wp\/v2\/category_2?post=19176"},{"taxonomy":"catergory_brand","embeddable":true,"href":"https:\/\/simfoniya.az\/en\/wp-json\/wp\/v2\/catergory_brand?post=19176"}],"curies":[{"name":"wp","href":"https:\/\/api.w.org\/{rel}","templated":true}]}}