{"id":19178,"date":"2024-06-02T06:05:06","date_gmt":"2024-06-02T06:05:06","guid":{"rendered":"https:\/\/simfoniya.az\/product\/lineatre-angola-dus-kabin-90x90-qizili\/"},"modified":"2024-10-03T18:19:24","modified_gmt":"2024-10-03T18:19:24","slug":"lineatre-angola-dus-kabin-90x90-qizili","status":"publish","type":"product","link":"https:\/\/simfoniya.az\/en\/product\/lineatre-angola-dus-kabin-90x90-qizili\/","title":{"rendered":"Lineatre Angola \/ Shower cabin \/ Gold"},"content":{"rendered":"<div class=\"flex max-w-full flex-col flex-grow\">\n<div class=\"min-h-8 text-message flex w-full flex-col items-end gap-2 whitespace-normal break-words [.text-message+&amp;]:mt-5\" dir=\"auto\" data-message-author-role=\"assistant\" data-message-id=\"3ac941af-ad75-4184-8da3-48d76ae441e0\">\n<div class=\"flex w-full flex-col gap-1 empty:hidden first:pt-[3px]\">\n<div class=\"markdown prose w-full break-words dark:prose-invert light\">\n<p>Bu, q\u0131z\u0131l r\u0259ngli \u00e7\u0259r\u00e7iv\u0259li v\u0259 b\u0259z\u0259kli \u015f\u00fc\u015f\u0259li du\u015f kabini. K\u00f6\u015f\u0259y\u0259 qura\u015fd\u0131rma dizayn\u0131 il\u0259 yer q\u0259na\u0259ti t\u0259min edir v\u0259 q\u0131z\u0131l detallar\u0131 il\u0259 z\u0259rifliyi \u00f6n plana \u00e7\u0131xar\u0131r. Bu kabina, vanna ota\u011f\u0131n\u0131za l\u00fcks v\u0259 d\u0259bd\u0259b\u0259li bir g\u00f6r\u00fcn\u00fc\u015f ver\u0259r\u0259k, rahat v\u0259 \u015f\u0131k bir du\u015f t\u0259cr\u00fcb\u0259si sunar.<\/p>\n<\/div>\n<\/div>\n<\/div>\n<\/div>\n<div class=\"mb-2 flex gap-3 empty:hidden -ml-2\">\n<div class=\"items-center justify-start rounded-xl p-1 flex\">\n<div class=\"flex items-center\"><button class=\"rounded-lg text-token-text-secondary hover:bg-token-main-surface-secondary\" aria-label=\"Read aloud\" data-testid=\"voice-play-turn-action-button\"><\/button><button class=\"rounded-lg text-token-text-secondary hover:bg-token-main-surface-secondary\" aria-label=\"\u041a\u043e\u043f\u0438\u0440\u043e\u0432\u0430\u0442\u044c\" data-testid=\"copy-turn-action-button\"><\/button><\/p>\n<div class=\"flex\"><\/div>\n<div class=\"flex items-center pb-0\"><\/div>\n<\/div>\n<\/div>\n<\/div>\n","protected":false},"excerpt":{"rendered":"<p>This is a glass shower enclosure with a golden frame and decorative glass. It saves space with its corner installation design and brings elegance to the fore with gold details. This cabin offers a comfortable and stylish shower experience, giving your bathroom a luxurious and luxurious look.<\/p>","protected":false},"featured_media":19177,"comment_status":"closed","ping_status":"closed","template":"","meta":[],"product_brand":[],"product_cat":[1342],"product_tag":[],"collection":[],"brand":[1502],"category_2":[],"catergory_brand":[],"class_list":{"0":"post-19178","1":"product","2":"type-product","3":"status-publish","4":"has-post-thumbnail","6":"product_cat-shower-cabinet","7":"brand-lineatre","9":"first","10":"instock","11":"shipping-taxable","12":"product-type-simple"},"_links":{"self":[{"href":"https:\/\/simfoniya.az\/en\/wp-json\/wp\/v2\/product\/19178","targetHints":{"allow":["GET"]}}],"collection":[{"href":"https:\/\/simfoniya.az\/en\/wp-json\/wp\/v2\/product"}],"about":[{"href":"https:\/\/simfoniya.az\/en\/wp-json\/wp\/v2\/types\/product"}],"replies":[{"embeddable":true,"href":"https:\/\/simfoniya.az\/en\/wp-json\/wp\/v2\/comments?post=19178"}],"wp:featuredmedia":[{"embeddable":true,"href":"https:\/\/simfoniya.az\/en\/wp-json\/wp\/v2\/media\/19177"}],"wp:attachment":[{"href":"https:\/\/simfoniya.az\/en\/wp-json\/wp\/v2\/media?parent=19178"}],"wp:term":[{"taxonomy":"product_brand","embeddable":true,"href":"https:\/\/simfoniya.az\/en\/wp-json\/wp\/v2\/product_brand?post=19178"},{"taxonomy":"product_cat","embeddable":true,"href":"https:\/\/simfoniya.az\/en\/wp-json\/wp\/v2\/product_cat?post=19178"},{"taxonomy":"product_tag","embeddable":true,"href":"https:\/\/simfoniya.az\/en\/wp-json\/wp\/v2\/product_tag?post=19178"},{"taxonomy":"collection","embeddable":true,"href":"https:\/\/simfoniya.az\/en\/wp-json\/wp\/v2\/collection?post=19178"},{"taxonomy":"brand","embeddable":true,"href":"https:\/\/simfoniya.az\/en\/wp-json\/wp\/v2\/brand?post=19178"},{"taxonomy":"category_2","embeddable":true,"href":"https:\/\/simfoniya.az\/en\/wp-json\/wp\/v2\/category_2?post=19178"},{"taxonomy":"catergory_brand","embeddable":true,"href":"https:\/\/simfoniya.az\/en\/wp-json\/wp\/v2\/catergory_brand?post=19178"}],"curies":[{"name":"wp","href":"https:\/\/api.w.org\/{rel}","templated":true}]}}