{"id":19212,"date":"2024-06-02T06:17:39","date_gmt":"2024-06-02T06:17:39","guid":{"rendered":"https:\/\/simfoniya.az\/?post_type=product&#038;p=19212"},"modified":"2024-10-03T17:59:04","modified_gmt":"2024-10-03T17:59:04","slug":"simas-vasche-da-bagno-taxta-yan-panel","status":"publish","type":"product","link":"https:\/\/simfoniya.az\/en\/product\/simas-vasche-da-bagno-taxta-yan-panel\/","title":{"rendered":"Simas Vasche \/ Bath"},"content":{"rendered":"<div class=\"flex max-w-full flex-col flex-grow\">\n<div class=\"min-h-8 text-message flex w-full flex-col items-end gap-2 whitespace-normal break-words [.text-message+&amp;]:mt-5\" dir=\"auto\" data-message-author-role=\"assistant\" data-message-id=\"d71867e4-c0d0-4638-b2d2-82e7cce5fc48\">\n<div class=\"flex w-full flex-col gap-1 empty:hidden first:pt-[3px]\">\n<div class=\"markdown prose w-full break-words dark:prose-invert light\">\n<p>Bu, a\u011fac dolabl\u0131 k\u00f6\u015f\u0259 vanna modelidir. Taxta dolablar \u0259lav\u0259 saxlama sah\u0259si t\u0259min edir v\u0259 seramik \u00fcst hiss\u0259si suya davaml\u0131d\u0131r, asan t\u0259mizl\u0259nir. Klassik dizayn\u0131 il\u0259 bu vanna, h\u0259m funksional, h\u0259m d\u0259 estetik bir se\u00e7imdir.<\/p>\n<\/div>\n<\/div>\n<\/div>\n<\/div>\n<div class=\"mb-2 flex gap-3 empty:hidden -ml-2\">\n<div class=\"items-center justify-start rounded-xl p-1 flex\">\n<div class=\"flex items-center\"><button class=\"rounded-lg text-token-text-secondary hover:bg-token-main-surface-secondary\" aria-label=\"Read aloud\" data-testid=\"voice-play-turn-action-button\"><\/button><button class=\"rounded-lg text-token-text-secondary hover:bg-token-main-surface-secondary\" aria-label=\"\u041a\u043e\u043f\u0438\u0440\u043e\u0432\u0430\u0442\u044c\" data-testid=\"copy-turn-action-button\"><\/button><\/p>\n<div class=\"flex\"><\/div>\n<div class=\"flex items-center pb-0\"><\/div>\n<\/div>\n<\/div>\n<\/div>\n","protected":false},"excerpt":{"rendered":"<p>This is a corner bath model with a wooden cabinet. The wooden cabinets provide extra storage space and the ceramic top is waterproof, easy to clean. With its classic design, this bathtub is both a functional and an aesthetic choice.<\/p>","protected":false},"featured_media":23166,"comment_status":"closed","ping_status":"closed","template":"","meta":[],"product_brand":[],"product_cat":[1487],"product_tag":[],"collection":[],"brand":[1454],"category_2":[],"catergory_brand":[],"class_list":{"0":"post-19212","1":"product","2":"type-product","3":"status-publish","4":"has-post-thumbnail","6":"product_cat-bathtubs","7":"brand-simas","9":"first","10":"instock","11":"shipping-taxable","12":"product-type-simple"},"_links":{"self":[{"href":"https:\/\/simfoniya.az\/en\/wp-json\/wp\/v2\/product\/19212","targetHints":{"allow":["GET"]}}],"collection":[{"href":"https:\/\/simfoniya.az\/en\/wp-json\/wp\/v2\/product"}],"about":[{"href":"https:\/\/simfoniya.az\/en\/wp-json\/wp\/v2\/types\/product"}],"replies":[{"embeddable":true,"href":"https:\/\/simfoniya.az\/en\/wp-json\/wp\/v2\/comments?post=19212"}],"wp:featuredmedia":[{"embeddable":true,"href":"https:\/\/simfoniya.az\/en\/wp-json\/wp\/v2\/media\/23166"}],"wp:attachment":[{"href":"https:\/\/simfoniya.az\/en\/wp-json\/wp\/v2\/media?parent=19212"}],"wp:term":[{"taxonomy":"product_brand","embeddable":true,"href":"https:\/\/simfoniya.az\/en\/wp-json\/wp\/v2\/product_brand?post=19212"},{"taxonomy":"product_cat","embeddable":true,"href":"https:\/\/simfoniya.az\/en\/wp-json\/wp\/v2\/product_cat?post=19212"},{"taxonomy":"product_tag","embeddable":true,"href":"https:\/\/simfoniya.az\/en\/wp-json\/wp\/v2\/product_tag?post=19212"},{"taxonomy":"collection","embeddable":true,"href":"https:\/\/simfoniya.az\/en\/wp-json\/wp\/v2\/collection?post=19212"},{"taxonomy":"brand","embeddable":true,"href":"https:\/\/simfoniya.az\/en\/wp-json\/wp\/v2\/brand?post=19212"},{"taxonomy":"category_2","embeddable":true,"href":"https:\/\/simfoniya.az\/en\/wp-json\/wp\/v2\/category_2?post=19212"},{"taxonomy":"catergory_brand","embeddable":true,"href":"https:\/\/simfoniya.az\/en\/wp-json\/wp\/v2\/catergory_brand?post=19212"}],"curies":[{"name":"wp","href":"https:\/\/api.w.org\/{rel}","templated":true}]}}