{"id":19272,"date":"2024-06-02T06:19:42","date_gmt":"2024-06-02T06:19:42","guid":{"rendered":"https:\/\/simfoniya.az\/?post_type=product&#038;p=19272"},"modified":"2024-10-03T12:34:39","modified_gmt":"2024-10-03T12:34:39","slug":"simas-vasche-da-bagno-vanna-sifonu-xrom","status":"publish","type":"product","link":"https:\/\/simfoniya.az\/en\/product\/simas-vasche-da-bagno-vanna-sifonu-xrom\/","title":{"rendered":"Simas Vasche \/ Bathroom siphon"},"content":{"rendered":"<div class=\"flex max-w-full flex-col flex-grow\">\n<div class=\"min-h-8 text-message flex w-full flex-col items-end gap-2 whitespace-normal break-words [.text-message+&amp;]:mt-5\" dir=\"auto\" data-message-author-role=\"assistant\" data-message-id=\"103a1ad5-ae59-4b5c-8aca-fa468b6e5fcc\">\n<div class=\"flex w-full flex-col gap-1 empty:hidden first:pt-[3px]\">\n<div class=\"markdown prose w-full break-words dark:prose-invert light\">\n<p>Bu, lavabo \u00fc\u00e7\u00fcn n\u0259z\u0259rd\u0259 tutulmu\u015f su bo\u015fald\u0131c\u0131 sistemin bir hiss\u0259sidir. Metal v\u0259 plastik komponentl\u0259rd\u0259n ibar\u0259t bu sistem, lavabodan suyun ax\u0131d\u0131lmas\u0131n\u0131 t\u0259min edir. Sistemin dizayn\u0131 suyun s\u0131zmas\u0131n\u0131n qar\u015f\u0131s\u0131n\u0131 al\u0131r v\u0259 t\u0259mizl\u0259nm\u0259si asand\u0131r, ki bu da hamam ota\u011f\u0131n\u0131n t\u0259miz v\u0259 s\u0259liq\u0259li qalmas\u0131na k\u00f6m\u0259k edir. Bu c\u00fcr sisteml\u0259r, effektivlik v\u0259 dayan\u0131ql\u0131l\u0131q bax\u0131m\u0131ndan \u00f6n\u0259mlidir.<\/p>\n<\/div>\n<\/div>\n<\/div>\n<\/div>\n<div class=\"mb-2 flex gap-3 empty:hidden -ml-2\">\n<div class=\"items-center justify-start rounded-xl p-1 flex\">\n<div class=\"flex items-center\"><button class=\"rounded-lg text-token-text-secondary hover:bg-token-main-surface-secondary\" aria-label=\"Read aloud\" data-testid=\"voice-play-turn-action-button\"><\/button><button class=\"rounded-lg text-token-text-secondary hover:bg-token-main-surface-secondary\" aria-label=\"\u041a\u043e\u043f\u0438\u0440\u043e\u0432\u0430\u0442\u044c\" data-testid=\"copy-turn-action-button\"><\/button><\/p>\n<div class=\"flex\"><\/div>\n<div class=\"flex items-center pb-0\"><\/div>\n<\/div>\n<\/div>\n<\/div>\n","protected":false},"excerpt":{"rendered":"<p>This is part of the drainage system for the sink. This system, which consists of metal and plastic components, ensures that water flows out of the sink. The design of the system prevents water leakage and is easy to clean, which helps to keep the bathroom clean and tidy. Such systems are important in terms of efficiency and durability.<\/p>","protected":false},"featured_media":22003,"comment_status":"closed","ping_status":"closed","template":"","meta":[],"product_brand":[],"product_cat":[1493],"product_tag":[],"collection":[],"brand":[1454],"category_2":[],"catergory_brand":[],"class_list":{"0":"post-19272","1":"product","2":"type-product","3":"status-publish","4":"has-post-thumbnail","6":"product_cat-bathtub-drain","7":"brand-simas","9":"first","10":"instock","11":"shipping-taxable","12":"product-type-simple"},"_links":{"self":[{"href":"https:\/\/simfoniya.az\/en\/wp-json\/wp\/v2\/product\/19272","targetHints":{"allow":["GET"]}}],"collection":[{"href":"https:\/\/simfoniya.az\/en\/wp-json\/wp\/v2\/product"}],"about":[{"href":"https:\/\/simfoniya.az\/en\/wp-json\/wp\/v2\/types\/product"}],"replies":[{"embeddable":true,"href":"https:\/\/simfoniya.az\/en\/wp-json\/wp\/v2\/comments?post=19272"}],"wp:featuredmedia":[{"embeddable":true,"href":"https:\/\/simfoniya.az\/en\/wp-json\/wp\/v2\/media\/22003"}],"wp:attachment":[{"href":"https:\/\/simfoniya.az\/en\/wp-json\/wp\/v2\/media?parent=19272"}],"wp:term":[{"taxonomy":"product_brand","embeddable":true,"href":"https:\/\/simfoniya.az\/en\/wp-json\/wp\/v2\/product_brand?post=19272"},{"taxonomy":"product_cat","embeddable":true,"href":"https:\/\/simfoniya.az\/en\/wp-json\/wp\/v2\/product_cat?post=19272"},{"taxonomy":"product_tag","embeddable":true,"href":"https:\/\/simfoniya.az\/en\/wp-json\/wp\/v2\/product_tag?post=19272"},{"taxonomy":"collection","embeddable":true,"href":"https:\/\/simfoniya.az\/en\/wp-json\/wp\/v2\/collection?post=19272"},{"taxonomy":"brand","embeddable":true,"href":"https:\/\/simfoniya.az\/en\/wp-json\/wp\/v2\/brand?post=19272"},{"taxonomy":"category_2","embeddable":true,"href":"https:\/\/simfoniya.az\/en\/wp-json\/wp\/v2\/category_2?post=19272"},{"taxonomy":"catergory_brand","embeddable":true,"href":"https:\/\/simfoniya.az\/en\/wp-json\/wp\/v2\/catergory_brand?post=19272"}],"curies":[{"name":"wp","href":"https:\/\/api.w.org\/{rel}","templated":true}]}}