{"id":19315,"date":"2024-06-02T06:39:22","date_gmt":"2024-06-02T06:39:22","guid":{"rendered":"https:\/\/simfoniya.az\/?post_type=product&#038;p=19315"},"modified":"2024-10-03T12:02:23","modified_gmt":"2024-10-03T12:02:23","slug":"simas-arcade-bide-yerd%c9%99n-dekorlu-qizili","status":"publish","type":"product","link":"https:\/\/simfoniya.az\/en\/product\/simas-arcade-bide-yerd%c9%99n-dekorlu-qizili\/","title":{"rendered":"Simas Arcade \/ Bid from Earth"},"content":{"rendered":"<div class=\"flex max-w-full flex-col flex-grow\">\n<div class=\"min-h-8 text-message flex w-full flex-col items-end gap-2 whitespace-normal break-words [.text-message+&amp;]:mt-5\" dir=\"auto\" data-message-author-role=\"assistant\" data-message-id=\"1702011c-9dd5-4f09-8b0c-493713232304\">\n<div class=\"flex w-full flex-col gap-1 empty:hidden first:pt-[3px]\">\n<div class=\"markdown prose w-full break-words dark:prose-invert light\">\n<p>Bu, klasik dizayna malik bir bide unitazd\u0131r. A\u011f seramikd\u0259n haz\u0131rlanm\u0131\u015f bu bide, m\u00f6hk\u0259m v\u0259 z\u0259rif dizayn\u0131 il\u0259 d\u0259st\u0259kl\u0259nir. Bide&#8217;nin geni\u015f v\u0259 rahat oturacaq hiss\u0259si, istifad\u0259\u00e7il\u0259r\u0259 m\u00fck\u0259mm\u0259l rahatl\u0131q t\u0259min edir. Bu bide, \u0259n\u0259n\u0259vi v\u0259 klassik hamam otaqlar\u0131 \u00fc\u00e7\u00fcn m\u00fck\u0259mm\u0259l uy\u011funla\u015fma potensial\u0131na malikdir, eyni zamanda y\u00fcks\u0259k s\u0259viyy\u0259li \u015f\u0259xsi gigiyena standartlar\u0131n\u0131 t\u0259min edir. Bu tip bide&#8217;lar, su s\u0259rfiyyat\u0131n\u0131 azaltmaq \u00fc\u00e7\u00fcn effektiv su ax\u0131n\u0131 sisteml\u0259ri il\u0259 t\u0259chiz edil\u0259 bil\u0259r.<\/p>\n<\/div>\n<\/div>\n<\/div>\n<\/div>\n<div class=\"mb-2 flex gap-3 empty:hidden -ml-2\">\n<div class=\"items-center justify-start rounded-xl p-1 flex\">\n<div class=\"flex items-center\"><button class=\"rounded-lg text-token-text-secondary hover:bg-token-main-surface-secondary\" aria-label=\"Read aloud\" data-testid=\"voice-play-turn-action-button\"><\/button><button class=\"rounded-lg text-token-text-secondary hover:bg-token-main-surface-secondary\" aria-label=\"\u041a\u043e\u043f\u0438\u0440\u043e\u0432\u0430\u0442\u044c\" data-testid=\"copy-turn-action-button\"><\/button><\/p>\n<div class=\"flex\"><\/div>\n<div class=\"flex items-center pb-0\"><\/div>\n<\/div>\n<\/div>\n<\/div>\n","protected":false},"excerpt":{"rendered":"<p>Bu, klasik dizayna malik bir bide unitazd\u0131r. A\u011f seramikd\u0259n haz\u0131rlanm\u0131\u015f bu bide, m\u00f6hk\u0259m v\u0259 z\u0259rif dizayn\u0131 il\u0259 d\u0259st\u0259kl\u0259nir. Bide&#8217;nin geni\u015f v\u0259 rahat oturacaq hiss\u0259si, istifad\u0259\u00e7il\u0259r\u0259 m\u00fck\u0259mm\u0259l rahatl\u0131q t\u0259min edir. Bu bide, \u0259n\u0259n\u0259vi v\u0259 klassik hamam otaqlar\u0131 \u00fc\u00e7\u00fcn m\u00fck\u0259mm\u0259l uy\u011funla\u015fma potensial\u0131na malikdir, eyni zamanda y\u00fcks\u0259k s\u0259viyy\u0259li \u015f\u0259xsi gigiyena standartlar\u0131n\u0131 t\u0259min edir. Bu tip bide&#8217;lar, su s\u0259rfiyyat\u0131n\u0131 azaltmaq \u00fc\u00e7\u00fcn effektiv su ax\u0131n\u0131\u2026<\/p>","protected":false},"featured_media":19316,"comment_status":"closed","ping_status":"closed","template":"","meta":[],"product_brand":[],"product_cat":[409],"product_tag":[],"collection":[],"brand":[1454],"category_2":[],"catergory_brand":[],"class_list":{"0":"post-19315","1":"product","2":"type-product","3":"status-publish","4":"has-post-thumbnail","6":"product_cat-bidets","7":"brand-simas","9":"first","10":"instock","11":"shipping-taxable","12":"product-type-simple"},"_links":{"self":[{"href":"https:\/\/simfoniya.az\/en\/wp-json\/wp\/v2\/product\/19315","targetHints":{"allow":["GET"]}}],"collection":[{"href":"https:\/\/simfoniya.az\/en\/wp-json\/wp\/v2\/product"}],"about":[{"href":"https:\/\/simfoniya.az\/en\/wp-json\/wp\/v2\/types\/product"}],"replies":[{"embeddable":true,"href":"https:\/\/simfoniya.az\/en\/wp-json\/wp\/v2\/comments?post=19315"}],"wp:featuredmedia":[{"embeddable":true,"href":"https:\/\/simfoniya.az\/en\/wp-json\/wp\/v2\/media\/19316"}],"wp:attachment":[{"href":"https:\/\/simfoniya.az\/en\/wp-json\/wp\/v2\/media?parent=19315"}],"wp:term":[{"taxonomy":"product_brand","embeddable":true,"href":"https:\/\/simfoniya.az\/en\/wp-json\/wp\/v2\/product_brand?post=19315"},{"taxonomy":"product_cat","embeddable":true,"href":"https:\/\/simfoniya.az\/en\/wp-json\/wp\/v2\/product_cat?post=19315"},{"taxonomy":"product_tag","embeddable":true,"href":"https:\/\/simfoniya.az\/en\/wp-json\/wp\/v2\/product_tag?post=19315"},{"taxonomy":"collection","embeddable":true,"href":"https:\/\/simfoniya.az\/en\/wp-json\/wp\/v2\/collection?post=19315"},{"taxonomy":"brand","embeddable":true,"href":"https:\/\/simfoniya.az\/en\/wp-json\/wp\/v2\/brand?post=19315"},{"taxonomy":"category_2","embeddable":true,"href":"https:\/\/simfoniya.az\/en\/wp-json\/wp\/v2\/category_2?post=19315"},{"taxonomy":"catergory_brand","embeddable":true,"href":"https:\/\/simfoniya.az\/en\/wp-json\/wp\/v2\/catergory_brand?post=19315"}],"curies":[{"name":"wp","href":"https:\/\/api.w.org\/{rel}","templated":true}]}}