{"id":19323,"date":"2024-06-02T06:43:39","date_gmt":"2024-06-02T06:43:39","guid":{"rendered":"https:\/\/simfoniya.az\/?post_type=product&#038;p=19323"},"modified":"2024-10-03T11:59:07","modified_gmt":"2024-10-03T11:59:07","slug":"simas-arcade-kunc-canaq-ucun-metal-ayaq-qizili","status":"publish","type":"product","link":"https:\/\/simfoniya.az\/en\/product\/simas-arcade-kunc-canaq-ucun-metal-ayaq-qizili\/","title":{"rendered":"Simas Arcade \/ Golden legs"},"content":{"rendered":"<p>The white ceramic sink is decorated with gold colored metal legs and a matching metal frame, which gives it a traditional and luxurious look. There is also a matching shelf under the sink, which provides extra storage space and adds practicality to the bathroom. This sink is as striking for its functionality as it is for its aesthetics, and fits perfectly into bathrooms decorated with traditional taste.<\/p>","protected":false},"excerpt":{"rendered":"<p>A\u011f seramik lavabo alt\u0131n r\u0259ngli metal ayaqlar v\u0259 uy\u011fun metal \u00e7\u0259r\u00e7iv\u0259 il\u0259 b\u0259z\u0259dilmi\u015fdir ki, bu da ona \u0259n\u0259n\u0259vi v\u0259 l\u00fcks bir g\u00f6r\u00fcn\u00fc\u015f verir. Lavabonun alt\u0131nda uy\u011funla\u015fd\u0131r\u0131lm\u0131\u015f bir r\u0259f d\u0259 var, bu r\u0259f \u0259lav\u0259 saxlama yer t\u0259min edir v\u0259 hamam ota\u011f\u0131na praktiklik \u0259lav\u0259 edir. Bu lavabo, estetik g\u00f6r\u00fcn\u00fc\u015f\u00fc il\u0259 oldu\u011fu q\u0259d\u0259r, funksionall\u0131\u011f\u0131 il\u0259 d\u0259 diqq\u0259t \u00e7\u0259kir v\u0259 \u0259n\u0259n\u0259vi z\u00f6vql\u0259 b\u0259z\u0259dilmi\u015f hamam\u2026<\/p>","protected":false},"featured_media":22524,"comment_status":"closed","ping_status":"closed","template":"","meta":[],"product_brand":[],"product_cat":[1461],"product_tag":[],"collection":[],"brand":[1454],"category_2":[],"catergory_brand":[],"class_list":{"0":"post-19323","1":"product","2":"type-product","3":"status-publish","4":"has-post-thumbnail","6":"product_cat-wash-basins","7":"brand-simas","9":"first","10":"instock","11":"shipping-taxable","12":"product-type-simple"},"_links":{"self":[{"href":"https:\/\/simfoniya.az\/en\/wp-json\/wp\/v2\/product\/19323","targetHints":{"allow":["GET"]}}],"collection":[{"href":"https:\/\/simfoniya.az\/en\/wp-json\/wp\/v2\/product"}],"about":[{"href":"https:\/\/simfoniya.az\/en\/wp-json\/wp\/v2\/types\/product"}],"replies":[{"embeddable":true,"href":"https:\/\/simfoniya.az\/en\/wp-json\/wp\/v2\/comments?post=19323"}],"wp:featuredmedia":[{"embeddable":true,"href":"https:\/\/simfoniya.az\/en\/wp-json\/wp\/v2\/media\/22524"}],"wp:attachment":[{"href":"https:\/\/simfoniya.az\/en\/wp-json\/wp\/v2\/media?parent=19323"}],"wp:term":[{"taxonomy":"product_brand","embeddable":true,"href":"https:\/\/simfoniya.az\/en\/wp-json\/wp\/v2\/product_brand?post=19323"},{"taxonomy":"product_cat","embeddable":true,"href":"https:\/\/simfoniya.az\/en\/wp-json\/wp\/v2\/product_cat?post=19323"},{"taxonomy":"product_tag","embeddable":true,"href":"https:\/\/simfoniya.az\/en\/wp-json\/wp\/v2\/product_tag?post=19323"},{"taxonomy":"collection","embeddable":true,"href":"https:\/\/simfoniya.az\/en\/wp-json\/wp\/v2\/collection?post=19323"},{"taxonomy":"brand","embeddable":true,"href":"https:\/\/simfoniya.az\/en\/wp-json\/wp\/v2\/brand?post=19323"},{"taxonomy":"category_2","embeddable":true,"href":"https:\/\/simfoniya.az\/en\/wp-json\/wp\/v2\/category_2?post=19323"},{"taxonomy":"catergory_brand","embeddable":true,"href":"https:\/\/simfoniya.az\/en\/wp-json\/wp\/v2\/catergory_brand?post=19323"}],"curies":[{"name":"wp","href":"https:\/\/api.w.org\/{rel}","templated":true}]}}