{"id":19329,"date":"2024-06-02T06:54:22","date_gmt":"2024-06-02T06:54:22","guid":{"rendered":"https:\/\/simfoniya.az\/?post_type=product&#038;p=19329"},"modified":"2024-10-03T11:56:44","modified_gmt":"2024-10-03T11:56:44","slug":"simas-arcade-kunc-canaq-ucun-saxsi-ref","status":"publish","type":"product","link":"https:\/\/simfoniya.az\/en\/product\/simas-arcade-kunc-canaq-ucun-saxsi-ref\/","title":{"rendered":"Simas Arcade \/ Ref"},"content":{"rendered":"<div class=\"flex max-w-full flex-col flex-grow\">\n<div class=\"min-h-8 text-message flex w-full flex-col items-end gap-2 whitespace-normal break-words [.text-message+&amp;]:mt-5\" dir=\"auto\" data-message-author-role=\"assistant\" data-message-id=\"36496fae-4017-41a5-abf9-8f22a8e19882\">\n<div class=\"flex w-full flex-col gap-1 empty:hidden first:pt-[3px]\">\n<div class=\"markdown prose w-full break-words dark:prose-invert light\">\n<p>Bu, k\u00f6\u015f\u0259y\u0259 uy\u011funla\u015fd\u0131r\u0131lm\u0131\u015f, m\u00fcasir dizayna malik a\u011f seramik r\u0259ft\u0259kdir. Bu r\u0259f, k\u00f6\u015f\u0259l\u0259ri s\u0259m\u0259r\u0259li istifad\u0259 etm\u0259k \u00fc\u00e7\u00fcn ideald\u0131r, hamam otaqlar\u0131nda v\u0259 ya m\u0259tb\u0259xl\u0259rd\u0259 ki\u00e7ik \u0259\u015fyalar\u0131 saxlamaq \u00fc\u00e7\u00fcn m\u00fck\u0259mm\u0259ldir. Onun d\u00fcz v\u0259 t\u0259miz x\u0259tl\u0259ri, m\u00fcasir v\u0259 minimalist interyerl\u0259r\u0259 asanl\u0131qla uy\u011funla\u015fa bil\u0259r. R\u0259f, h\u0259m funksional h\u0259m d\u0259 estetik bir element olaraq xidm\u0259t ed\u0259r\u0259k, m\u0259kan\u0131 daha s\u0259liq\u0259li v\u0259 t\u0259\u015fkil edilmi\u015f edir.<\/p>\n<\/div>\n<\/div>\n<\/div>\n<\/div>\n<div class=\"mb-2 flex gap-3 empty:hidden -ml-2\">\n<div class=\"items-center justify-start rounded-xl p-1 flex\">\n<div class=\"flex items-center\"><button class=\"rounded-lg text-token-text-secondary hover:bg-token-main-surface-secondary\" aria-label=\"Read aloud\" data-testid=\"voice-play-turn-action-button\"><\/button><button class=\"rounded-lg text-token-text-secondary hover:bg-token-main-surface-secondary\" aria-label=\"\u041a\u043e\u043f\u0438\u0440\u043e\u0432\u0430\u0442\u044c\" data-testid=\"copy-turn-action-button\"><\/button><\/p>\n<div class=\"flex\"><\/div>\n<div class=\"flex items-center pb-0\"><\/div>\n<\/div>\n<\/div>\n<\/div>\n","protected":false},"excerpt":{"rendered":"<p>This is a white ceramic shelf with a modern design, adapted to the corner. This shelf is ideal for making efficient use of corners, perfect for storing small items in bathrooms or kitchens. Its straight and clean lines can easily fit into modern and minimalist interiors. The shelf serves as both a functional and an aesthetic element, making the space neater and more organized.<\/p>","protected":false},"featured_media":22850,"comment_status":"closed","ping_status":"closed","template":"","meta":[],"product_brand":[],"product_cat":[1503],"product_tag":[],"collection":[],"brand":[1454],"category_2":[],"catergory_brand":[],"class_list":{"0":"post-19329","1":"product","2":"type-product","3":"status-publish","4":"has-post-thumbnail","6":"product_cat-guzgu-rf","7":"brand-simas","9":"first","10":"instock","11":"shipping-taxable","12":"product-type-simple"},"_links":{"self":[{"href":"https:\/\/simfoniya.az\/en\/wp-json\/wp\/v2\/product\/19329","targetHints":{"allow":["GET"]}}],"collection":[{"href":"https:\/\/simfoniya.az\/en\/wp-json\/wp\/v2\/product"}],"about":[{"href":"https:\/\/simfoniya.az\/en\/wp-json\/wp\/v2\/types\/product"}],"replies":[{"embeddable":true,"href":"https:\/\/simfoniya.az\/en\/wp-json\/wp\/v2\/comments?post=19329"}],"wp:featuredmedia":[{"embeddable":true,"href":"https:\/\/simfoniya.az\/en\/wp-json\/wp\/v2\/media\/22850"}],"wp:attachment":[{"href":"https:\/\/simfoniya.az\/en\/wp-json\/wp\/v2\/media?parent=19329"}],"wp:term":[{"taxonomy":"product_brand","embeddable":true,"href":"https:\/\/simfoniya.az\/en\/wp-json\/wp\/v2\/product_brand?post=19329"},{"taxonomy":"product_cat","embeddable":true,"href":"https:\/\/simfoniya.az\/en\/wp-json\/wp\/v2\/product_cat?post=19329"},{"taxonomy":"product_tag","embeddable":true,"href":"https:\/\/simfoniya.az\/en\/wp-json\/wp\/v2\/product_tag?post=19329"},{"taxonomy":"collection","embeddable":true,"href":"https:\/\/simfoniya.az\/en\/wp-json\/wp\/v2\/collection?post=19329"},{"taxonomy":"brand","embeddable":true,"href":"https:\/\/simfoniya.az\/en\/wp-json\/wp\/v2\/brand?post=19329"},{"taxonomy":"category_2","embeddable":true,"href":"https:\/\/simfoniya.az\/en\/wp-json\/wp\/v2\/category_2?post=19329"},{"taxonomy":"catergory_brand","embeddable":true,"href":"https:\/\/simfoniya.az\/en\/wp-json\/wp\/v2\/catergory_brand?post=19329"}],"curies":[{"name":"wp","href":"https:\/\/api.w.org\/{rel}","templated":true}]}}