{"id":19331,"date":"2024-06-02T06:55:02","date_gmt":"2024-06-02T06:55:02","guid":{"rendered":"https:\/\/simfoniya.az\/?post_type=product&#038;p=19331"},"modified":"2024-10-03T11:52:01","modified_gmt":"2024-10-03T11:52:01","slug":"simas-arcade-monoblok-unitaz-divar-cixisli","status":"publish","type":"product","link":"https:\/\/simfoniya.az\/en\/product\/simas-arcade-monoblok-unitaz-divar-cixisli\/","title":{"rendered":"Simas Arcade \/ Toilet"},"content":{"rendered":"<div class=\"flex max-w-full flex-col flex-grow\">\n<div class=\"min-h-8 text-message flex w-full flex-col items-end gap-2 whitespace-normal break-words [.text-message+&amp;]:mt-5\" dir=\"auto\" data-message-author-role=\"assistant\" data-message-id=\"e4e03756-8aa9-4088-8d46-c1c501e93288\">\n<div class=\"flex w-full flex-col gap-1 empty:hidden first:pt-[3px]\">\n<div class=\"markdown prose w-full break-words dark:prose-invert light\">\n<p>Bu, klassik dizayna malik a\u011f seramik unitazd\u0131r. Onun a\u011f\u0131r v\u0259 m\u00f6hk\u0259m g\u00f6vd\u0259si, ota\u011fa \u0259n\u0259n\u0259vi bir toxunu\u015f \u0259lav\u0259 edir. Bu tip unitaz, rahat v\u0259 geni\u015f oturacaq hiss\u0259si il\u0259 istifad\u0259\u00e7il\u0259r\u0259 m\u00fck\u0259mm\u0259l rahatl\u0131q t\u0259min edir. Suyu q\u0259na\u0259t ed\u0259n spl\u00fc\u015f sistemi il\u0259 t\u0259chiz edilmi\u015f bu unitaz, h\u0259m su resurslar\u0131n\u0131 qoruma\u011fa, h\u0259m d\u0259 hamam ota\u011f\u0131n\u0131n t\u0259miz v\u0259 s\u0259liq\u0259li qalmas\u0131na k\u00f6m\u0259k edir. Klassik dizayn\u0131 il\u0259 m\u00fcxt\u0259lif interyerl\u0259r\u0259 uy\u011funla\u015fa bil\u0259r.<\/p>\n<\/div>\n<\/div>\n<\/div>\n<\/div>\n<div class=\"mb-2 flex gap-3 empty:hidden -ml-2\">\n<div class=\"items-center justify-start rounded-xl p-1 flex\">\n<div class=\"flex items-center\"><button class=\"rounded-lg text-token-text-secondary hover:bg-token-main-surface-secondary\" aria-label=\"Read aloud\" data-testid=\"voice-play-turn-action-button\"><\/button><button class=\"rounded-lg text-token-text-secondary hover:bg-token-main-surface-secondary\" aria-label=\"\u041a\u043e\u043f\u0438\u0440\u043e\u0432\u0430\u0442\u044c\" data-testid=\"copy-turn-action-button\"><\/button><\/p>\n<div class=\"flex\"><\/div>\n<div class=\"flex items-center pb-0\"><\/div>\n<\/div>\n<\/div>\n<\/div>\n","protected":false},"excerpt":{"rendered":"<p>Bu, klassik dizayna malik a\u011f seramik unitazd\u0131r. Onun a\u011f\u0131r v\u0259 m\u00f6hk\u0259m g\u00f6vd\u0259si, ota\u011fa \u0259n\u0259n\u0259vi bir toxunu\u015f \u0259lav\u0259 edir. Bu tip unitaz, rahat v\u0259 geni\u015f oturacaq hiss\u0259si il\u0259 istifad\u0259\u00e7il\u0259r\u0259 m\u00fck\u0259mm\u0259l rahatl\u0131q t\u0259min edir. Suyu q\u0259na\u0259t ed\u0259n spl\u00fc\u015f sistemi il\u0259 t\u0259chiz edilmi\u015f bu unitaz, h\u0259m su resurslar\u0131n\u0131 qoruma\u011fa, h\u0259m d\u0259 hamam ota\u011f\u0131n\u0131n t\u0259miz v\u0259 s\u0259liq\u0259li qalmas\u0131na k\u00f6m\u0259k edir. Klassik dizayn\u0131 il\u0259 m\u00fcxt\u0259lif\u2026<\/p>","protected":false},"featured_media":19332,"comment_status":"closed","ping_status":"closed","template":"","meta":[],"product_brand":[],"product_cat":[408],"product_tag":[],"collection":[],"brand":[1454],"category_2":[],"catergory_brand":[],"class_list":{"0":"post-19331","1":"product","2":"type-product","3":"status-publish","4":"has-post-thumbnail","6":"product_cat-toilets","7":"brand-simas","9":"first","10":"instock","11":"shipping-taxable","12":"product-type-simple"},"_links":{"self":[{"href":"https:\/\/simfoniya.az\/en\/wp-json\/wp\/v2\/product\/19331","targetHints":{"allow":["GET"]}}],"collection":[{"href":"https:\/\/simfoniya.az\/en\/wp-json\/wp\/v2\/product"}],"about":[{"href":"https:\/\/simfoniya.az\/en\/wp-json\/wp\/v2\/types\/product"}],"replies":[{"embeddable":true,"href":"https:\/\/simfoniya.az\/en\/wp-json\/wp\/v2\/comments?post=19331"}],"wp:featuredmedia":[{"embeddable":true,"href":"https:\/\/simfoniya.az\/en\/wp-json\/wp\/v2\/media\/19332"}],"wp:attachment":[{"href":"https:\/\/simfoniya.az\/en\/wp-json\/wp\/v2\/media?parent=19331"}],"wp:term":[{"taxonomy":"product_brand","embeddable":true,"href":"https:\/\/simfoniya.az\/en\/wp-json\/wp\/v2\/product_brand?post=19331"},{"taxonomy":"product_cat","embeddable":true,"href":"https:\/\/simfoniya.az\/en\/wp-json\/wp\/v2\/product_cat?post=19331"},{"taxonomy":"product_tag","embeddable":true,"href":"https:\/\/simfoniya.az\/en\/wp-json\/wp\/v2\/product_tag?post=19331"},{"taxonomy":"collection","embeddable":true,"href":"https:\/\/simfoniya.az\/en\/wp-json\/wp\/v2\/collection?post=19331"},{"taxonomy":"brand","embeddable":true,"href":"https:\/\/simfoniya.az\/en\/wp-json\/wp\/v2\/brand?post=19331"},{"taxonomy":"category_2","embeddable":true,"href":"https:\/\/simfoniya.az\/en\/wp-json\/wp\/v2\/category_2?post=19331"},{"taxonomy":"catergory_brand","embeddable":true,"href":"https:\/\/simfoniya.az\/en\/wp-json\/wp\/v2\/catergory_brand?post=19331"}],"curies":[{"name":"wp","href":"https:\/\/api.w.org\/{rel}","templated":true}]}}