{"id":19337,"date":"2024-06-02T06:57:20","date_gmt":"2024-06-02T06:57:20","guid":{"rendered":"https:\/\/simfoniya.az\/?post_type=product&#038;p=19337"},"modified":"2024-11-04T10:24:34","modified_gmt":"2024-11-04T10:24:34","slug":"simas-bohemien-asma-bide","status":"publish","type":"product","link":"https:\/\/simfoniya.az\/en\/product\/simas-bohemien-asma-bide\/","title":{"rendered":"Simas Bohemian \/ Bidet"},"content":{"rendered":"<div class=\"flex max-w-full flex-col flex-grow\">\n<div class=\"min-h-8 text-message flex w-full flex-col items-end gap-2 whitespace-normal break-words [.text-message+&amp;]:mt-5\" dir=\"auto\" data-message-author-role=\"assistant\" data-message-id=\"7a9ff358-7f54-4839-9e90-36d82b67faf1\">\n<div class=\"flex w-full flex-col gap-1 empty:hidden first:pt-[3px]\">\n<div class=\"markdown prose w-full break-words dark:prose-invert light\">\n<p>Bu, divara monte edil\u0259 bil\u0259n, m\u00fcasir v\u0259 yar\u0131m dair\u0259vi forma il\u0259 dizayn edilmi\u015f bir bidedir. A\u011f seramik materialdan haz\u0131rlanm\u0131\u015f bu bide, hamam ota\u011f\u0131nda minimalist v\u0259 z\u0259rif bir g\u00f6r\u00fcn\u00fc\u015f yarad\u0131r. Bide&#8217;nin divara monte olunmas\u0131 yer q\u0259na\u0259t edir v\u0259 t\u0259mizl\u0259m\u0259yi asanla\u015fd\u0131r\u0131r, eyni zamanda m\u00fcasir hamam otaqlar\u0131 \u00fc\u00e7\u00fcn estetik v\u0259 funksional bir \u0259lav\u0259dir. Bide, \u015f\u0259xsi gigiyena \u00fc\u00e7\u00fcn daha rahat v\u0259 sa\u011flam bir alternativ t\u0259klif edir.<\/p>\n<\/div>\n<\/div>\n<\/div>\n<\/div>\n<div class=\"mb-2 flex gap-3 empty:hidden -ml-2\">\n<div class=\"items-center justify-start rounded-xl p-1 flex\">\n<div class=\"flex items-center\">\n<p>&nbsp;<\/p>\n<div class=\"flex\"><\/div>\n<div class=\"flex items-center pb-0\"><\/div>\n<\/div>\n<\/div>\n<\/div>\n","protected":false},"excerpt":{"rendered":"<p>Bu, divara monte edil\u0259 bil\u0259n, m\u00fcasir v\u0259 yar\u0131m dair\u0259vi forma il\u0259 dizayn edilmi\u015f bir bidedir. A\u011f seramik materialdan haz\u0131rlanm\u0131\u015f bu bide, hamam ota\u011f\u0131nda minimalist v\u0259 z\u0259rif bir g\u00f6r\u00fcn\u00fc\u015f yarad\u0131r. Bide&#8217;nin divara monte olunmas\u0131 yer q\u0259na\u0259t edir v\u0259 t\u0259mizl\u0259m\u0259yi asanla\u015fd\u0131r\u0131r, eyni zamanda m\u00fcasir hamam otaqlar\u0131 \u00fc\u00e7\u00fcn estetik v\u0259 funksional bir \u0259lav\u0259dir. Bide, \u015f\u0259xsi gigiyena \u00fc\u00e7\u00fcn daha rahat v\u0259 sa\u011flam bir alternativ\u2026<\/p>","protected":false},"featured_media":19338,"comment_status":"closed","ping_status":"closed","template":"","meta":[],"product_brand":[],"product_cat":[409],"product_tag":[],"collection":[],"brand":[1454],"category_2":[],"catergory_brand":[],"class_list":{"0":"post-19337","1":"product","2":"type-product","3":"status-publish","4":"has-post-thumbnail","6":"product_cat-bidets","7":"brand-simas","9":"first","10":"instock","11":"shipping-taxable","12":"product-type-simple"},"_links":{"self":[{"href":"https:\/\/simfoniya.az\/en\/wp-json\/wp\/v2\/product\/19337","targetHints":{"allow":["GET"]}}],"collection":[{"href":"https:\/\/simfoniya.az\/en\/wp-json\/wp\/v2\/product"}],"about":[{"href":"https:\/\/simfoniya.az\/en\/wp-json\/wp\/v2\/types\/product"}],"replies":[{"embeddable":true,"href":"https:\/\/simfoniya.az\/en\/wp-json\/wp\/v2\/comments?post=19337"}],"wp:featuredmedia":[{"embeddable":true,"href":"https:\/\/simfoniya.az\/en\/wp-json\/wp\/v2\/media\/19338"}],"wp:attachment":[{"href":"https:\/\/simfoniya.az\/en\/wp-json\/wp\/v2\/media?parent=19337"}],"wp:term":[{"taxonomy":"product_brand","embeddable":true,"href":"https:\/\/simfoniya.az\/en\/wp-json\/wp\/v2\/product_brand?post=19337"},{"taxonomy":"product_cat","embeddable":true,"href":"https:\/\/simfoniya.az\/en\/wp-json\/wp\/v2\/product_cat?post=19337"},{"taxonomy":"product_tag","embeddable":true,"href":"https:\/\/simfoniya.az\/en\/wp-json\/wp\/v2\/product_tag?post=19337"},{"taxonomy":"collection","embeddable":true,"href":"https:\/\/simfoniya.az\/en\/wp-json\/wp\/v2\/collection?post=19337"},{"taxonomy":"brand","embeddable":true,"href":"https:\/\/simfoniya.az\/en\/wp-json\/wp\/v2\/brand?post=19337"},{"taxonomy":"category_2","embeddable":true,"href":"https:\/\/simfoniya.az\/en\/wp-json\/wp\/v2\/category_2?post=19337"},{"taxonomy":"catergory_brand","embeddable":true,"href":"https:\/\/simfoniya.az\/en\/wp-json\/wp\/v2\/catergory_brand?post=19337"}],"curies":[{"name":"wp","href":"https:\/\/api.w.org\/{rel}","templated":true}]}}