{"id":19349,"date":"2024-06-02T07:11:36","date_gmt":"2024-06-02T07:11:36","guid":{"rendered":"https:\/\/simfoniya.az\/product\/simas-degrade-asma-untaz\/"},"modified":"2024-10-03T07:08:45","modified_gmt":"2024-10-03T07:08:45","slug":"simas-degrade-asma-untaz","status":"publish","type":"product","link":"https:\/\/simfoniya.az\/en\/product\/simas-degrade-asma-untaz\/","title":{"rendered":"Simas Degrade \/ WC"},"content":{"rendered":"<div class=\"flex max-w-full flex-col flex-grow\">\n<div class=\"min-h-8 text-message flex w-full flex-col items-end gap-2 whitespace-normal break-words [.text-message+&amp;]:mt-5\" dir=\"auto\" data-message-author-role=\"assistant\" data-message-id=\"0d78a536-1c7d-4956-996e-410e60c112c2\">\n<div class=\"flex w-full flex-col gap-1 empty:hidden first:pt-[3px]\">\n<div class=\"markdown prose w-full break-words dark:prose-invert light\">\n<p>Bu, m\u00fcasir v\u0259 minimalist dizayna malik divara monte edil\u0259 bil\u0259n bir unitazd\u0131r. A\u011f seramik materialdan haz\u0131rlanm\u0131\u015f bu unitaz, d\u00fcz x\u0259tl\u0259ri il\u0259 diqq\u0259t \u00e7\u0259kir v\u0259 m\u00fcasir hamam otaqlar\u0131na m\u00fck\u0259mm\u0259l uy\u011funla\u015f\u0131r. Divara monte olunmas\u0131 say\u0259sind\u0259 yer q\u0259na\u0259ti t\u0259min edir v\u0259 t\u0259mizl\u0259m\u0259si daha asand\u0131r. Bu unitaz, h\u0259m funksional, h\u0259m d\u0259 estetik bax\u0131mdan cazib\u0259dar bir element olaraq xidm\u0259t edir, su q\u0259na\u0259ti t\u0259min ed\u0259n effektiv spl\u00fc\u015f sistemi il\u0259 t\u0259chiz edilmi\u015fdir.<\/p>\n<\/div>\n<\/div>\n<\/div>\n<\/div>\n<div class=\"mb-2 flex gap-3 empty:hidden -ml-2\">\n<div class=\"items-center justify-start rounded-xl p-1 flex\">\n<div class=\"flex items-center\"><button class=\"rounded-lg text-token-text-secondary hover:bg-token-main-surface-secondary\" aria-label=\"Read aloud\" data-testid=\"voice-play-turn-action-button\"><\/button><button class=\"rounded-lg text-token-text-secondary hover:bg-token-main-surface-secondary\" aria-label=\"\u041a\u043e\u043f\u0438\u0440\u043e\u0432\u0430\u0442\u044c\" data-testid=\"copy-turn-action-button\"><\/button><\/p>\n<div class=\"flex\"><\/div>\n<div class=\"flex items-center pb-0\"><\/div>\n<\/div>\n<\/div>\n<\/div>\n","protected":false},"excerpt":{"rendered":"<p>Bu, m\u00fcasir v\u0259 minimalist dizayna malik divara monte edil\u0259 bil\u0259n bir unitazd\u0131r. A\u011f seramik materialdan haz\u0131rlanm\u0131\u015f bu unitaz, d\u00fcz x\u0259tl\u0259ri il\u0259 diqq\u0259t \u00e7\u0259kir v\u0259 m\u00fcasir hamam otaqlar\u0131na m\u00fck\u0259mm\u0259l uy\u011funla\u015f\u0131r. Divara monte olunmas\u0131 say\u0259sind\u0259 yer q\u0259na\u0259ti t\u0259min edir v\u0259 t\u0259mizl\u0259m\u0259si daha asand\u0131r. Bu unitaz, h\u0259m funksional, h\u0259m d\u0259 estetik bax\u0131mdan cazib\u0259dar bir element olaraq xidm\u0259t edir, su q\u0259na\u0259ti t\u0259min ed\u0259n effektiv\u2026<\/p>","protected":false},"featured_media":19348,"comment_status":"closed","ping_status":"closed","template":"","meta":[],"product_brand":[],"product_cat":[408],"product_tag":[],"collection":[],"brand":[1454],"category_2":[],"catergory_brand":[],"class_list":{"0":"post-19349","1":"product","2":"type-product","3":"status-publish","4":"has-post-thumbnail","6":"product_cat-toilets","7":"brand-simas","9":"first","10":"instock","11":"shipping-taxable","12":"product-type-simple"},"_links":{"self":[{"href":"https:\/\/simfoniya.az\/en\/wp-json\/wp\/v2\/product\/19349","targetHints":{"allow":["GET"]}}],"collection":[{"href":"https:\/\/simfoniya.az\/en\/wp-json\/wp\/v2\/product"}],"about":[{"href":"https:\/\/simfoniya.az\/en\/wp-json\/wp\/v2\/types\/product"}],"replies":[{"embeddable":true,"href":"https:\/\/simfoniya.az\/en\/wp-json\/wp\/v2\/comments?post=19349"}],"wp:featuredmedia":[{"embeddable":true,"href":"https:\/\/simfoniya.az\/en\/wp-json\/wp\/v2\/media\/19348"}],"wp:attachment":[{"href":"https:\/\/simfoniya.az\/en\/wp-json\/wp\/v2\/media?parent=19349"}],"wp:term":[{"taxonomy":"product_brand","embeddable":true,"href":"https:\/\/simfoniya.az\/en\/wp-json\/wp\/v2\/product_brand?post=19349"},{"taxonomy":"product_cat","embeddable":true,"href":"https:\/\/simfoniya.az\/en\/wp-json\/wp\/v2\/product_cat?post=19349"},{"taxonomy":"product_tag","embeddable":true,"href":"https:\/\/simfoniya.az\/en\/wp-json\/wp\/v2\/product_tag?post=19349"},{"taxonomy":"collection","embeddable":true,"href":"https:\/\/simfoniya.az\/en\/wp-json\/wp\/v2\/collection?post=19349"},{"taxonomy":"brand","embeddable":true,"href":"https:\/\/simfoniya.az\/en\/wp-json\/wp\/v2\/brand?post=19349"},{"taxonomy":"category_2","embeddable":true,"href":"https:\/\/simfoniya.az\/en\/wp-json\/wp\/v2\/category_2?post=19349"},{"taxonomy":"catergory_brand","embeddable":true,"href":"https:\/\/simfoniya.az\/en\/wp-json\/wp\/v2\/catergory_brand?post=19349"}],"curies":[{"name":"wp","href":"https:\/\/api.w.org\/{rel}","templated":true}]}}