{"id":19375,"date":"2024-06-02T07:12:49","date_gmt":"2024-06-02T07:12:49","guid":{"rendered":"https:\/\/simfoniya.az\/product\/simas-flow-unitaz-yerden\/"},"modified":"2024-10-03T06:58:30","modified_gmt":"2024-10-03T06:58:30","slug":"simas-flow-unitaz-yerden","status":"publish","type":"product","link":"https:\/\/simfoniya.az\/en\/product\/simas-flow-unitaz-yerden\/","title":{"rendered":"Simas Flow \/ WC"},"content":{"rendered":"<div class=\"flex max-w-full flex-col flex-grow\">\n<div class=\"min-h-8 text-message flex w-full flex-col items-end gap-2 whitespace-normal break-words [.text-message+&amp;]:mt-5\" dir=\"auto\" data-message-author-role=\"assistant\" data-message-id=\"b4725209-33aa-4469-a2cf-e0af0c099916\">\n<div class=\"flex w-full flex-col gap-1 empty:hidden first:pt-[3px]\">\n<div class=\"markdown prose w-full break-words dark:prose-invert light\">\n<p>Bu, m\u00fcasir v\u0259 minimalist dizayna malik bir unitazd\u0131r. Kvadrat forma v\u0259 d\u00fcz x\u0259tl\u0259r il\u0259 t\u0259svir olunan bu unitaz, a\u011f seramikd\u0259n haz\u0131rlanm\u0131\u015fd\u0131r v\u0259 m\u00fcasir hamam otaqlar\u0131 \u00fc\u00e7\u00fcn m\u00fck\u0259mm\u0259l bir se\u00e7imdir. Unitaz\u0131n kompakt dizayn\u0131 m\u0259kan q\u0259na\u0259ti t\u0259min ed\u0259r\u0259k, ki\u00e7ik v\u0259 ya m\u0259hdud \u00f6l\u00e7\u00fcl\u00fc hamam otaqlar\u0131nda da asan yerl\u0259\u015fdiril\u0259 bil\u0259r. Bu tip unitazlar, rahat t\u0259mizl\u0259nm\u0259 imkan\u0131 v\u0259 estetik cazib\u0259darl\u0131\u011f\u0131 il\u0259 tan\u0131n\u0131r.<\/p>\n<\/div>\n<\/div>\n<\/div>\n<\/div>\n<div class=\"mb-2 flex gap-3 empty:hidden -ml-2\">\n<div class=\"items-center justify-start rounded-xl p-1 flex\">\n<div class=\"flex items-center\">\n<p>&nbsp;<\/p>\n<div class=\"flex\"><\/div>\n<div class=\"flex items-center pb-0\"><\/div>\n<\/div>\n<\/div>\n<\/div>\n","protected":false},"excerpt":{"rendered":"<p>This is a toilet with a modern and minimalist design. Featuring a square shape and straight lines, this toilet is made of white ceramic and is a perfect choice for modern bathrooms. The compact design of the toilet saves space and can be easily placed in small or limited bathrooms. Toilets of this type are known for their easy cleaning and aesthetic appeal. &nbsp;<\/p>","protected":false},"featured_media":19374,"comment_status":"closed","ping_status":"closed","template":"","meta":[],"product_brand":[],"product_cat":[408],"product_tag":[],"collection":[],"brand":[1454],"category_2":[],"catergory_brand":[],"class_list":{"0":"post-19375","1":"product","2":"type-product","3":"status-publish","4":"has-post-thumbnail","6":"product_cat-toilets","7":"brand-simas","9":"first","10":"instock","11":"shipping-taxable","12":"product-type-simple"},"_links":{"self":[{"href":"https:\/\/simfoniya.az\/en\/wp-json\/wp\/v2\/product\/19375","targetHints":{"allow":["GET"]}}],"collection":[{"href":"https:\/\/simfoniya.az\/en\/wp-json\/wp\/v2\/product"}],"about":[{"href":"https:\/\/simfoniya.az\/en\/wp-json\/wp\/v2\/types\/product"}],"replies":[{"embeddable":true,"href":"https:\/\/simfoniya.az\/en\/wp-json\/wp\/v2\/comments?post=19375"}],"wp:featuredmedia":[{"embeddable":true,"href":"https:\/\/simfoniya.az\/en\/wp-json\/wp\/v2\/media\/19374"}],"wp:attachment":[{"href":"https:\/\/simfoniya.az\/en\/wp-json\/wp\/v2\/media?parent=19375"}],"wp:term":[{"taxonomy":"product_brand","embeddable":true,"href":"https:\/\/simfoniya.az\/en\/wp-json\/wp\/v2\/product_brand?post=19375"},{"taxonomy":"product_cat","embeddable":true,"href":"https:\/\/simfoniya.az\/en\/wp-json\/wp\/v2\/product_cat?post=19375"},{"taxonomy":"product_tag","embeddable":true,"href":"https:\/\/simfoniya.az\/en\/wp-json\/wp\/v2\/product_tag?post=19375"},{"taxonomy":"collection","embeddable":true,"href":"https:\/\/simfoniya.az\/en\/wp-json\/wp\/v2\/collection?post=19375"},{"taxonomy":"brand","embeddable":true,"href":"https:\/\/simfoniya.az\/en\/wp-json\/wp\/v2\/brand?post=19375"},{"taxonomy":"category_2","embeddable":true,"href":"https:\/\/simfoniya.az\/en\/wp-json\/wp\/v2\/category_2?post=19375"},{"taxonomy":"catergory_brand","embeddable":true,"href":"https:\/\/simfoniya.az\/en\/wp-json\/wp\/v2\/catergory_brand?post=19375"}],"curies":[{"name":"wp","href":"https:\/\/api.w.org\/{rel}","templated":true}]}}