{"id":19379,"date":"2024-06-02T07:12:51","date_gmt":"2024-06-02T07:12:51","guid":{"rendered":"https:\/\/simfoniya.az\/product\/simas-frozen-asma-bide\/"},"modified":"2024-10-03T06:50:32","modified_gmt":"2024-10-03T06:50:32","slug":"simas-frozen-asma-bide","status":"publish","type":"product","link":"https:\/\/simfoniya.az\/en\/product\/simas-frozen-asma-bide\/","title":{"rendered":"Simas Frozen \/ Hanging bidet"},"content":{"rendered":"<div class=\"flex max-w-full flex-col flex-grow\">\n<div class=\"min-h-8 text-message flex w-full flex-col items-end gap-2 whitespace-normal break-words [.text-message+&amp;]:mt-5\" dir=\"auto\" data-message-author-role=\"assistant\" data-message-id=\"57382ecb-ab45-4f57-ac3e-8db167bff4f5\">\n<div class=\"flex w-full flex-col gap-1 empty:hidden first:pt-[3px]\">\n<div class=\"markdown prose w-full break-words dark:prose-invert light\">\n<p>Bu, m\u00fcasir v\u0259 minimalist dizayna malik seramik bide t\u0259svir edir. Kvadrat v\u0259 t\u0259miz x\u0259tl\u0259r\u0259 malik bu bide, m\u00fcasir hamam otaqlar\u0131na estetik v\u0259 funksional bir \u0259lav\u0259 edir. A\u011f rengi h\u0259m sad\u0259, h\u0259m d\u0259 z\u0259rif bir g\u00f6r\u00fcn\u00fc\u015f t\u0259qdim edir, ki bu da onu m\u00fcxt\u0259lif dekorlarla uy\u011funla\u015fd\u0131rma\u011fa imkan verir. Bu bide, rahat t\u0259mizl\u0259nm\u0259 imkan\u0131 il\u0259 b\u0259rab\u0259r, sanitariya ihtiyaclar\u0131 \u00fc\u00e7\u00fcn ideal bir se\u00e7imdir.<\/p>\n<\/div>\n<\/div>\n<\/div>\n<\/div>\n<div class=\"mb-2 flex gap-3 empty:hidden -ml-2\">\n<div class=\"items-center justify-start rounded-xl p-1 flex\">\n<div class=\"flex items-center\"><button class=\"rounded-lg text-token-text-secondary hover:bg-token-main-surface-secondary\" aria-label=\"Read aloud\" data-testid=\"voice-play-turn-action-button\"><\/button><button class=\"rounded-lg text-token-text-secondary hover:bg-token-main-surface-secondary\" aria-label=\"\u041a\u043e\u043f\u0438\u0440\u043e\u0432\u0430\u0442\u044c\" data-testid=\"copy-turn-action-button\"><\/button><\/p>\n<div class=\"flex\"><\/div>\n<div class=\"flex items-center pb-0\"><\/div>\n<\/div>\n<\/div>\n<\/div>\n","protected":false},"excerpt":{"rendered":"<p><a target=\"_blank\" rel=\"noopener\">Technical data sheet<\/a><\/p>","protected":false},"featured_media":21902,"comment_status":"closed","ping_status":"closed","template":"","meta":[],"product_brand":[],"product_cat":[409],"product_tag":[],"collection":[],"brand":[1454],"category_2":[],"catergory_brand":[],"class_list":{"0":"post-19379","1":"product","2":"type-product","3":"status-publish","4":"has-post-thumbnail","6":"product_cat-bidets","7":"brand-simas","9":"first","10":"instock","11":"shipping-taxable","12":"product-type-simple"},"_links":{"self":[{"href":"https:\/\/simfoniya.az\/en\/wp-json\/wp\/v2\/product\/19379","targetHints":{"allow":["GET"]}}],"collection":[{"href":"https:\/\/simfoniya.az\/en\/wp-json\/wp\/v2\/product"}],"about":[{"href":"https:\/\/simfoniya.az\/en\/wp-json\/wp\/v2\/types\/product"}],"replies":[{"embeddable":true,"href":"https:\/\/simfoniya.az\/en\/wp-json\/wp\/v2\/comments?post=19379"}],"wp:featuredmedia":[{"embeddable":true,"href":"https:\/\/simfoniya.az\/en\/wp-json\/wp\/v2\/media\/21902"}],"wp:attachment":[{"href":"https:\/\/simfoniya.az\/en\/wp-json\/wp\/v2\/media?parent=19379"}],"wp:term":[{"taxonomy":"product_brand","embeddable":true,"href":"https:\/\/simfoniya.az\/en\/wp-json\/wp\/v2\/product_brand?post=19379"},{"taxonomy":"product_cat","embeddable":true,"href":"https:\/\/simfoniya.az\/en\/wp-json\/wp\/v2\/product_cat?post=19379"},{"taxonomy":"product_tag","embeddable":true,"href":"https:\/\/simfoniya.az\/en\/wp-json\/wp\/v2\/product_tag?post=19379"},{"taxonomy":"collection","embeddable":true,"href":"https:\/\/simfoniya.az\/en\/wp-json\/wp\/v2\/collection?post=19379"},{"taxonomy":"brand","embeddable":true,"href":"https:\/\/simfoniya.az\/en\/wp-json\/wp\/v2\/brand?post=19379"},{"taxonomy":"category_2","embeddable":true,"href":"https:\/\/simfoniya.az\/en\/wp-json\/wp\/v2\/category_2?post=19379"},{"taxonomy":"catergory_brand","embeddable":true,"href":"https:\/\/simfoniya.az\/en\/wp-json\/wp\/v2\/catergory_brand?post=19379"}],"curies":[{"name":"wp","href":"https:\/\/api.w.org\/{rel}","templated":true}]}}