{"id":19405,"date":"2024-06-02T07:13:45","date_gmt":"2024-06-02T07:13:45","guid":{"rendered":"https:\/\/simfoniya.az\/product\/simas-mexanzmli-baok-qizili-borulu\/"},"modified":"2024-10-02T19:37:36","modified_gmt":"2024-10-02T19:37:36","slug":"simas-arcade-mexanizmli-unitaz-bacoku-xrom-boru","status":"publish","type":"product","link":"https:\/\/simfoniya.az\/en\/product\/simas-arcade-mexanizmli-unitaz-bacoku-xrom-boru\/","title":{"rendered":"Simas Arcade \/ Monoblock mechanism"},"content":{"rendered":"<div class=\"flex max-w-full flex-col flex-grow\">\n<div class=\"min-h-8 text-message flex w-full flex-col items-end gap-2 whitespace-normal break-words [.text-message+&amp;]:mt-5\" dir=\"auto\" data-message-author-role=\"assistant\" data-message-id=\"9d6e58cf-46c8-4722-a609-dad75fd8a802\">\n<div class=\"flex w-full flex-col gap-1 empty:hidden first:pt-[3px]\">\n<div class=\"markdown prose w-full break-words dark:prose-invert light\">\n<p>D\u0259st, plastik v\u0259 mis elementl\u0259rind\u0259n ibar\u0259tdir, o c\u00fcml\u0259d\u0259n valflar, borular, ba\u011flant\u0131 v\u0259 s\u0131zd\u0131rmazl\u0131q \u00fc\u00e7\u00fcn rezin halqalar. Bu komponentl\u0259r, tualet, lavabo v\u0259 dig\u0259r sanitariya qur\u011fular\u0131n\u0131n qura\u015fd\u0131r\u0131lmas\u0131 v\u0259 t\u0259miri i\u015fl\u0259rind\u0259 istifad\u0259 olunur. Bu elementl\u0259r su ax\u0131n\u0131n\u0131n idar\u0259 edilm\u0259si v\u0259 su s\u0131z\u0131nt\u0131lar\u0131n\u0131n qar\u015f\u0131s\u0131n\u0131n al\u0131nmas\u0131 \u00fc\u00e7\u00fcn vacibdir.<\/p>\n<\/div>\n<\/div>\n<\/div>\n<\/div>\n<div class=\"mb-2 flex gap-3 empty:hidden -ml-2\">\n<div class=\"items-center justify-start rounded-xl p-1 flex\">\n<div class=\"flex items-center\"><button class=\"rounded-lg text-token-text-secondary hover:bg-token-main-surface-secondary\" aria-label=\"Read aloud\" data-testid=\"voice-play-turn-action-button\"><\/button><button class=\"rounded-lg text-token-text-secondary hover:bg-token-main-surface-secondary\" aria-label=\"\u041a\u043e\u043f\u0438\u0440\u043e\u0432\u0430\u0442\u044c\" data-testid=\"copy-turn-action-button\"><\/button><\/p>\n<div class=\"flex\"><\/div>\n<div class=\"flex items-center pb-0\"><span class=\"overflow-hidden text-clip whitespace-nowrap text-sm\">4o<\/span><\/div>\n<\/div>\n<\/div>\n<\/div>\n","protected":false},"excerpt":{"rendered":"<p>D\u0259st, plastik v\u0259 mis elementl\u0259rind\u0259n ibar\u0259tdir, o c\u00fcml\u0259d\u0259n valflar, borular, ba\u011flant\u0131 v\u0259 s\u0131zd\u0131rmazl\u0131q \u00fc\u00e7\u00fcn rezin halqalar. Bu komponentl\u0259r, tualet, lavabo v\u0259 dig\u0259r sanitariya qur\u011fular\u0131n\u0131n qura\u015fd\u0131r\u0131lmas\u0131 v\u0259 t\u0259miri i\u015fl\u0259rind\u0259 istifad\u0259 olunur. Bu elementl\u0259r su ax\u0131n\u0131n\u0131n idar\u0259 edilm\u0259si v\u0259 su s\u0131z\u0131nt\u0131lar\u0131n\u0131n qar\u015f\u0131s\u0131n\u0131n al\u0131nmas\u0131 \u00fc\u00e7\u00fcn vacibdir. 4o<\/p>","protected":false},"featured_media":22107,"comment_status":"closed","ping_status":"closed","template":"","meta":[],"product_brand":[],"product_cat":[1453],"product_tag":[],"collection":[],"brand":[1454],"category_2":[],"catergory_brand":[],"class_list":{"0":"post-19405","1":"product","2":"type-product","3":"status-publish","4":"has-post-thumbnail","6":"product_cat-fixing-kits","7":"brand-simas","9":"first","10":"instock","11":"shipping-taxable","12":"product-type-simple"},"_links":{"self":[{"href":"https:\/\/simfoniya.az\/en\/wp-json\/wp\/v2\/product\/19405","targetHints":{"allow":["GET"]}}],"collection":[{"href":"https:\/\/simfoniya.az\/en\/wp-json\/wp\/v2\/product"}],"about":[{"href":"https:\/\/simfoniya.az\/en\/wp-json\/wp\/v2\/types\/product"}],"replies":[{"embeddable":true,"href":"https:\/\/simfoniya.az\/en\/wp-json\/wp\/v2\/comments?post=19405"}],"wp:featuredmedia":[{"embeddable":true,"href":"https:\/\/simfoniya.az\/en\/wp-json\/wp\/v2\/media\/22107"}],"wp:attachment":[{"href":"https:\/\/simfoniya.az\/en\/wp-json\/wp\/v2\/media?parent=19405"}],"wp:term":[{"taxonomy":"product_brand","embeddable":true,"href":"https:\/\/simfoniya.az\/en\/wp-json\/wp\/v2\/product_brand?post=19405"},{"taxonomy":"product_cat","embeddable":true,"href":"https:\/\/simfoniya.az\/en\/wp-json\/wp\/v2\/product_cat?post=19405"},{"taxonomy":"product_tag","embeddable":true,"href":"https:\/\/simfoniya.az\/en\/wp-json\/wp\/v2\/product_tag?post=19405"},{"taxonomy":"collection","embeddable":true,"href":"https:\/\/simfoniya.az\/en\/wp-json\/wp\/v2\/collection?post=19405"},{"taxonomy":"brand","embeddable":true,"href":"https:\/\/simfoniya.az\/en\/wp-json\/wp\/v2\/brand?post=19405"},{"taxonomy":"category_2","embeddable":true,"href":"https:\/\/simfoniya.az\/en\/wp-json\/wp\/v2\/category_2?post=19405"},{"taxonomy":"catergory_brand","embeddable":true,"href":"https:\/\/simfoniya.az\/en\/wp-json\/wp\/v2\/catergory_brand?post=19405"}],"curies":[{"name":"wp","href":"https:\/\/api.w.org\/{rel}","templated":true}]}}