{"id":19429,"date":"2024-06-02T07:14:48","date_gmt":"2024-06-02T07:14:48","guid":{"rendered":"https:\/\/simfoniya.az\/product\/sub-hamam-5-li-aksess-nabor\/"},"modified":"2024-10-02T19:03:17","modified_gmt":"2024-10-02T19:03:17","slug":"sub-hamam-5-li-aksess-nabor","status":"publish","type":"product","link":"https:\/\/simfoniya.az\/en\/product\/sub-hamam-5-li-aksess-nabor\/","title":{"rendered":"Waterbi \/ 5-piece Accessory"},"content":{"rendered":"<div class=\"flex max-w-full flex-col flex-grow\">\n<div class=\"min-h-8 text-message flex w-full flex-col items-end gap-2 whitespace-normal break-words [.text-message+&amp;]:mt-5\" dir=\"auto\" data-message-author-role=\"assistant\" data-message-id=\"16f530ec-4d39-49e4-a7c0-31cdddd5935e\">\n<div class=\"flex w-full flex-col gap-1 empty:hidden first:pt-[3px]\">\n<div class=\"markdown prose w-full break-words dark:prose-invert light\">\n<p>Bu, seramikd\u0259n haz\u0131rlanm\u0131\u015f, x\u00fcsusi dizaynl\u0131 hamam ota\u011f\u0131 aksesuarlar d\u0259stidir. D\u0259st\u0259 sabunluq, sabun mayesi dispenser, iki \u0259d\u0259d st\u0259kan v\u0259 di\u015f f\u0131r\u00e7as\u0131 saxlay\u0131c\u0131 daxildir. H\u0259r bir par\u00e7a inc\u0259 \u00e7i\u00e7\u0259k nax\u0131\u015flar\u0131 il\u0259 b\u0259z\u0259dilmi\u015f v\u0259 metal detall\u0131 bazalarla z\u0259nginl\u0259\u015fdirilmi\u015fdir, bu da onlara klassik v\u0259 z\u0259rif bir g\u00f6r\u00fcn\u00fc\u015f verir. Bu aksesuarlar, h\u0259r hans\u0131 bir hamam ota\u011f\u0131n\u0131 daha cazib\u0259dar v\u0259 d\u0259bli etm\u0259k \u00fc\u00e7\u00fcn m\u00fck\u0259mm\u0259ldir.<\/p>\n<\/div>\n<\/div>\n<\/div>\n<\/div>\n<div class=\"mb-2 flex gap-3 empty:hidden -ml-2\">\n<div class=\"items-center justify-start rounded-xl p-1 flex\">\n<div class=\"flex items-center\"><button class=\"rounded-lg text-token-text-secondary hover:bg-token-main-surface-secondary\" aria-label=\"Read aloud\" data-testid=\"voice-play-turn-action-button\"><\/button><button class=\"rounded-lg text-token-text-secondary hover:bg-token-main-surface-secondary\" aria-label=\"\u041a\u043e\u043f\u0438\u0440\u043e\u0432\u0430\u0442\u044c\" data-testid=\"copy-turn-action-button\"><\/button><\/p>\n<div class=\"flex\"><\/div>\n<div class=\"flex items-center pb-0\"><\/div>\n<\/div>\n<\/div>\n<\/div>\n","protected":false},"excerpt":{"rendered":"<p>This is a custom designed ceramic bathroom accessories set. The set includes a soap dish, a soap dispenser, two glasses and a toothbrush holder. Each piece is embellished with delicate floral patterns and enriched with metallic detailed bases, giving them a classic and elegant look. These accessories are perfect to make any bathroom more charming and stylish.<\/p>","protected":false},"featured_media":19428,"comment_status":"closed","ping_status":"closed","template":"","meta":[],"product_brand":[],"product_cat":[76],"product_tag":[],"collection":[],"brand":[],"category_2":[],"catergory_brand":[],"class_list":{"0":"post-19429","1":"product","2":"type-product","3":"status-publish","4":"has-post-thumbnail","6":"product_cat-all","8":"first","9":"instock","10":"shipping-taxable","11":"product-type-simple"},"_links":{"self":[{"href":"https:\/\/simfoniya.az\/en\/wp-json\/wp\/v2\/product\/19429","targetHints":{"allow":["GET"]}}],"collection":[{"href":"https:\/\/simfoniya.az\/en\/wp-json\/wp\/v2\/product"}],"about":[{"href":"https:\/\/simfoniya.az\/en\/wp-json\/wp\/v2\/types\/product"}],"replies":[{"embeddable":true,"href":"https:\/\/simfoniya.az\/en\/wp-json\/wp\/v2\/comments?post=19429"}],"wp:featuredmedia":[{"embeddable":true,"href":"https:\/\/simfoniya.az\/en\/wp-json\/wp\/v2\/media\/19428"}],"wp:attachment":[{"href":"https:\/\/simfoniya.az\/en\/wp-json\/wp\/v2\/media?parent=19429"}],"wp:term":[{"taxonomy":"product_brand","embeddable":true,"href":"https:\/\/simfoniya.az\/en\/wp-json\/wp\/v2\/product_brand?post=19429"},{"taxonomy":"product_cat","embeddable":true,"href":"https:\/\/simfoniya.az\/en\/wp-json\/wp\/v2\/product_cat?post=19429"},{"taxonomy":"product_tag","embeddable":true,"href":"https:\/\/simfoniya.az\/en\/wp-json\/wp\/v2\/product_tag?post=19429"},{"taxonomy":"collection","embeddable":true,"href":"https:\/\/simfoniya.az\/en\/wp-json\/wp\/v2\/collection?post=19429"},{"taxonomy":"brand","embeddable":true,"href":"https:\/\/simfoniya.az\/en\/wp-json\/wp\/v2\/brand?post=19429"},{"taxonomy":"category_2","embeddable":true,"href":"https:\/\/simfoniya.az\/en\/wp-json\/wp\/v2\/category_2?post=19429"},{"taxonomy":"catergory_brand","embeddable":true,"href":"https:\/\/simfoniya.az\/en\/wp-json\/wp\/v2\/catergory_brand?post=19429"}],"curies":[{"name":"wp","href":"https:\/\/api.w.org\/{rel}","templated":true}]}}