{"id":19449,"date":"2024-06-02T07:15:10","date_gmt":"2024-06-02T07:15:10","guid":{"rendered":"https:\/\/simfoniya.az\/product\/taihe-jacuzzi-1820x980x800\/"},"modified":"2024-10-02T18:53:59","modified_gmt":"2024-10-02T18:53:59","slug":"taihe-jacuzzi-1820x980x800","status":"publish","type":"product","link":"https:\/\/simfoniya.az\/en\/product\/taihe-jacuzzi-1820x980x800\/","title":{"rendered":"Taihe \/ Jacuzzi"},"content":{"rendered":"<div class=\"flex max-w-full flex-col flex-grow\">\n<div class=\"min-h-8 text-message flex w-full flex-col items-end gap-2 whitespace-normal break-words [.text-message+&amp;]:mt-5\" dir=\"auto\" data-message-author-role=\"assistant\" data-message-id=\"0fea94e3-6d59-4f6a-9f30-a0589a543246\">\n<div class=\"flex w-full flex-col gap-1 empty:hidden first:pt-[3px]\">\n<div class=\"markdown prose w-full break-words dark:prose-invert light\">\n<p>Bu, geni\u015f ve ergonomik tasar\u0131ml\u0131 bir jakuzidir. Jakuzi, yerle\u015fik su jetleri ve konforlu oturma alanlar\u0131 ile donat\u0131lm\u0131\u015f olup, rahat bir su masaj\u0131 deneyimi sunar. Gri renkteki bu modern tasar\u0131m, her t\u00fcrl\u00fc banyo dekoruna kolayca uyum sa\u011flar ve \u015f\u0131k bir g\u00f6r\u00fcn\u00fcm sunar, ayr\u0131ca geni\u015f yap\u0131s\u0131 sayesinde birden fazla ki\u015finin rahat\u00e7a kullan\u0131m\u0131na imkan tan\u0131r.<\/p>\n<\/div>\n<\/div>\n<\/div>\n<\/div>\n<div class=\"mb-2 flex gap-3 empty:hidden -ml-2\">\n<div class=\"items-center justify-start rounded-xl p-1 flex\">\n<div class=\"flex items-center\"><button class=\"rounded-lg text-token-text-secondary hover:bg-token-main-surface-secondary\" aria-label=\"Read aloud\" data-testid=\"voice-play-turn-action-button\"><\/button><button class=\"rounded-lg text-token-text-secondary hover:bg-token-main-surface-secondary\" aria-label=\"\u041a\u043e\u043f\u0438\u0440\u043e\u0432\u0430\u0442\u044c\" data-testid=\"copy-turn-action-button\"><\/button><\/p>\n<div class=\"flex\"><\/div>\n<div class=\"flex items-center pb-0\"><\/div>\n<\/div>\n<\/div>\n<\/div>\n","protected":false},"excerpt":{"rendered":"<p>This is a spacious and ergonomically designed jacuzzi. The Jacuzzi is equipped with built-in water jets and comfortable seating areas, offering a comfortable water massage experience. This modern design in gray color easily adapts to any bathroom decor and offers a stylish look, and thanks to its wide structure, it allows more than one man to use it comfortably.<\/p>","protected":false},"featured_media":23173,"comment_status":"closed","ping_status":"closed","template":"","meta":[],"product_brand":[],"product_cat":[1487],"product_tag":[],"collection":[],"brand":[1501],"category_2":[],"catergory_brand":[],"class_list":{"0":"post-19449","1":"product","2":"type-product","3":"status-publish","4":"has-post-thumbnail","6":"product_cat-bathtubs","7":"brand-taihe","9":"first","10":"instock","11":"shipping-taxable","12":"product-type-simple"},"_links":{"self":[{"href":"https:\/\/simfoniya.az\/en\/wp-json\/wp\/v2\/product\/19449","targetHints":{"allow":["GET"]}}],"collection":[{"href":"https:\/\/simfoniya.az\/en\/wp-json\/wp\/v2\/product"}],"about":[{"href":"https:\/\/simfoniya.az\/en\/wp-json\/wp\/v2\/types\/product"}],"replies":[{"embeddable":true,"href":"https:\/\/simfoniya.az\/en\/wp-json\/wp\/v2\/comments?post=19449"}],"wp:featuredmedia":[{"embeddable":true,"href":"https:\/\/simfoniya.az\/en\/wp-json\/wp\/v2\/media\/23173"}],"wp:attachment":[{"href":"https:\/\/simfoniya.az\/en\/wp-json\/wp\/v2\/media?parent=19449"}],"wp:term":[{"taxonomy":"product_brand","embeddable":true,"href":"https:\/\/simfoniya.az\/en\/wp-json\/wp\/v2\/product_brand?post=19449"},{"taxonomy":"product_cat","embeddable":true,"href":"https:\/\/simfoniya.az\/en\/wp-json\/wp\/v2\/product_cat?post=19449"},{"taxonomy":"product_tag","embeddable":true,"href":"https:\/\/simfoniya.az\/en\/wp-json\/wp\/v2\/product_tag?post=19449"},{"taxonomy":"collection","embeddable":true,"href":"https:\/\/simfoniya.az\/en\/wp-json\/wp\/v2\/collection?post=19449"},{"taxonomy":"brand","embeddable":true,"href":"https:\/\/simfoniya.az\/en\/wp-json\/wp\/v2\/brand?post=19449"},{"taxonomy":"category_2","embeddable":true,"href":"https:\/\/simfoniya.az\/en\/wp-json\/wp\/v2\/category_2?post=19449"},{"taxonomy":"catergory_brand","embeddable":true,"href":"https:\/\/simfoniya.az\/en\/wp-json\/wp\/v2\/catergory_brand?post=19449"}],"curies":[{"name":"wp","href":"https:\/\/api.w.org\/{rel}","templated":true}]}}