{"id":19454,"date":"2024-06-02T07:15:13","date_gmt":"2024-06-02T07:15:13","guid":{"rendered":"https:\/\/simfoniya.az\/product\/taihe-jacuzzi-blue-1150x750x520\/"},"modified":"2024-10-02T18:49:48","modified_gmt":"2024-10-02T18:49:48","slug":"taihe-jacuzzi-blue-1150x750x520","status":"publish","type":"product","link":"https:\/\/simfoniya.az\/en\/product\/taihe-jacuzzi-blue-1150x750x520\/","title":{"rendered":"Taihe \/ Jacuzzi \/ For children"},"content":{"rendered":"<div class=\"flex max-w-full flex-col flex-grow\">\n<div class=\"min-h-8 text-message flex w-full flex-col items-end gap-2 whitespace-normal break-words [.text-message+&amp;]:mt-5\" dir=\"auto\" data-message-author-role=\"assistant\" data-message-id=\"c90710a3-e41a-4d9f-a414-51190f485c10\">\n<div class=\"flex w-full flex-col gap-1 empty:hidden first:pt-[3px]\">\n<div class=\"markdown prose w-full break-words dark:prose-invert light\">\n<p>Bu, m\u00fcasir v\u0259 i\u015flevli bir jakuzidir. Bu jakuzi, su masaj\u0131 funksiyas\u0131 il\u0259 t\u0259chiz edilmi\u015fdir ki, bu da istirah\u0259t v\u0259 rahatlama \u00fc\u00e7\u00fcn \u0259la bir imkan yarad\u0131r. G\u00f6y r\u0259ngi v\u0259 oval dizayn\u0131 il\u0259 d\u0259korativ g\u00f6r\u00fcn\u00fc\u015f\u0259 malikdir, hamam ota\u011f\u0131n\u0131za z\u0259rif v\u0259 s\u0259rin bir toxunu\u015f \u0259lav\u0259 edir. Jakuzi, h\u0259m rahatl\u0131q h\u0259m d\u0259 sa\u011flaml\u0131q \u00fc\u00e7\u00fcn m\u00fck\u0259mm\u0259l bir se\u00e7imdir.<\/p>\n<\/div>\n<\/div>\n<\/div>\n<\/div>\n<div class=\"mb-2 flex gap-3 empty:hidden -ml-2\">\n<div class=\"items-center justify-start rounded-xl p-1 flex\">\n<div class=\"flex items-center\"><button class=\"rounded-lg text-token-text-secondary hover:bg-token-main-surface-secondary\" aria-label=\"Read aloud\" data-testid=\"voice-play-turn-action-button\"><\/button><button class=\"rounded-lg text-token-text-secondary hover:bg-token-main-surface-secondary\" aria-label=\"\u041a\u043e\u043f\u0438\u0440\u043e\u0432\u0430\u0442\u044c\" data-testid=\"copy-turn-action-button\"><\/button><\/p>\n<div class=\"flex\"><\/div>\n<div class=\"flex items-center pb-0\"><\/div>\n<\/div>\n<\/div>\n<\/div>\n","protected":false},"excerpt":{"rendered":"<p>This is a modern and functional jacuzzi. This jacuzzi is equipped with a water massage function, which creates an excellent opportunity for rest and relaxation. It has a decorative look with its blue color and oval design, adding an elegant and cool touch to your bathroom. A Jacuzzi is the perfect choice for both comfort and health.<\/p>","protected":false},"featured_media":23177,"comment_status":"closed","ping_status":"closed","template":"","meta":[],"product_brand":[],"product_cat":[1487],"product_tag":[],"collection":[],"brand":[1501],"category_2":[],"catergory_brand":[],"class_list":{"0":"post-19454","1":"product","2":"type-product","3":"status-publish","4":"has-post-thumbnail","6":"product_cat-bathtubs","7":"brand-taihe","9":"first","10":"instock","11":"shipping-taxable","12":"product-type-simple"},"_links":{"self":[{"href":"https:\/\/simfoniya.az\/en\/wp-json\/wp\/v2\/product\/19454","targetHints":{"allow":["GET"]}}],"collection":[{"href":"https:\/\/simfoniya.az\/en\/wp-json\/wp\/v2\/product"}],"about":[{"href":"https:\/\/simfoniya.az\/en\/wp-json\/wp\/v2\/types\/product"}],"replies":[{"embeddable":true,"href":"https:\/\/simfoniya.az\/en\/wp-json\/wp\/v2\/comments?post=19454"}],"wp:featuredmedia":[{"embeddable":true,"href":"https:\/\/simfoniya.az\/en\/wp-json\/wp\/v2\/media\/23177"}],"wp:attachment":[{"href":"https:\/\/simfoniya.az\/en\/wp-json\/wp\/v2\/media?parent=19454"}],"wp:term":[{"taxonomy":"product_brand","embeddable":true,"href":"https:\/\/simfoniya.az\/en\/wp-json\/wp\/v2\/product_brand?post=19454"},{"taxonomy":"product_cat","embeddable":true,"href":"https:\/\/simfoniya.az\/en\/wp-json\/wp\/v2\/product_cat?post=19454"},{"taxonomy":"product_tag","embeddable":true,"href":"https:\/\/simfoniya.az\/en\/wp-json\/wp\/v2\/product_tag?post=19454"},{"taxonomy":"collection","embeddable":true,"href":"https:\/\/simfoniya.az\/en\/wp-json\/wp\/v2\/collection?post=19454"},{"taxonomy":"brand","embeddable":true,"href":"https:\/\/simfoniya.az\/en\/wp-json\/wp\/v2\/brand?post=19454"},{"taxonomy":"category_2","embeddable":true,"href":"https:\/\/simfoniya.az\/en\/wp-json\/wp\/v2\/category_2?post=19454"},{"taxonomy":"catergory_brand","embeddable":true,"href":"https:\/\/simfoniya.az\/en\/wp-json\/wp\/v2\/catergory_brand?post=19454"}],"curies":[{"name":"wp","href":"https:\/\/api.w.org\/{rel}","templated":true}]}}