{"id":19461,"date":"2024-06-02T07:15:19","date_gmt":"2024-06-02T07:15:19","guid":{"rendered":"https:\/\/simfoniya.az\/product\/taihe-kabina-1510x860x2150\/"},"modified":"2024-10-02T18:47:58","modified_gmt":"2024-10-02T18:47:58","slug":"taihe-kabina-1510x860x2150","status":"publish","type":"product","link":"https:\/\/simfoniya.az\/en\/product\/taihe-kabina-1510x860x2150\/","title":{"rendered":"Taihe \/ Shower cabin"},"content":{"rendered":"<div class=\"flex max-w-full flex-col flex-grow\">\n<div class=\"min-h-8 text-message flex w-full flex-col items-end gap-2 whitespace-normal break-words [.text-message+&amp;]:mt-5\" dir=\"auto\" data-message-author-role=\"assistant\" data-message-id=\"97dab8c5-011f-4ca0-8b5b-0e7f3589b7f4\">\n<div class=\"flex w-full flex-col gap-1 empty:hidden first:pt-[3px]\">\n<div class=\"markdown prose w-full break-words dark:prose-invert light\">\n<p>Bu, multifunksional du\u015f kabinidir. Bu kabin, masaj p\u00fcsk\u00fcll\u0259ri, \u0259l du\u015fu v\u0259 daxili oturma yerl\u0259ri kimi x\u00fcsusiyy\u0259tl\u0259ri il\u0259 t\u0259chiz edilmi\u015fdir ki, istifad\u0259\u00e7iy\u0259 rahat v\u0259 l\u00fcks bir du\u015f t\u0259cr\u00fcb\u0259si t\u0259min edir. \u015e\u0259ffaf \u015f\u00fc\u015f\u0259 qap\u0131lar v\u0259 b\u0259rk metal \u00e7\u0259r\u00e7iv\u0259 dizayn\u0131, hamam ota\u011f\u0131na m\u00fcasir v\u0259 i\u015f\u0131ql\u0131 bir g\u00f6r\u00fcn\u00fc\u015f qatar. Bu kabin, h\u0259m funksionall\u0131\u011f\u0131 h\u0259m d\u0259 rahatl\u0131\u011f\u0131 birl\u0259\u015fdir\u0259r\u0259k, ist\u0259nil\u0259n hamam ota\u011f\u0131na \u0259la uy\u011funla\u015f\u0131r.<\/p>\n<\/div>\n<\/div>\n<\/div>\n<\/div>\n<div class=\"mb-2 flex gap-3 empty:hidden -ml-2\">\n<div class=\"items-center justify-start rounded-xl p-1 flex\">\n<div class=\"flex items-center\"><button class=\"rounded-lg text-token-text-secondary hover:bg-token-main-surface-secondary\" aria-label=\"Read aloud\" data-testid=\"voice-play-turn-action-button\"><\/button><button class=\"rounded-lg text-token-text-secondary hover:bg-token-main-surface-secondary\" aria-label=\"\u041a\u043e\u043f\u0438\u0440\u043e\u0432\u0430\u0442\u044c\" data-testid=\"copy-turn-action-button\"><\/button><\/p>\n<div class=\"flex\"><\/div>\n<div class=\"flex items-center pb-0\"><\/div>\n<\/div>\n<\/div>\n<\/div>\n","protected":false},"excerpt":{"rendered":"<p>This is a multifunctional shower cabin. This cabin is equipped with features such as massage nozzles, hand shower and built-in seating to provide the user with a comfortable and luxurious shower experience. Transparent glass doors and solid metal frame design give the bathroom a modern and bright look. Combining both functionality and comfort, this cabin fits perfectly into any bathroom.<\/p>","protected":false},"featured_media":19460,"comment_status":"closed","ping_status":"closed","template":"","meta":[],"product_brand":[],"product_cat":[1342],"product_tag":[],"collection":[],"brand":[1501],"category_2":[],"catergory_brand":[],"class_list":{"0":"post-19461","1":"product","2":"type-product","3":"status-publish","4":"has-post-thumbnail","6":"product_cat-shower-cabinet","7":"brand-taihe","9":"first","10":"instock","11":"shipping-taxable","12":"product-type-simple"},"_links":{"self":[{"href":"https:\/\/simfoniya.az\/en\/wp-json\/wp\/v2\/product\/19461","targetHints":{"allow":["GET"]}}],"collection":[{"href":"https:\/\/simfoniya.az\/en\/wp-json\/wp\/v2\/product"}],"about":[{"href":"https:\/\/simfoniya.az\/en\/wp-json\/wp\/v2\/types\/product"}],"replies":[{"embeddable":true,"href":"https:\/\/simfoniya.az\/en\/wp-json\/wp\/v2\/comments?post=19461"}],"wp:featuredmedia":[{"embeddable":true,"href":"https:\/\/simfoniya.az\/en\/wp-json\/wp\/v2\/media\/19460"}],"wp:attachment":[{"href":"https:\/\/simfoniya.az\/en\/wp-json\/wp\/v2\/media?parent=19461"}],"wp:term":[{"taxonomy":"product_brand","embeddable":true,"href":"https:\/\/simfoniya.az\/en\/wp-json\/wp\/v2\/product_brand?post=19461"},{"taxonomy":"product_cat","embeddable":true,"href":"https:\/\/simfoniya.az\/en\/wp-json\/wp\/v2\/product_cat?post=19461"},{"taxonomy":"product_tag","embeddable":true,"href":"https:\/\/simfoniya.az\/en\/wp-json\/wp\/v2\/product_tag?post=19461"},{"taxonomy":"collection","embeddable":true,"href":"https:\/\/simfoniya.az\/en\/wp-json\/wp\/v2\/collection?post=19461"},{"taxonomy":"brand","embeddable":true,"href":"https:\/\/simfoniya.az\/en\/wp-json\/wp\/v2\/brand?post=19461"},{"taxonomy":"category_2","embeddable":true,"href":"https:\/\/simfoniya.az\/en\/wp-json\/wp\/v2\/category_2?post=19461"},{"taxonomy":"catergory_brand","embeddable":true,"href":"https:\/\/simfoniya.az\/en\/wp-json\/wp\/v2\/catergory_brand?post=19461"}],"curies":[{"name":"wp","href":"https:\/\/api.w.org\/{rel}","templated":true}]}}