{"id":19482,"date":"2024-06-02T11:27:51","date_gmt":"2024-06-02T11:27:51","guid":{"rendered":"https:\/\/simfoniya.az\/product\/teorema-2-funksiyali-metbex-smesiteli-xrom-17510112001\/"},"modified":"2024-11-04T10:07:12","modified_gmt":"2024-11-04T10:07:12","slug":"teorema-2-funksiyali-metbex-smesiteli-xrom-17510112001","status":"publish","type":"product","link":"https:\/\/simfoniya.az\/en\/product\/teorema-2-funksiyali-metbex-smesiteli-xrom-17510112001\/","title":{"rendered":"Teorema \/ Water mixer \/ 2 Functions"},"content":{"rendered":"<div class=\"flex max-w-full flex-col flex-grow\">\n<div class=\"min-h-8 text-message flex w-full flex-col items-end gap-2 whitespace-normal break-words [.text-message+&amp;]:mt-5\" dir=\"auto\" data-message-author-role=\"assistant\" data-message-id=\"c14bee40-ad8c-452e-9c20-493b2cd7c524\">\n<div class=\"flex w-full flex-col gap-1 empty:hidden first:pt-[3px]\">\n<div class=\"markdown prose w-full break-words dark:prose-invert light\">\n<p>Bu, xrom \u00f6rt\u00fckl\u00fc m\u00fcasir m\u0259tb\u0259x kran\u0131d\u0131r. Uzun, \u0259yilmi\u015f boyunu v\u0259 d\u00f6nd\u0259ril\u0259 bil\u0259n ba\u015fl\u0131\u011f\u0131n\u0131 say\u0259sind\u0259 geni\u015f bir \u0259raziy\u0259 xidm\u0259t ed\u0259 bilir, bu da o\u011furluq v\u0259 t\u0259mizlik i\u015fl\u0259rini asanla\u015fd\u0131r\u0131r. T\u0259k kolu suyun temperaturunu v\u0259 ax\u0131n\u0131n\u0131 asanl\u0131qla idar\u0259 etm\u0259y\u0259 imkan verir, m\u0259tb\u0259xiniz\u0259 funksionall\u0131q v\u0259 z\u0259riflik g\u0259tirir.<\/p>\n<\/div>\n<\/div>\n<\/div>\n<\/div>\n<div class=\"mb-2 flex gap-3 empty:hidden -ml-2\">\n<div class=\"items-center justify-start rounded-xl p-1 flex\">\n<div class=\"flex items-center\">\n<p>&nbsp;<\/p>\n<div class=\"flex\"><\/div>\n<div class=\"flex items-center pb-0\"><\/div>\n<\/div>\n<\/div>\n<\/div>\n","protected":false},"excerpt":{"rendered":"<p>This is a modern kitchen faucet with chrome finish. Thanks to its long, bent neck and rotatable head, it can cover a large area, which makes it easy to clean and steal. A single handle allows you to easily control water temperature and flow, bringing functionality and elegance to your kitchen. &nbsp;<\/p>","protected":false},"featured_media":22978,"comment_status":"closed","ping_status":"closed","template":"","meta":[],"product_brand":[],"product_cat":[1397],"product_tag":[],"collection":[],"brand":[],"category_2":[],"catergory_brand":[],"class_list":{"0":"post-19482","1":"product","2":"type-product","3":"status-publish","4":"has-post-thumbnail","6":"product_cat-basin-water-bath-mixer","8":"first","9":"instock","10":"shipping-taxable","11":"product-type-simple"},"_links":{"self":[{"href":"https:\/\/simfoniya.az\/en\/wp-json\/wp\/v2\/product\/19482","targetHints":{"allow":["GET"]}}],"collection":[{"href":"https:\/\/simfoniya.az\/en\/wp-json\/wp\/v2\/product"}],"about":[{"href":"https:\/\/simfoniya.az\/en\/wp-json\/wp\/v2\/types\/product"}],"replies":[{"embeddable":true,"href":"https:\/\/simfoniya.az\/en\/wp-json\/wp\/v2\/comments?post=19482"}],"wp:featuredmedia":[{"embeddable":true,"href":"https:\/\/simfoniya.az\/en\/wp-json\/wp\/v2\/media\/22978"}],"wp:attachment":[{"href":"https:\/\/simfoniya.az\/en\/wp-json\/wp\/v2\/media?parent=19482"}],"wp:term":[{"taxonomy":"product_brand","embeddable":true,"href":"https:\/\/simfoniya.az\/en\/wp-json\/wp\/v2\/product_brand?post=19482"},{"taxonomy":"product_cat","embeddable":true,"href":"https:\/\/simfoniya.az\/en\/wp-json\/wp\/v2\/product_cat?post=19482"},{"taxonomy":"product_tag","embeddable":true,"href":"https:\/\/simfoniya.az\/en\/wp-json\/wp\/v2\/product_tag?post=19482"},{"taxonomy":"collection","embeddable":true,"href":"https:\/\/simfoniya.az\/en\/wp-json\/wp\/v2\/collection?post=19482"},{"taxonomy":"brand","embeddable":true,"href":"https:\/\/simfoniya.az\/en\/wp-json\/wp\/v2\/brand?post=19482"},{"taxonomy":"category_2","embeddable":true,"href":"https:\/\/simfoniya.az\/en\/wp-json\/wp\/v2\/category_2?post=19482"},{"taxonomy":"catergory_brand","embeddable":true,"href":"https:\/\/simfoniya.az\/en\/wp-json\/wp\/v2\/catergory_brand?post=19482"}],"curies":[{"name":"wp","href":"https:\/\/api.w.org\/{rel}","templated":true}]}}