{"id":19490,"date":"2024-06-02T11:28:17","date_gmt":"2024-06-02T11:28:17","guid":{"rendered":"https:\/\/simfoniya.az\/product\/teorema-daisy-bide-su-qarisdiricisi-bronz-70411gg-002\/"},"modified":"2024-10-07T10:14:36","modified_gmt":"2024-10-07T10:14:36","slug":"teorema-daisy-bide-su-qarisdiricisi-bronz-70411gg-002","status":"publish","type":"product","link":"https:\/\/simfoniya.az\/en\/product\/teorema-daisy-bide-su-qarisdiricisi-bronz-70411gg-002\/","title":{"rendered":"Teorema Daisy \/ Faucet for bidet \/ Bronze"},"content":{"rendered":"<div class=\"flex max-w-full flex-col flex-grow\">\n<div class=\"min-h-8 text-message flex w-full flex-col items-end gap-2 whitespace-normal break-words [.text-message+&amp;]:mt-5\" dir=\"auto\" data-message-author-role=\"assistant\" data-message-id=\"ad538393-e2a5-4e28-89d0-3ff82e850cdd\">\n<div class=\"flex w-full flex-col gap-1 empty:hidden first:pt-[3px]\">\n<div class=\"markdown prose w-full break-words dark:prose-invert light\">\n<p>Bu, mis r\u0259ngind\u0259 antik \u00fcslubda bide kran\u0131d\u0131r. Xarakterik d\u00f6rdqolluq dizayn\u0131 il\u0259 suyun temperaturu v\u0259 ax\u0131n\u0131 asanl\u0131qla t\u0259nziml\u0259n\u0259 bil\u0259r. Bu kran, z\u0259rif g\u00f6r\u00fcn\u00fc\u015f\u00fc v\u0259 praktik funksionall\u0131\u011f\u0131 il\u0259 h\u0259r hans\u0131 bir bide \u00fc\u00e7\u00fcn uy\u011fun bir se\u00e7imdir, v\u0259 hamam ota\u011f\u0131n\u0131za klassik bir toxunu\u015f \u0259lav\u0259 edir.<\/p>\n<\/div>\n<\/div>\n<\/div>\n<\/div>\n<div class=\"mb-2 flex gap-3 empty:hidden -ml-2\">\n<div class=\"items-center justify-start rounded-xl p-1 flex\">\n<div class=\"flex items-center\">\n<p>&nbsp;<\/p>\n<div class=\"flex\"><\/div>\n<div class=\"flex items-center pb-0\"><\/div>\n<\/div>\n<\/div>\n<\/div>\n","protected":false},"excerpt":{"rendered":"<p>This is an antique style bidet faucet in copper color. With the characteristic four-arm design, water temperature and flow can be easily adjusted. With its elegant appearance and practical functionality, this faucet is a suitable choice for any bidet, adding a classic touch to your bathroom. &nbsp;<\/p>","protected":false},"featured_media":23878,"comment_status":"closed","ping_status":"closed","template":"","meta":[],"product_brand":[],"product_cat":[411],"product_tag":[],"collection":[],"brand":[],"category_2":[],"catergory_brand":[],"class_list":{"0":"post-19490","1":"product","2":"type-product","3":"status-publish","4":"has-post-thumbnail","6":"product_cat-faucets","8":"first","9":"instock","10":"shipping-taxable","11":"product-type-simple"},"_links":{"self":[{"href":"https:\/\/simfoniya.az\/en\/wp-json\/wp\/v2\/product\/19490","targetHints":{"allow":["GET"]}}],"collection":[{"href":"https:\/\/simfoniya.az\/en\/wp-json\/wp\/v2\/product"}],"about":[{"href":"https:\/\/simfoniya.az\/en\/wp-json\/wp\/v2\/types\/product"}],"replies":[{"embeddable":true,"href":"https:\/\/simfoniya.az\/en\/wp-json\/wp\/v2\/comments?post=19490"}],"wp:featuredmedia":[{"embeddable":true,"href":"https:\/\/simfoniya.az\/en\/wp-json\/wp\/v2\/media\/23878"}],"wp:attachment":[{"href":"https:\/\/simfoniya.az\/en\/wp-json\/wp\/v2\/media?parent=19490"}],"wp:term":[{"taxonomy":"product_brand","embeddable":true,"href":"https:\/\/simfoniya.az\/en\/wp-json\/wp\/v2\/product_brand?post=19490"},{"taxonomy":"product_cat","embeddable":true,"href":"https:\/\/simfoniya.az\/en\/wp-json\/wp\/v2\/product_cat?post=19490"},{"taxonomy":"product_tag","embeddable":true,"href":"https:\/\/simfoniya.az\/en\/wp-json\/wp\/v2\/product_tag?post=19490"},{"taxonomy":"collection","embeddable":true,"href":"https:\/\/simfoniya.az\/en\/wp-json\/wp\/v2\/collection?post=19490"},{"taxonomy":"brand","embeddable":true,"href":"https:\/\/simfoniya.az\/en\/wp-json\/wp\/v2\/brand?post=19490"},{"taxonomy":"category_2","embeddable":true,"href":"https:\/\/simfoniya.az\/en\/wp-json\/wp\/v2\/category_2?post=19490"},{"taxonomy":"catergory_brand","embeddable":true,"href":"https:\/\/simfoniya.az\/en\/wp-json\/wp\/v2\/catergory_brand?post=19490"}],"curies":[{"name":"wp","href":"https:\/\/api.w.org\/{rel}","templated":true}]}}