{"id":19510,"date":"2024-06-02T11:29:17","date_gmt":"2024-06-02T11:29:17","guid":{"rendered":"https:\/\/simfoniya.az\/product\/teorema-dune-bide-su-qarisdiricisi-ceramic-tutacaqli-bronz-9z401gg-002\/"},"modified":"2024-10-07T10:55:26","modified_gmt":"2024-10-07T10:55:26","slug":"teorema-dune-bide-su-qarisdiricisi-ceramic-tutacaqli-bronz-9z401gg-002","status":"publish","type":"product","link":"https:\/\/simfoniya.az\/en\/product\/teorema-dune-bide-su-qarisdiricisi-ceramic-tutacaqli-bronz-9z401gg-002\/","title":{"rendered":"Teorema Dune \/ Faucet for bidet \/ Bronze"},"content":{"rendered":"<div class=\"flex max-w-full flex-col flex-grow\">\n<div class=\"min-h-8 text-message flex w-full flex-col items-end gap-2 whitespace-normal break-words [.text-message+&amp;]:mt-5\" dir=\"auto\" data-message-author-role=\"assistant\" data-message-id=\"9427b061-1732-4eb5-9e8c-31ed0a4448a1\">\n<div class=\"flex w-full flex-col gap-1 empty:hidden first:pt-[3px]\">\n<div class=\"markdown prose w-full break-words dark:prose-invert light\">\n<p>Bu kran, su ax\u0131n\u0131 v\u0259 temperaturunu t\u0259nziml\u0259m\u0259y\u0259 imkan ver\u0259n bir \u0259l tutaca\u011f\u0131na malikdir. Y\u00fcks\u0259k keyfiyy\u0259tli materiallardan istehsal edildiyi \u00fc\u00e7\u00fcn uzun \u00f6m\u00fcrl\u00fcd\u00fcr v\u0259 m\u00fcxt\u0259lif m\u0259kanlarda istifad\u0259 \u00fc\u00e7\u00fcn uy\u011fundur. Antik dizayn\u0131, m\u00fcasir v\u0259 klassik interyerl\u0259rl\u0259 m\u00fck\u0259mm\u0259l uy\u011funla\u015faraq estetik g\u00f6r\u00fcn\u00fc\u015f t\u0259qdim edir.<\/p>\n<\/div>\n<\/div>\n<\/div>\n<\/div>\n<div class=\"mb-2 flex gap-3 empty:hidden -ml-2\">\n<div class=\"items-center justify-start rounded-xl p-1 flex\">\n<div class=\"flex items-center\">\n<p>&nbsp;<\/p>\n<div class=\"flex\"><\/div>\n<div class=\"flex items-center pb-0\"><\/div>\n<\/div>\n<\/div>\n<\/div>\n","protected":false},"excerpt":{"rendered":"<p>This faucet has a handle that allows you to adjust the water flow and temperature. As it is manufactured from high quality materials, it is long lasting and suitable for use in various places. The antique design provides an aesthetic look that blends perfectly with modern and classic interiors. &nbsp;<\/p>","protected":false},"featured_media":23885,"comment_status":"closed","ping_status":"closed","template":"","meta":[],"product_brand":[],"product_cat":[1397],"product_tag":[],"collection":[],"brand":[],"category_2":[],"catergory_brand":[],"class_list":{"0":"post-19510","1":"product","2":"type-product","3":"status-publish","4":"has-post-thumbnail","6":"product_cat-basin-water-bath-mixer","8":"first","9":"instock","10":"shipping-taxable","11":"product-type-simple"},"_links":{"self":[{"href":"https:\/\/simfoniya.az\/en\/wp-json\/wp\/v2\/product\/19510","targetHints":{"allow":["GET"]}}],"collection":[{"href":"https:\/\/simfoniya.az\/en\/wp-json\/wp\/v2\/product"}],"about":[{"href":"https:\/\/simfoniya.az\/en\/wp-json\/wp\/v2\/types\/product"}],"replies":[{"embeddable":true,"href":"https:\/\/simfoniya.az\/en\/wp-json\/wp\/v2\/comments?post=19510"}],"wp:featuredmedia":[{"embeddable":true,"href":"https:\/\/simfoniya.az\/en\/wp-json\/wp\/v2\/media\/23885"}],"wp:attachment":[{"href":"https:\/\/simfoniya.az\/en\/wp-json\/wp\/v2\/media?parent=19510"}],"wp:term":[{"taxonomy":"product_brand","embeddable":true,"href":"https:\/\/simfoniya.az\/en\/wp-json\/wp\/v2\/product_brand?post=19510"},{"taxonomy":"product_cat","embeddable":true,"href":"https:\/\/simfoniya.az\/en\/wp-json\/wp\/v2\/product_cat?post=19510"},{"taxonomy":"product_tag","embeddable":true,"href":"https:\/\/simfoniya.az\/en\/wp-json\/wp\/v2\/product_tag?post=19510"},{"taxonomy":"collection","embeddable":true,"href":"https:\/\/simfoniya.az\/en\/wp-json\/wp\/v2\/collection?post=19510"},{"taxonomy":"brand","embeddable":true,"href":"https:\/\/simfoniya.az\/en\/wp-json\/wp\/v2\/brand?post=19510"},{"taxonomy":"category_2","embeddable":true,"href":"https:\/\/simfoniya.az\/en\/wp-json\/wp\/v2\/category_2?post=19510"},{"taxonomy":"catergory_brand","embeddable":true,"href":"https:\/\/simfoniya.az\/en\/wp-json\/wp\/v2\/catergory_brand?post=19510"}],"curies":[{"name":"wp","href":"https:\/\/api.w.org\/{rel}","templated":true}]}}