{"id":19512,"date":"2024-06-02T11:29:18","date_gmt":"2024-06-02T11:29:18","guid":{"rendered":"https:\/\/simfoniya.az\/product\/teorema-dune-dus-kalon-desti-tepe-dusel-dususu-qarisdiricisi-bronz-birbasa-baglantili-15335gg-004\/"},"modified":"2024-10-02T11:45:57","modified_gmt":"2024-10-02T11:45:57","slug":"teorema-dune-dus-kalon-desti-tepe-dusel-dususu-qarisdiricisi-bronz-birbasa-baglantili-15335gg-004","status":"publish","type":"product","link":"https:\/\/simfoniya.az\/en\/product\/teorema-dune-dus-kalon-desti-tepe-dusel-dususu-qarisdiricisi-bronz-birbasa-baglantili-15335gg-004\/","title":{"rendered":"Teorema Dune \/ Shower set \/ Bronze"},"content":{"rendered":"<div class=\"flex max-w-full flex-col flex-grow\">\n<div class=\"min-h-8 text-message flex w-full flex-col items-end gap-2 whitespace-normal break-words [.text-message+&amp;]:mt-5\" dir=\"auto\" data-message-author-role=\"assistant\" data-message-id=\"fff988e6-aab7-4813-bdd3-90fc62fadb89\">\n<div class=\"flex w-full flex-col gap-1 empty:hidden first:pt-[3px]\">\n<div class=\"markdown prose w-full break-words dark:prose-invert light\">\n<p>Bu, q\u0131z\u0131l r\u0259ngd\u0259 antik \u00fcslublu du\u015f sistemidir. \u00dcst du\u015f ba\u015fl\u0131\u011f\u0131 il\u0259 birlikd\u0259, \u00e7\u0259ng\u0259ld\u0259ki \u0259l du\u015fu da rahatl\u0131qla istifad\u0259 oluna bil\u0259r. Klassik v\u0259 \u015f\u0131k dizayn\u0131 il\u0259 hamam\u0131n\u0131za l\u00fcks bir g\u00f6r\u00fcn\u00fc\u015f qat\u0131r.<\/p>\n<\/div>\n<\/div>\n<\/div>\n<\/div>\n<div class=\"mb-2 flex gap-3 empty:hidden -ml-2\">\n<div class=\"items-center justify-start rounded-xl p-1 flex\">\n<div class=\"flex items-center justify-center rounded-lg text-token-text-secondary\"><button class=\"flex h-[30px] w-[30px] items-center justify-center rounded-md hover:bg-token-main-surface-secondary disabled:opacity-50 disabled:hover:bg-transparent\" aria-label=\"\u041f\u0440\u0435\u0434\u044b\u0434\u0443\u0449\u0438\u0439 \u043e\u0442\u0432\u0435\u0442\"><\/button><\/p>\n<div class=\"px-0.5 text-sm font-semibold tabular-nums\"><\/div>\n<\/div>\n<\/div>\n<\/div>\n","protected":false},"excerpt":{"rendered":"<p>This is an antique style shower system in gold color. In combination with the overhead shower head, the hand shower on the hook can also be used conveniently. It adds a luxurious look to your bathroom with its classic and stylish design.<\/p>","protected":false},"featured_media":22644,"comment_status":"closed","ping_status":"closed","template":"","meta":[],"product_brand":[],"product_cat":[1402,1392],"product_tag":[],"collection":[],"brand":[],"category_2":[],"catergory_brand":[],"class_list":{"0":"post-19512","1":"product","2":"type-product","3":"status-publish","4":"has-post-thumbnail","6":"product_cat-shower-hands","7":"product_cat-shower-and-components","9":"first","10":"instock","11":"shipping-taxable","12":"product-type-simple"},"_links":{"self":[{"href":"https:\/\/simfoniya.az\/en\/wp-json\/wp\/v2\/product\/19512","targetHints":{"allow":["GET"]}}],"collection":[{"href":"https:\/\/simfoniya.az\/en\/wp-json\/wp\/v2\/product"}],"about":[{"href":"https:\/\/simfoniya.az\/en\/wp-json\/wp\/v2\/types\/product"}],"replies":[{"embeddable":true,"href":"https:\/\/simfoniya.az\/en\/wp-json\/wp\/v2\/comments?post=19512"}],"wp:featuredmedia":[{"embeddable":true,"href":"https:\/\/simfoniya.az\/en\/wp-json\/wp\/v2\/media\/22644"}],"wp:attachment":[{"href":"https:\/\/simfoniya.az\/en\/wp-json\/wp\/v2\/media?parent=19512"}],"wp:term":[{"taxonomy":"product_brand","embeddable":true,"href":"https:\/\/simfoniya.az\/en\/wp-json\/wp\/v2\/product_brand?post=19512"},{"taxonomy":"product_cat","embeddable":true,"href":"https:\/\/simfoniya.az\/en\/wp-json\/wp\/v2\/product_cat?post=19512"},{"taxonomy":"product_tag","embeddable":true,"href":"https:\/\/simfoniya.az\/en\/wp-json\/wp\/v2\/product_tag?post=19512"},{"taxonomy":"collection","embeddable":true,"href":"https:\/\/simfoniya.az\/en\/wp-json\/wp\/v2\/collection?post=19512"},{"taxonomy":"brand","embeddable":true,"href":"https:\/\/simfoniya.az\/en\/wp-json\/wp\/v2\/brand?post=19512"},{"taxonomy":"category_2","embeddable":true,"href":"https:\/\/simfoniya.az\/en\/wp-json\/wp\/v2\/category_2?post=19512"},{"taxonomy":"catergory_brand","embeddable":true,"href":"https:\/\/simfoniya.az\/en\/wp-json\/wp\/v2\/catergory_brand?post=19512"}],"curies":[{"name":"wp","href":"https:\/\/api.w.org\/{rel}","templated":true}]}}