{"id":19528,"date":"2024-06-02T11:30:00","date_gmt":"2024-06-02T11:30:00","guid":{"rendered":"https:\/\/simfoniya.az\/product\/teorema-elizabeth-divar-birlesmeli-yumru-tepe-dus-xrom-15336110001\/"},"modified":"2024-10-02T07:58:35","modified_gmt":"2024-10-02T07:58:35","slug":"teorema-elizabeth-divar-birlesmeli-yumru-tepe-dus-xrom-15336110001","status":"publish","type":"product","link":"https:\/\/simfoniya.az\/en\/product\/teorema-elizabeth-divar-birlesmeli-yumru-tepe-dus-xrom-15336110001\/","title":{"rendered":"Teorema Elizabeth \/ Shower with support \/ Chrome"},"content":{"rendered":"<div class=\"flex max-w-full flex-col flex-grow\">\n<div class=\"min-h-8 text-message flex w-full flex-col items-end gap-2 whitespace-normal break-words [.text-message+&amp;]:mt-5\" dir=\"auto\" data-message-author-role=\"assistant\" data-message-id=\"5093f349-8895-4748-a4f6-e296e3a66e52\">\n<div class=\"flex w-full flex-col gap-1 empty:hidden first:pt-[3px]\">\n<div class=\"markdown prose w-full break-words dark:prose-invert light\">\n<p>Bu, xrom \u00f6rt\u00fckl\u00fc m\u00fcasir ya\u011f\u0131\u015f tipi du\u015f ba\u015fl\u0131\u011f\u0131d\u0131r. Geni\u015f s\u0259thi il\u0259 b\u0259rab\u0259r su paylanmas\u0131n\u0131 t\u0259min edir, rahatl\u0131q v\u0259 l\u00fcks bir du\u015f t\u0259cr\u00fcb\u0259si yarad\u0131r. Ba\u015fl\u0131q, duvara asan montaj \u00fc\u00e7\u00fcn \u0259yri bir dir\u0259k il\u0259 t\u0259chiz edilmi\u015fdir.<\/p>\n<\/div>\n<\/div>\n<\/div>\n<\/div>\n<div class=\"mb-2 flex gap-3 empty:hidden -ml-2\">\n<div class=\"items-center justify-start rounded-xl p-1 flex\">\n<div class=\"flex items-center\"><button class=\"rounded-lg text-token-text-secondary hover:bg-token-main-surface-secondary\" aria-label=\"Read aloud\" data-testid=\"voice-play-turn-action-button\"><\/button><button class=\"rounded-lg text-token-text-secondary hover:bg-token-main-surface-secondary\" aria-label=\"\u041a\u043e\u043f\u0438\u0440\u043e\u0432\u0430\u0442\u044c\" data-testid=\"copy-turn-action-button\"><\/button><\/p>\n<div class=\"flex\"><\/div>\n<div class=\"flex items-center pb-0\"><\/div>\n<\/div>\n<\/div>\n<\/div>\n","protected":false},"excerpt":{"rendered":"<p>This is a modern rain shower head with chrome finish. It ensures even water distribution with its wide surface, creating a comfortable and luxurious shower experience. The hood is equipped with a curved pole for easy wall mounting.<\/p>","protected":false},"featured_media":22638,"comment_status":"closed","ping_status":"closed","template":"","meta":[],"product_brand":[],"product_cat":[410],"product_tag":[],"collection":[],"brand":[1383],"category_2":[],"catergory_brand":[],"class_list":{"0":"post-19528","1":"product","2":"type-product","3":"status-publish","4":"has-post-thumbnail","6":"product_cat-shower-heads","7":"brand-teorema","9":"first","10":"instock","11":"shipping-taxable","12":"product-type-simple"},"_links":{"self":[{"href":"https:\/\/simfoniya.az\/en\/wp-json\/wp\/v2\/product\/19528","targetHints":{"allow":["GET"]}}],"collection":[{"href":"https:\/\/simfoniya.az\/en\/wp-json\/wp\/v2\/product"}],"about":[{"href":"https:\/\/simfoniya.az\/en\/wp-json\/wp\/v2\/types\/product"}],"replies":[{"embeddable":true,"href":"https:\/\/simfoniya.az\/en\/wp-json\/wp\/v2\/comments?post=19528"}],"wp:featuredmedia":[{"embeddable":true,"href":"https:\/\/simfoniya.az\/en\/wp-json\/wp\/v2\/media\/22638"}],"wp:attachment":[{"href":"https:\/\/simfoniya.az\/en\/wp-json\/wp\/v2\/media?parent=19528"}],"wp:term":[{"taxonomy":"product_brand","embeddable":true,"href":"https:\/\/simfoniya.az\/en\/wp-json\/wp\/v2\/product_brand?post=19528"},{"taxonomy":"product_cat","embeddable":true,"href":"https:\/\/simfoniya.az\/en\/wp-json\/wp\/v2\/product_cat?post=19528"},{"taxonomy":"product_tag","embeddable":true,"href":"https:\/\/simfoniya.az\/en\/wp-json\/wp\/v2\/product_tag?post=19528"},{"taxonomy":"collection","embeddable":true,"href":"https:\/\/simfoniya.az\/en\/wp-json\/wp\/v2\/collection?post=19528"},{"taxonomy":"brand","embeddable":true,"href":"https:\/\/simfoniya.az\/en\/wp-json\/wp\/v2\/brand?post=19528"},{"taxonomy":"category_2","embeddable":true,"href":"https:\/\/simfoniya.az\/en\/wp-json\/wp\/v2\/category_2?post=19528"},{"taxonomy":"catergory_brand","embeddable":true,"href":"https:\/\/simfoniya.az\/en\/wp-json\/wp\/v2\/catergory_brand?post=19528"}],"curies":[{"name":"wp","href":"https:\/\/api.w.org\/{rel}","templated":true}]}}