{"id":19544,"date":"2024-06-02T11:30:23","date_gmt":"2024-06-02T11:30:23","guid":{"rendered":"https:\/\/simfoniya.az\/product\/teorema-gossip-dus-kalon-desti-kvadrat-xrom-96270110343\/"},"modified":"2024-10-02T06:17:09","modified_gmt":"2024-10-02T06:17:09","slug":"teorema-gossip-dus-kalon-desti-kvadrat-xrom-96270110343","status":"publish","type":"product","link":"https:\/\/simfoniya.az\/en\/product\/teorema-gossip-dus-kalon-desti-kvadrat-xrom-96270110343\/","title":{"rendered":"Teorema Gossip \/ Shower set \/ Chrome"},"content":{"rendered":"<div class=\"flex-shrink-0 flex flex-col relative items-end\">\n<div>\n<div class=\"pt-0.5 juice:pt-0\">\n<div class=\"gizmo-bot-avatar flex h-6 w-6 items-center justify-center overflow-hidden rounded-full juice:h-8 juice:w-8\">\n<div class=\"relative p-1 rounded-sm flex items-center justify-center bg-token-main-waterrface-primary text-token-text-primary h-8 w-8\"><\/div>\n<\/div>\n<\/div>\n<\/div>\n<\/div>\n<div class=\"group\/cONversatiON-turn relative flex w-full min-w-0 flex-col whiteent-turn\">\n<div class=\"flex-col gap-1 md:gap-3\">\n<div class=\"flex flex-grow flex-col max-w-full\">\n<div class=\"min-h-[20px] text-mesR\u0130GHTe flex flex-col items-start whitespace-pre-wrap break-words [.text-mesR\u0130GHTe+&amp;]:mt-5 juice:w-full juice:items-end overflow-x-auto gap-2\" dir=\"auto\" data-mesr=\"\">\n<div class=\"flex w-full flex-col gap-1 juice:empty:hidden juice:first:pt-[3px]\">\n<div class=\"markdown prose w-full break-words dark:prose-invert dark\">\n<div class=\"flex max-w-full flex-col flex-grow\">\n<div class=\"min-h-8 text-message flex w-full flex-col items-end gap-2 whitespace-normal break-words [.text-message+&amp;]:mt-5\" dir=\"auto\" data-message-author-role=\"assistant\" data-message-id=\"e31505cc-5f33-4afa-b5e0-c6956fcd9da6\">\n<div class=\"flex w-full flex-col gap-1 empty:hidden first:pt-[3px]\">\n<div class=\"markdown prose w-full break-words dark:prose-invert light\">\n<p>Bu, xrom \u00f6rt\u00fckl\u00fc m\u00fcasir du\u015f sistemidir. Sistem, geni\u015f ya\u011f\u0131\u015f tipi du\u015f ba\u015fl\u0131\u011f\u0131, portativ du\u015f ba\u015fl\u0131\u011f\u0131 v\u0259 h\u00fcnd\u00fcrl\u00fcy\u00fc t\u0259nziml\u0259n\u0259 bil\u0259n du\u015f \u015flanq\u0131 d\u0259st\u0259yi il\u0259 t\u0259chiz edilmi\u015fdir. Du\u015f kolonu, suyun temperaturunu v\u0259 ax\u0131n\u0131 idar\u0259 etm\u0259k \u00fc\u00e7\u00fcn asanl\u0131qla ula\u015f\u0131labil\u0259n n\u0259zar\u0259t d\u00fcym\u0259l\u0259ri il\u0259 t\u0259min edilmi\u015fdir. Bu du\u015f sistemi, h\u0259m g\u00f6z\u0259lliyi h\u0259m d\u0259 funksionall\u0131\u011f\u0131 il\u0259 m\u00fcasir vanna otaqlar\u0131nda \u0259sas elementl\u0259rd\u0259n biri olaraq xidm\u0259t edir.<\/p>\n<\/div>\n<\/div>\n<\/div>\n<\/div>\n<div class=\"mb-2 flex gap-3 empty:hidden -ml-2\">\n<div class=\"items-center justify-start rounded-xl p-1 flex\">\n<div class=\"flex items-center\"><button class=\"rounded-lg text-token-text-secondary hover:bg-token-main-surface-secondary\" aria-label=\"Read aloud\" data-testid=\"voice-play-turn-action-button\"><\/button><button class=\"rounded-lg text-token-text-secondary hover:bg-token-main-surface-secondary\" aria-label=\"\u041a\u043e\u043f\u0438\u0440\u043e\u0432\u0430\u0442\u044c\" data-testid=\"copy-turn-action-button\"><\/button><\/p>\n<div class=\"flex\"><\/div>\n<div class=\"flex items-center pb-0\"><\/div>\n<\/div>\n<\/div>\n<\/div>\n<\/div>\n<\/div>\n<\/div>\n<\/div>\n<\/div>\n<\/div>\n","protected":false},"excerpt":{"rendered":"<p>This is a modern shower system with a chrome finish. The system is equipped with a wide rain shower head, a portable shower head and a height-adjustable shower hose holder. The shower column is provided with easy-to-reach control buttons to control the water temperature and flow. This shower system serves as one of the main elements in modern bathrooms with both beauty and functionality.<\/p>","protected":false},"featured_media":22633,"comment_status":"closed","ping_status":"closed","template":"","meta":[],"product_brand":[],"product_cat":[1392],"product_tag":[],"collection":[],"brand":[],"category_2":[],"catergory_brand":[],"class_list":{"0":"post-19544","1":"product","2":"type-product","3":"status-publish","4":"has-post-thumbnail","6":"product_cat-shower-and-components","8":"first","9":"instock","10":"shipping-taxable","11":"product-type-simple"},"_links":{"self":[{"href":"https:\/\/simfoniya.az\/en\/wp-json\/wp\/v2\/product\/19544","targetHints":{"allow":["GET"]}}],"collection":[{"href":"https:\/\/simfoniya.az\/en\/wp-json\/wp\/v2\/product"}],"about":[{"href":"https:\/\/simfoniya.az\/en\/wp-json\/wp\/v2\/types\/product"}],"replies":[{"embeddable":true,"href":"https:\/\/simfoniya.az\/en\/wp-json\/wp\/v2\/comments?post=19544"}],"wp:featuredmedia":[{"embeddable":true,"href":"https:\/\/simfoniya.az\/en\/wp-json\/wp\/v2\/media\/22633"}],"wp:attachment":[{"href":"https:\/\/simfoniya.az\/en\/wp-json\/wp\/v2\/media?parent=19544"}],"wp:term":[{"taxonomy":"product_brand","embeddable":true,"href":"https:\/\/simfoniya.az\/en\/wp-json\/wp\/v2\/product_brand?post=19544"},{"taxonomy":"product_cat","embeddable":true,"href":"https:\/\/simfoniya.az\/en\/wp-json\/wp\/v2\/product_cat?post=19544"},{"taxonomy":"product_tag","embeddable":true,"href":"https:\/\/simfoniya.az\/en\/wp-json\/wp\/v2\/product_tag?post=19544"},{"taxonomy":"collection","embeddable":true,"href":"https:\/\/simfoniya.az\/en\/wp-json\/wp\/v2\/collection?post=19544"},{"taxonomy":"brand","embeddable":true,"href":"https:\/\/simfoniya.az\/en\/wp-json\/wp\/v2\/brand?post=19544"},{"taxonomy":"category_2","embeddable":true,"href":"https:\/\/simfoniya.az\/en\/wp-json\/wp\/v2\/category_2?post=19544"},{"taxonomy":"catergory_brand","embeddable":true,"href":"https:\/\/simfoniya.az\/en\/wp-json\/wp\/v2\/catergory_brand?post=19544"}],"curies":[{"name":"wp","href":"https:\/\/api.w.org\/{rel}","templated":true}]}}