{"id":19546,"date":"2024-06-02T11:30:29","date_gmt":"2024-06-02T11:30:29","guid":{"rendered":"https:\/\/simfoniya.az\/product\/teorema-jabil-35-bide-su-qarisdiricisi-xrom-7340011-002\/"},"modified":"2024-10-02T06:15:34","modified_gmt":"2024-10-02T06:15:34","slug":"teorema-jabil-35-bide-su-qarisdiricisi-xrom-7340011-002","status":"publish","type":"product","link":"https:\/\/simfoniya.az\/en\/product\/teorema-jabil-35-bide-su-qarisdiricisi-xrom-7340011-002\/","title":{"rendered":"Teorema Jabil \/ Faucet for shower \/ Chrome"},"content":{"rendered":"<div class=\"flex-shrink-0 flex flex-col relative items-end\">\n<div class=\"pt-0.5 juice:pt-0\">\n<div class=\"gizmo-bot-avatar flex h-6 w-6 items-center justify-center overflow-hidden rounded-full juice:h-8 juice:w-8\">\n<div class=\"relative p-1 rounded-sm flex items-center justify-center bg-token-main-waterrface-primary text-token-text-primary h-8 w-8\">\n<div class=\"flex max-w-full flex-col flex-grow\">\n<div class=\"min-h-8 text-message flex w-full flex-col items-end gap-2 whitespace-normal break-words [.text-message+&amp;]:mt-5\" dir=\"auto\" data-message-author-role=\"assistant\" data-message-id=\"8f3b3d08-d76d-48dd-b489-8dbc60e7ed2d\">\n<div class=\"flex w-full flex-col gap-1 empty:hidden first:pt-[3px]\">\n<div class=\"markdown prose w-full break-words dark:prose-invert light\">\n<p>Bu, xrom \u00f6rt\u00fckl\u00fc m\u00fcasir dizaynda du\u015f v\u0259 ya vanna \u00fc\u00e7\u00fcn n\u0259z\u0259rd\u0259 tutulmu\u015f su armaturudur. Bu musluq, suyun istiliyini v\u0259 ax\u0131n\u0131n\u0131 idar\u0259 etm\u0259k \u00fc\u00e7\u00fcn iki ayr\u0131ca kolu il\u0259 t\u0259chiz edilmi\u015fdir. D\u00fcz v\u0259 t\u0259miz x\u0259tl\u0259ri il\u0259 bu musluq, h\u0259r hans\u0131 bir m\u00fcasir vanna ota\u011f\u0131nda estetik v\u0259 z\u0259rif bir g\u00f6r\u00fcn\u00fc\u015f yarad\u0131r. Su ax\u0131n\u0131n\u0131n rahat idar\u0259 edilm\u0259si v\u0259 dayan\u0131ql\u0131 konstruksiyas\u0131 il\u0259, bu armatur uzunm\u00fcdd\u0259tli istifad\u0259 \u00fc\u00e7\u00fcn ideal bir se\u00e7imdir.<\/p>\n<\/div>\n<\/div>\n<\/div>\n<\/div>\n<div class=\"mb-2 flex gap-3 empty:hidden -ml-2\">\n<div class=\"items-center justify-start rounded-xl p-1 flex\">\n<div class=\"flex items-center justify-center rounded-lg text-token-text-secondary\"><button class=\"flex h-[30px] w-[30px] items-center justify-center rounded-md hover:bg-token-main-surface-secondary disabled:opacity-50 disabled:hover:bg-transparent\" aria-label=\"\u041f\u0440\u0435\u0434\u044b\u0434\u0443\u0449\u0438\u0439 \u043e\u0442\u0432\u0435\u0442\"><\/button><\/p>\n<div class=\"px-0.5 text-sm font-semibold tabular-nums\"><\/div>\n<\/div>\n<\/div>\n<\/div>\n<\/div>\n<\/div>\n<\/div>\n<\/div>\n","protected":false},"excerpt":{"rendered":"<p>Bu, xrom \u00f6rt\u00fckl\u00fc m\u00fcasir dizaynda du\u015f v\u0259 ya vanna \u00fc\u00e7\u00fcn n\u0259z\u0259rd\u0259 tutulmu\u015f su armaturudur. Bu musluq, suyun istiliyini v\u0259 ax\u0131n\u0131n\u0131 idar\u0259 etm\u0259k \u00fc\u00e7\u00fcn iki ayr\u0131ca kolu il\u0259 t\u0259chiz edilmi\u015fdir. D\u00fcz v\u0259 t\u0259miz x\u0259tl\u0259ri il\u0259 bu musluq, h\u0259r hans\u0131 bir m\u00fcasir vanna ota\u011f\u0131nda estetik v\u0259 z\u0259rif bir g\u00f6r\u00fcn\u00fc\u015f yarad\u0131r. Su ax\u0131n\u0131n\u0131n rahat idar\u0259 edilm\u0259si v\u0259 dayan\u0131ql\u0131 konstruksiyas\u0131 il\u0259, bu armatur uzunm\u00fcdd\u0259tli\u2026<\/p>","protected":false},"featured_media":19545,"comment_status":"closed","ping_status":"closed","template":"","meta":[],"product_brand":[],"product_cat":[411],"product_tag":[],"collection":[],"brand":[],"category_2":[],"catergory_brand":[],"class_list":{"0":"post-19546","1":"product","2":"type-product","3":"status-publish","4":"has-post-thumbnail","6":"product_cat-faucets","8":"first","9":"instock","10":"shipping-taxable","11":"product-type-simple"},"_links":{"self":[{"href":"https:\/\/simfoniya.az\/en\/wp-json\/wp\/v2\/product\/19546","targetHints":{"allow":["GET"]}}],"collection":[{"href":"https:\/\/simfoniya.az\/en\/wp-json\/wp\/v2\/product"}],"about":[{"href":"https:\/\/simfoniya.az\/en\/wp-json\/wp\/v2\/types\/product"}],"replies":[{"embeddable":true,"href":"https:\/\/simfoniya.az\/en\/wp-json\/wp\/v2\/comments?post=19546"}],"wp:featuredmedia":[{"embeddable":true,"href":"https:\/\/simfoniya.az\/en\/wp-json\/wp\/v2\/media\/19545"}],"wp:attachment":[{"href":"https:\/\/simfoniya.az\/en\/wp-json\/wp\/v2\/media?parent=19546"}],"wp:term":[{"taxonomy":"product_brand","embeddable":true,"href":"https:\/\/simfoniya.az\/en\/wp-json\/wp\/v2\/product_brand?post=19546"},{"taxonomy":"product_cat","embeddable":true,"href":"https:\/\/simfoniya.az\/en\/wp-json\/wp\/v2\/product_cat?post=19546"},{"taxonomy":"product_tag","embeddable":true,"href":"https:\/\/simfoniya.az\/en\/wp-json\/wp\/v2\/product_tag?post=19546"},{"taxonomy":"collection","embeddable":true,"href":"https:\/\/simfoniya.az\/en\/wp-json\/wp\/v2\/collection?post=19546"},{"taxonomy":"brand","embeddable":true,"href":"https:\/\/simfoniya.az\/en\/wp-json\/wp\/v2\/brand?post=19546"},{"taxonomy":"category_2","embeddable":true,"href":"https:\/\/simfoniya.az\/en\/wp-json\/wp\/v2\/category_2?post=19546"},{"taxonomy":"catergory_brand","embeddable":true,"href":"https:\/\/simfoniya.az\/en\/wp-json\/wp\/v2\/catergory_brand?post=19546"}],"curies":[{"name":"wp","href":"https:\/\/api.w.org\/{rel}","templated":true}]}}