{"id":19552,"date":"2024-06-02T11:30:40","date_gmt":"2024-06-02T11:30:40","guid":{"rendered":"https:\/\/simfoniya.az\/product\/teorema-jabil-35-su-qarisdiricisi-xrom-7334011-002\/"},"modified":"2024-10-01T19:34:23","modified_gmt":"2024-10-01T19:34:23","slug":"teorema-jabil-35-su-qarisdiricisi-xrom-7334011-002","status":"publish","type":"product","link":"https:\/\/simfoniya.az\/en\/product\/teorema-jabil-35-su-qarisdiricisi-xrom-7334011-002\/","title":{"rendered":"Teorema Jabil \/ Water faucet"},"content":{"rendered":"<div class=\"flex max-w-full flex-col flex-grow\">\n<div class=\"min-h-8 text-message flex w-full flex-col items-end gap-2 whitespace-normal break-words [.text-message+&amp;]:mt-5\" dir=\"auto\" data-message-author-role=\"assistant\" data-message-id=\"4966ecaa-0771-4bd3-93a2-c72e20bb5721\">\n<div class=\"flex w-full flex-col gap-1 empty:hidden first:pt-[3px]\">\n<div class=\"markdown prose w-full break-words dark:prose-invert light\">\n<p>Bu, xrom \u00f6rt\u00fckl\u00fc m\u00fcasir dizaynl\u0131 y\u00fcks\u0259k lavabo muslu\u011fudur. Uzun v\u0259 inc\u0259 g\u00f6vd\u0259si il\u0259 diqq\u0259t \u00e7\u0259k\u0259n bu musluq, h\u0259m estetik, h\u0259m d\u0259 praktik bir elementdir. T\u0259k kolu say\u0259sind\u0259 suyun temperaturunu v\u0259 ax\u0131n\u0131 s\u0259viyy\u0259sini asanl\u0131qla idar\u0259 etm\u0259k m\u00fcmk\u00fcnd\u00fcr. Lavabo \u00fc\u00e7\u00fcn ideal olan bu musluq, m\u00fcasir vanna otaqlar\u0131na v\u0259 ya m\u0259tb\u0259xl\u0259r\u0259 \u015f\u0131k v\u0259 z\u0259rif bir toxunu\u015f \u0259lav\u0259 edir.<\/p>\n<\/div>\n<\/div>\n<\/div>\n<\/div>\n<div class=\"mb-2 flex gap-3 empty:hidden -ml-2\">\n<div class=\"items-center justify-start rounded-xl p-1 flex\">\n<div class=\"flex items-center\"><button class=\"rounded-lg text-token-text-secondary hover:bg-token-main-surface-secondary\" aria-label=\"Read aloud\" data-testid=\"voice-play-turn-action-button\"><\/button><button class=\"rounded-lg text-token-text-secondary hover:bg-token-main-surface-secondary\" aria-label=\"\u041a\u043e\u043f\u0438\u0440\u043e\u0432\u0430\u0442\u044c\" data-testid=\"copy-turn-action-button\"><\/button><\/p>\n<div class=\"flex\"><\/div>\n<div class=\"flex items-center pb-0\"><\/div>\n<\/div>\n<\/div>\n<\/div>\n","protected":false},"excerpt":{"rendered":"<p>This is a modern design high sink faucet with chrome finish. This faucet, which stands out for its long and thin body, is both an aesthetic and a practical element. The water temperature and flow level can be easily controlled thanks to the single bushing. Ideal for sinks, this faucet adds a stylish and elegant touch to modern bathrooms or kitchens.<\/p>","protected":false},"featured_media":22632,"comment_status":"closed","ping_status":"closed","template":"","meta":[],"product_brand":[],"product_cat":[411],"product_tag":[],"collection":[],"brand":[],"category_2":[],"catergory_brand":[],"class_list":{"0":"post-19552","1":"product","2":"type-product","3":"status-publish","4":"has-post-thumbnail","6":"product_cat-faucets","8":"first","9":"instock","10":"shipping-taxable","11":"product-type-simple"},"_links":{"self":[{"href":"https:\/\/simfoniya.az\/en\/wp-json\/wp\/v2\/product\/19552","targetHints":{"allow":["GET"]}}],"collection":[{"href":"https:\/\/simfoniya.az\/en\/wp-json\/wp\/v2\/product"}],"about":[{"href":"https:\/\/simfoniya.az\/en\/wp-json\/wp\/v2\/types\/product"}],"replies":[{"embeddable":true,"href":"https:\/\/simfoniya.az\/en\/wp-json\/wp\/v2\/comments?post=19552"}],"wp:featuredmedia":[{"embeddable":true,"href":"https:\/\/simfoniya.az\/en\/wp-json\/wp\/v2\/media\/22632"}],"wp:attachment":[{"href":"https:\/\/simfoniya.az\/en\/wp-json\/wp\/v2\/media?parent=19552"}],"wp:term":[{"taxonomy":"product_brand","embeddable":true,"href":"https:\/\/simfoniya.az\/en\/wp-json\/wp\/v2\/product_brand?post=19552"},{"taxonomy":"product_cat","embeddable":true,"href":"https:\/\/simfoniya.az\/en\/wp-json\/wp\/v2\/product_cat?post=19552"},{"taxonomy":"product_tag","embeddable":true,"href":"https:\/\/simfoniya.az\/en\/wp-json\/wp\/v2\/product_tag?post=19552"},{"taxonomy":"collection","embeddable":true,"href":"https:\/\/simfoniya.az\/en\/wp-json\/wp\/v2\/collection?post=19552"},{"taxonomy":"brand","embeddable":true,"href":"https:\/\/simfoniya.az\/en\/wp-json\/wp\/v2\/brand?post=19552"},{"taxonomy":"category_2","embeddable":true,"href":"https:\/\/simfoniya.az\/en\/wp-json\/wp\/v2\/category_2?post=19552"},{"taxonomy":"catergory_brand","embeddable":true,"href":"https:\/\/simfoniya.az\/en\/wp-json\/wp\/v2\/catergory_brand?post=19552"}],"curies":[{"name":"wp","href":"https:\/\/api.w.org\/{rel}","templated":true}]}}