{"id":19566,"date":"2024-06-02T11:31:09","date_gmt":"2024-06-02T11:31:09","guid":{"rendered":"https:\/\/simfoniya.az\/product\/teorema-manhattan-mat-qara-divardan-su-cixisi-01823bb\/"},"modified":"2024-10-11T02:32:45","modified_gmt":"2024-10-11T02:32:45","slug":"teorema-manhetten-mat-qara","status":"publish","type":"product","link":"https:\/\/simfoniya.az\/en\/product\/teorema-manhetten-mat-qara\/","title":{"rendered":"Theorema Manhattan \/ Matt \u2013 black"},"content":{"rendered":"<div class=\"flex max-w-full flex-col flex-grow\">\n<div class=\"min-h-8 text-message flex w-full flex-col items-end gap-2 whitespace-normal break-words [.text-message+&amp;]:mt-5\" dir=\"auto\" data-message-author-role=\"assistant\" data-message-id=\"641328f1-703e-441e-9868-52b561ed33b0\">\n<div class=\"flex w-full flex-col gap-1 empty:hidden first:pt-[3px]\">\n<div class=\"markdown prose w-full break-words dark:prose-invert light\">\n<div class=\"flex max-w-full flex-col flex-grow\">\n<div class=\"min-h-8 text-message flex w-full flex-col items-end gap-2 whitespace-normal break-words [.text-message+&amp;]:mt-5\" dir=\"auto\" data-message-author-role=\"assistant\" data-message-id=\"53b48bb4-2e60-4d74-a4b6-a2995409e6ae\">\n<div class=\"flex w-full flex-col gap-1 empty:hidden first:pt-[3px]\">\n<div class=\"markdown prose w-full break-words dark:prose-invert light\">\n<p>Bu, qara metalldan haz\u0131rlanm\u0131\u015f m\u00fcasir du\u015f ba\u015fl\u0131\u011f\u0131 \u00fc\u00e7\u00fcn montaj qur\u011fusudur. Bu montaj hiss\u0259si, du\u015f ba\u015fl\u0131\u011f\u0131n\u0131 sabit tutmaq \u00fc\u00e7\u00fcn divara qura\u015fd\u0131r\u0131l\u0131r, minimal v\u0259 \u015f\u0131k dizayn\u0131 il\u0259 m\u00fcasir vanna otaqlar\u0131na estetik bir \u0259lav\u0259 edir. Montaj qur\u011fusu, du\u015f ba\u015fl\u0131\u011f\u0131n\u0131 etibarl\u0131 bir \u015f\u0259kild\u0259 yerind\u0259 saxlay\u0131r, suyun d\u00fczg\u00fcn ax\u0131\u015f\u0131n\u0131 t\u0259min edir.<\/p>\n<\/div>\n<\/div>\n<\/div>\n<\/div>\n<div class=\"mb-2 flex gap-3 empty:hidden -ml-2\">\n<div class=\"items-center justify-start rounded-xl p-1 flex\">\n<div class=\"flex items-center\"><\/div>\n<\/div>\n<\/div>\n<\/div>\n<\/div>\n<\/div>\n<\/div>\n","protected":false},"excerpt":{"rendered":"<p>This is a modern shower head assembly made of black metal. This mount mounts to the wall to hold the shower head in place, making an aesthetic addition to modern bathrooms with its minimal and stylish design. The mounting assembly holds the shower head securely in place, ensuring proper water flow.<\/p>","protected":false},"featured_media":23975,"comment_status":"closed","ping_status":"closed","template":"","meta":[],"product_brand":[],"product_cat":[76],"product_tag":[],"collection":[],"brand":[],"category_2":[],"catergory_brand":[],"class_list":{"0":"post-19566","1":"product","2":"type-product","3":"status-publish","4":"has-post-thumbnail","6":"product_cat-all","8":"first","9":"instock","10":"shipping-taxable","11":"product-type-simple"},"_links":{"self":[{"href":"https:\/\/simfoniya.az\/en\/wp-json\/wp\/v2\/product\/19566","targetHints":{"allow":["GET"]}}],"collection":[{"href":"https:\/\/simfoniya.az\/en\/wp-json\/wp\/v2\/product"}],"about":[{"href":"https:\/\/simfoniya.az\/en\/wp-json\/wp\/v2\/types\/product"}],"replies":[{"embeddable":true,"href":"https:\/\/simfoniya.az\/en\/wp-json\/wp\/v2\/comments?post=19566"}],"wp:featuredmedia":[{"embeddable":true,"href":"https:\/\/simfoniya.az\/en\/wp-json\/wp\/v2\/media\/23975"}],"wp:attachment":[{"href":"https:\/\/simfoniya.az\/en\/wp-json\/wp\/v2\/media?parent=19566"}],"wp:term":[{"taxonomy":"product_brand","embeddable":true,"href":"https:\/\/simfoniya.az\/en\/wp-json\/wp\/v2\/product_brand?post=19566"},{"taxonomy":"product_cat","embeddable":true,"href":"https:\/\/simfoniya.az\/en\/wp-json\/wp\/v2\/product_cat?post=19566"},{"taxonomy":"product_tag","embeddable":true,"href":"https:\/\/simfoniya.az\/en\/wp-json\/wp\/v2\/product_tag?post=19566"},{"taxonomy":"collection","embeddable":true,"href":"https:\/\/simfoniya.az\/en\/wp-json\/wp\/v2\/collection?post=19566"},{"taxonomy":"brand","embeddable":true,"href":"https:\/\/simfoniya.az\/en\/wp-json\/wp\/v2\/brand?post=19566"},{"taxonomy":"category_2","embeddable":true,"href":"https:\/\/simfoniya.az\/en\/wp-json\/wp\/v2\/category_2?post=19566"},{"taxonomy":"catergory_brand","embeddable":true,"href":"https:\/\/simfoniya.az\/en\/wp-json\/wp\/v2\/catergory_brand?post=19566"}],"curies":[{"name":"wp","href":"https:\/\/api.w.org\/{rel}","templated":true}]}}