{"id":19572,"date":"2024-06-02T11:31:20","date_gmt":"2024-06-02T11:31:20","guid":{"rendered":"https:\/\/simfoniya.az\/product\/teorema-onda-vanna-su-qarisdiricisi-91a1715125\/"},"modified":"2024-10-11T02:51:48","modified_gmt":"2024-10-11T02:51:48","slug":"teorema-kran-d%c9%99sti","status":"publish","type":"product","link":"https:\/\/simfoniya.az\/en\/product\/teorema-kran-d%c9%99sti\/","title":{"rendered":"Theorem \/ Faucet set"},"content":{"rendered":"<div class=\"flex max-w-full flex-col flex-grow\">\n<div class=\"min-h-8 text-message flex w-full flex-col items-end gap-2 whitespace-normal break-words [.text-message+&amp;]:mt-5\" dir=\"auto\" data-message-author-role=\"assistant\" data-message-id=\"52319cb9-6ee5-4949-bdf5-22d5acf7a38a\">\n<div class=\"flex w-full flex-col gap-1 empty:hidden first:pt-[3px]\">\n<div class=\"markdown prose w-full break-words dark:prose-invert light\">\n<p>Bu, vanna ota\u011f\u0131 \u00fc\u00e7\u00fcn m\u00fcasir dizaynda su armaturu d\u0259stidir. D\u0259sti, isti v\u0259 soyuq su \u00fc\u00e7\u00fcn ayr\u0131-ayr\u0131 valfl\u0259r, bir du\u015f ba\u015fl\u0131\u011f\u0131 v\u0259 geni\u015f bir su ax\u0131n\u0131 \u00fc\u00e7\u00fcn n\u0259z\u0259rd\u0259 tutulan musluktan ibar\u0259tdir. Parlaq xrom \u00f6rt\u00fcy\u00fc, d\u0259sti h\u0259m dayan\u0131ql\u0131 h\u0259m d\u0259 g\u00f6z\u0259l edir, suyun d\u0259qiq n\u0259zar\u0259tini t\u0259min ed\u0259n ergonomik dizayna malikdir, v\u0259 m\u00fcasir vanna otaqlar\u0131na \u0259la uy\u011funla\u015f\u0131r.<\/p>\n<\/div>\n<\/div>\n<\/div>\n<\/div>\n<div class=\"mb-2 flex gap-3 empty:hidden -ml-2\">\n<div class=\"items-center justify-start rounded-xl p-1 flex\">\n<div class=\"flex items-center\">\n<p>&nbsp;<\/p>\n<div class=\"flex\"><\/div>\n<div class=\"flex items-center pb-0\"><\/div>\n<\/div>\n<\/div>\n<\/div>\n","protected":false},"excerpt":{"rendered":"<p>This is a modern design bathroom faucet set. The set consists of separate valves for hot and cold water, a shower head and a faucet designed for a wide water flow. The shiny chrome finish makes the set both durable and beautiful, it has an ergonomic design that ensures precise water control, and fits perfectly into modern bathrooms. &nbsp;<\/p>","protected":false},"featured_media":23980,"comment_status":"closed","ping_status":"closed","template":"","meta":[],"product_brand":[],"product_cat":[411],"product_tag":[],"collection":[],"brand":[],"category_2":[],"catergory_brand":[],"class_list":{"0":"post-19572","1":"product","2":"type-product","3":"status-publish","4":"has-post-thumbnail","6":"product_cat-faucets","8":"first","9":"instock","10":"shipping-taxable","11":"product-type-simple"},"_links":{"self":[{"href":"https:\/\/simfoniya.az\/en\/wp-json\/wp\/v2\/product\/19572","targetHints":{"allow":["GET"]}}],"collection":[{"href":"https:\/\/simfoniya.az\/en\/wp-json\/wp\/v2\/product"}],"about":[{"href":"https:\/\/simfoniya.az\/en\/wp-json\/wp\/v2\/types\/product"}],"replies":[{"embeddable":true,"href":"https:\/\/simfoniya.az\/en\/wp-json\/wp\/v2\/comments?post=19572"}],"wp:featuredmedia":[{"embeddable":true,"href":"https:\/\/simfoniya.az\/en\/wp-json\/wp\/v2\/media\/23980"}],"wp:attachment":[{"href":"https:\/\/simfoniya.az\/en\/wp-json\/wp\/v2\/media?parent=19572"}],"wp:term":[{"taxonomy":"product_brand","embeddable":true,"href":"https:\/\/simfoniya.az\/en\/wp-json\/wp\/v2\/product_brand?post=19572"},{"taxonomy":"product_cat","embeddable":true,"href":"https:\/\/simfoniya.az\/en\/wp-json\/wp\/v2\/product_cat?post=19572"},{"taxonomy":"product_tag","embeddable":true,"href":"https:\/\/simfoniya.az\/en\/wp-json\/wp\/v2\/product_tag?post=19572"},{"taxonomy":"collection","embeddable":true,"href":"https:\/\/simfoniya.az\/en\/wp-json\/wp\/v2\/collection?post=19572"},{"taxonomy":"brand","embeddable":true,"href":"https:\/\/simfoniya.az\/en\/wp-json\/wp\/v2\/brand?post=19572"},{"taxonomy":"category_2","embeddable":true,"href":"https:\/\/simfoniya.az\/en\/wp-json\/wp\/v2\/category_2?post=19572"},{"taxonomy":"catergory_brand","embeddable":true,"href":"https:\/\/simfoniya.az\/en\/wp-json\/wp\/v2\/catergory_brand?post=19572"}],"curies":[{"name":"wp","href":"https:\/\/api.w.org\/{rel}","templated":true}]}}