{"id":19602,"date":"2024-06-02T11:32:09","date_gmt":"2024-06-02T11:32:09","guid":{"rendered":"https:\/\/simfoniya.az\/product\/teorema-scaccomatto-su-qarisdiricisi-qizili-8y37033-002\/"},"modified":"2024-10-01T18:52:39","modified_gmt":"2024-10-01T18:52:39","slug":"teorema-scaccomatto-su-qarisdiricisi-qizili-8y37033-002","status":"publish","type":"product","link":"https:\/\/simfoniya.az\/en\/product\/teorema-scaccomatto-su-qarisdiricisi-qizili-8y37033-002\/","title":{"rendered":"Teorema \/ Scaccomatto \/ Water faucet \/Golden"},"content":{"rendered":"<div class=\"flex max-w-full flex-col flex-grow\">\n<div class=\"min-h-8 text-message flex w-full flex-col items-end gap-2 whitespace-normal break-words [.text-message+&amp;]:mt-5\" dir=\"auto\" data-message-author-role=\"assistant\" data-message-id=\"81324195-2591-45da-b623-657c285d4ba1\">\n<div class=\"flex w-full flex-col gap-1 empty:hidden first:pt-[3px]\">\n<div class=\"markdown prose w-full break-words dark:prose-invert light\">\n<p>Bu y\u00fcks\u0259k kran, z\u0259rif q\u0131z\u0131l \u00f6rt\u00fcy\u00fc il\u0259 h\u0259m funksional, h\u0259m d\u0259 estetik bir g\u00f6r\u00fcn\u00fc\u015f t\u0259min edir. Tek kolu say\u0259sind\u0259 suyun temperaturunu v\u0259 ax\u0131n\u0131 rahat idar\u0259 etm\u0259y\u0259 imkan verir. Uzun boynu is\u0259 daha geni\u015f v\u0259 rahat istifad\u0259 sah\u0259si yarad\u0131r, lavabo v\u0259 m\u0259tb\u0259x kimi f\u0259rqli m\u0259kanlar \u00fc\u00e7\u00fcn uy\u011fundur.<\/p>\n<\/div>\n<\/div>\n<\/div>\n<\/div>\n<div class=\"mb-2 flex gap-3 empty:hidden -ml-2\">\n<div class=\"items-center justify-start rounded-xl p-1 flex\">\n<div class=\"flex items-center\"><button class=\"rounded-lg text-token-text-secondary hover:bg-token-main-surface-secondary\" aria-label=\"Read aloud\" data-testid=\"voice-play-turn-action-button\"><\/button><button class=\"rounded-lg text-token-text-secondary hover:bg-token-main-surface-secondary\" aria-label=\"\u041a\u043e\u043f\u0438\u0440\u043e\u0432\u0430\u0442\u044c\" data-testid=\"copy-turn-action-button\"><\/button><\/p>\n<div class=\"flex\"><\/div>\n<div class=\"flex items-center pb-0\"><\/div>\n<\/div>\n<\/div>\n<\/div>\n","protected":false},"excerpt":{"rendered":"<p>This tall faucet provides both a functional and aesthetic look with its elegant gold finish. Thanks to its single handle, it allows easy control of water temperature and flow. The long neck creates a wider and more convenient use area, suitable for different spaces such as sinks and kitchens.<\/p>","protected":false},"featured_media":19601,"comment_status":"closed","ping_status":"closed","template":"","meta":[],"product_brand":[],"product_cat":[411],"product_tag":[],"collection":[],"brand":[],"category_2":[],"catergory_brand":[],"class_list":{"0":"post-19602","1":"product","2":"type-product","3":"status-publish","4":"has-post-thumbnail","6":"product_cat-faucets","8":"first","9":"instock","10":"shipping-taxable","11":"product-type-simple"},"_links":{"self":[{"href":"https:\/\/simfoniya.az\/en\/wp-json\/wp\/v2\/product\/19602","targetHints":{"allow":["GET"]}}],"collection":[{"href":"https:\/\/simfoniya.az\/en\/wp-json\/wp\/v2\/product"}],"about":[{"href":"https:\/\/simfoniya.az\/en\/wp-json\/wp\/v2\/types\/product"}],"replies":[{"embeddable":true,"href":"https:\/\/simfoniya.az\/en\/wp-json\/wp\/v2\/comments?post=19602"}],"wp:featuredmedia":[{"embeddable":true,"href":"https:\/\/simfoniya.az\/en\/wp-json\/wp\/v2\/media\/19601"}],"wp:attachment":[{"href":"https:\/\/simfoniya.az\/en\/wp-json\/wp\/v2\/media?parent=19602"}],"wp:term":[{"taxonomy":"product_brand","embeddable":true,"href":"https:\/\/simfoniya.az\/en\/wp-json\/wp\/v2\/product_brand?post=19602"},{"taxonomy":"product_cat","embeddable":true,"href":"https:\/\/simfoniya.az\/en\/wp-json\/wp\/v2\/product_cat?post=19602"},{"taxonomy":"product_tag","embeddable":true,"href":"https:\/\/simfoniya.az\/en\/wp-json\/wp\/v2\/product_tag?post=19602"},{"taxonomy":"collection","embeddable":true,"href":"https:\/\/simfoniya.az\/en\/wp-json\/wp\/v2\/collection?post=19602"},{"taxonomy":"brand","embeddable":true,"href":"https:\/\/simfoniya.az\/en\/wp-json\/wp\/v2\/brand?post=19602"},{"taxonomy":"category_2","embeddable":true,"href":"https:\/\/simfoniya.az\/en\/wp-json\/wp\/v2\/category_2?post=19602"},{"taxonomy":"catergory_brand","embeddable":true,"href":"https:\/\/simfoniya.az\/en\/wp-json\/wp\/v2\/catergory_brand?post=19602"}],"curies":[{"name":"wp","href":"https:\/\/api.w.org\/{rel}","templated":true}]}}