{"id":19610,"date":"2024-06-02T11:32:25","date_gmt":"2024-06-02T11:32:25","guid":{"rendered":"https:\/\/simfoniya.az\/product\/teorema-shower-kit-divar-birlesmeli-tepe-dus-250mm-xrom-15237110043\/"},"modified":"2024-10-01T18:44:54","modified_gmt":"2024-10-01T18:44:54","slug":"teorema-shower-kit-divar-birlesmeli-tepe-dus-250mm-xrom-15237110043","status":"publish","type":"product","link":"https:\/\/simfoniya.az\/en\/product\/teorema-shower-kit-divar-birlesmeli-tepe-dus-250mm-xrom-15237110043\/","title":{"rendered":"Theorem \/ Shower head"},"content":{"rendered":"<div class=\"flex max-w-full flex-col flex-grow\">\n<div class=\"min-h-8 text-message flex w-full flex-col items-end gap-2 whitespace-normal break-words [.text-message+&amp;]:mt-5\" dir=\"auto\" data-message-author-role=\"assistant\" data-message-id=\"92cc23b7-9191-457d-92b8-a3117a16c043\">\n<div class=\"flex w-full flex-col gap-1 empty:hidden first:pt-[3px]\">\n<div class=\"markdown prose w-full break-words dark:prose-invert light\">\n<p>Bu du\u015f ba\u015fl\u0131\u011f\u0131, geni\u015f v\u0259 rahat bir su ax\u0131n\u0131 t\u0259min ed\u0259n dair\u0259vi dizayna malikdir. Qura\u015fd\u0131r\u0131lm\u0131\u015f divar qolu say\u0259sind\u0259, ba\u015fl\u0131q sabit bir h\u00fcnd\u00fcrl\u00fckd\u0259 yerl\u0259\u015fir v\u0259 geni\u015f su p\u00fcsk\u00fcrm\u0259 sah\u0259si t\u0259min edir. Suyun b\u0259rab\u0259r paylanmas\u0131n\u0131 t\u0259min ed\u0259n nozullar is\u0259 istifad\u0259\u00e7il\u0259r\u0259 y\u00fcng\u00fcl v\u0259 rahat bir du\u015f t\u0259cr\u00fcb\u0259si ya\u015fad\u0131r.<\/p>\n<\/div>\n<\/div>\n<\/div>\n<\/div>\n<div class=\"mb-2 flex gap-3 empty:hidden -ml-2\">\n<div class=\"items-center justify-start rounded-xl p-1 flex\">\n<div class=\"flex items-center\"><button class=\"rounded-lg text-token-text-secondary hover:bg-token-main-surface-secondary\" aria-label=\"Read aloud\" data-testid=\"voice-play-turn-action-button\"><\/button><button class=\"rounded-lg text-token-text-secondary hover:bg-token-main-surface-secondary\" aria-label=\"\u041a\u043e\u043f\u0438\u0440\u043e\u0432\u0430\u0442\u044c\" data-testid=\"copy-turn-action-button\"><\/button><\/p>\n<div class=\"flex\"><\/div>\n<div class=\"flex items-center pb-0\"><\/div>\n<\/div>\n<\/div>\n<\/div>\n","protected":false},"excerpt":{"rendered":"<p>This shower head has a circular design that provides a wide and comfortable flow of water. Thanks to the built-in wall arm, the nozzle is located at a constant height and provides a large water spray area. Nozzles that ensure even distribution of water give users a light and comfortable shower experience.<\/p>","protected":false},"featured_media":19609,"comment_status":"closed","ping_status":"closed","template":"","meta":[],"product_brand":[],"product_cat":[410],"product_tag":[],"collection":[],"brand":[],"category_2":[],"catergory_brand":[],"class_list":{"0":"post-19610","1":"product","2":"type-product","3":"status-publish","4":"has-post-thumbnail","6":"product_cat-shower-heads","8":"first","9":"instock","10":"shipping-taxable","11":"product-type-simple"},"_links":{"self":[{"href":"https:\/\/simfoniya.az\/en\/wp-json\/wp\/v2\/product\/19610","targetHints":{"allow":["GET"]}}],"collection":[{"href":"https:\/\/simfoniya.az\/en\/wp-json\/wp\/v2\/product"}],"about":[{"href":"https:\/\/simfoniya.az\/en\/wp-json\/wp\/v2\/types\/product"}],"replies":[{"embeddable":true,"href":"https:\/\/simfoniya.az\/en\/wp-json\/wp\/v2\/comments?post=19610"}],"wp:featuredmedia":[{"embeddable":true,"href":"https:\/\/simfoniya.az\/en\/wp-json\/wp\/v2\/media\/19609"}],"wp:attachment":[{"href":"https:\/\/simfoniya.az\/en\/wp-json\/wp\/v2\/media?parent=19610"}],"wp:term":[{"taxonomy":"product_brand","embeddable":true,"href":"https:\/\/simfoniya.az\/en\/wp-json\/wp\/v2\/product_brand?post=19610"},{"taxonomy":"product_cat","embeddable":true,"href":"https:\/\/simfoniya.az\/en\/wp-json\/wp\/v2\/product_cat?post=19610"},{"taxonomy":"product_tag","embeddable":true,"href":"https:\/\/simfoniya.az\/en\/wp-json\/wp\/v2\/product_tag?post=19610"},{"taxonomy":"collection","embeddable":true,"href":"https:\/\/simfoniya.az\/en\/wp-json\/wp\/v2\/collection?post=19610"},{"taxonomy":"brand","embeddable":true,"href":"https:\/\/simfoniya.az\/en\/wp-json\/wp\/v2\/brand?post=19610"},{"taxonomy":"category_2","embeddable":true,"href":"https:\/\/simfoniya.az\/en\/wp-json\/wp\/v2\/category_2?post=19610"},{"taxonomy":"catergory_brand","embeddable":true,"href":"https:\/\/simfoniya.az\/en\/wp-json\/wp\/v2\/catergory_brand?post=19610"}],"curies":[{"name":"wp","href":"https:\/\/api.w.org\/{rel}","templated":true}]}}