{"id":19616,"date":"2024-06-02T11:32:30","date_gmt":"2024-06-02T11:32:30","guid":{"rendered":"https:\/\/simfoniya.az\/product\/teorema-shut-off-aftafa-qizili-0332733-001\/"},"modified":"2024-10-01T18:35:08","modified_gmt":"2024-10-01T18:35:08","slug":"teorema-shut-off-aftafa-qizili-0332733-001","status":"publish","type":"product","link":"https:\/\/simfoniya.az\/en\/product\/teorema-shut-off-aftafa-qizili-0332733-001\/","title":{"rendered":"Theorem \/ Hand shower"},"content":{"rendered":"<div class=\"flex max-w-full flex-col flex-grow\">\n<div class=\"min-h-8 text-message flex w-full flex-col items-end gap-2 whitespace-normal break-words [.text-message+&amp;]:mt-5\" dir=\"auto\" data-message-author-role=\"assistant\" data-message-id=\"f6befc33-9695-4921-831f-de66955b7058\">\n<div class=\"flex w-full flex-col gap-1 empty:hidden first:pt-[3px]\">\n<div class=\"markdown prose w-full break-words dark:prose-invert light\">\n<p>Bu m\u0259hsul, vanna otaqlar\u0131 \u00fc\u00e7\u00fcn n\u0259z\u0259rd\u0259 tutulan funksional bir du\u015f ba\u015fl\u0131\u011f\u0131d\u0131r. Spiral boru v\u0259 rahat tutaca\u011f\u0131 il\u0259 istifad\u0259\u00e7il\u0259r\u0259 suyun istiqam\u0259tini asanl\u0131qla d\u0259yi\u015fm\u0259 imkan\u0131 verir. Kompakt \u00f6l\u00e7\u00fcl\u0259ri v\u0259 effektiv su ax\u0131n\u0131 il\u0259 bu du\u015f ba\u015fl\u0131\u011f\u0131, h\u0259m rahatl\u0131\u011f\u0131 h\u0259m d\u0259 funksionall\u0131\u011f\u0131 birl\u0259\u015fdirir, vannan\u0131z\u0131n t\u0259mizliyi v\u0259 s\u0259m\u0259r\u0259liliyi \u00fc\u00e7\u00fcn ideald\u0131r.<\/p>\n<\/div>\n<\/div>\n<\/div>\n<\/div>\n<div class=\"mb-2 flex gap-3 empty:hidden -ml-2\">\n<div class=\"items-center justify-start rounded-xl p-1 flex\">\n<div class=\"flex items-center\"><button class=\"rounded-lg text-token-text-secondary hover:bg-token-main-surface-secondary\" aria-label=\"Read aloud\" data-testid=\"voice-play-turn-action-button\"><\/button><button class=\"rounded-lg text-token-text-secondary hover:bg-token-main-surface-secondary\" aria-label=\"\u041a\u043e\u043f\u0438\u0440\u043e\u0432\u0430\u0442\u044c\" data-testid=\"copy-turn-action-button\"><\/button><\/p>\n<div class=\"flex\"><\/div>\n<div class=\"flex items-center pb-0\"><\/div>\n<\/div>\n<\/div>\n<\/div>\n","protected":false},"excerpt":{"rendered":"<p>This product is a functional shower head designed for bathrooms. With a spiral tube and convenient handle, it allows users to easily change the direction of the water. With its compact dimensions and efficient water flow, this shower head combines both comfort and functionality, ideal for the cleanliness and efficiency of your bathroom.<\/p>","protected":false},"featured_media":22614,"comment_status":"closed","ping_status":"closed","template":"","meta":[],"product_brand":[],"product_cat":[1402],"product_tag":[],"collection":[],"brand":[],"category_2":[],"catergory_brand":[],"class_list":{"0":"post-19616","1":"product","2":"type-product","3":"status-publish","4":"has-post-thumbnail","6":"product_cat-shower-hands","8":"first","9":"instock","10":"shipping-taxable","11":"product-type-simple"},"_links":{"self":[{"href":"https:\/\/simfoniya.az\/en\/wp-json\/wp\/v2\/product\/19616","targetHints":{"allow":["GET"]}}],"collection":[{"href":"https:\/\/simfoniya.az\/en\/wp-json\/wp\/v2\/product"}],"about":[{"href":"https:\/\/simfoniya.az\/en\/wp-json\/wp\/v2\/types\/product"}],"replies":[{"embeddable":true,"href":"https:\/\/simfoniya.az\/en\/wp-json\/wp\/v2\/comments?post=19616"}],"wp:featuredmedia":[{"embeddable":true,"href":"https:\/\/simfoniya.az\/en\/wp-json\/wp\/v2\/media\/22614"}],"wp:attachment":[{"href":"https:\/\/simfoniya.az\/en\/wp-json\/wp\/v2\/media?parent=19616"}],"wp:term":[{"taxonomy":"product_brand","embeddable":true,"href":"https:\/\/simfoniya.az\/en\/wp-json\/wp\/v2\/product_brand?post=19616"},{"taxonomy":"product_cat","embeddable":true,"href":"https:\/\/simfoniya.az\/en\/wp-json\/wp\/v2\/product_cat?post=19616"},{"taxonomy":"product_tag","embeddable":true,"href":"https:\/\/simfoniya.az\/en\/wp-json\/wp\/v2\/product_tag?post=19616"},{"taxonomy":"collection","embeddable":true,"href":"https:\/\/simfoniya.az\/en\/wp-json\/wp\/v2\/collection?post=19616"},{"taxonomy":"brand","embeddable":true,"href":"https:\/\/simfoniya.az\/en\/wp-json\/wp\/v2\/brand?post=19616"},{"taxonomy":"category_2","embeddable":true,"href":"https:\/\/simfoniya.az\/en\/wp-json\/wp\/v2\/category_2?post=19616"},{"taxonomy":"catergory_brand","embeddable":true,"href":"https:\/\/simfoniya.az\/en\/wp-json\/wp\/v2\/catergory_brand?post=19616"}],"curies":[{"name":"wp","href":"https:\/\/api.w.org\/{rel}","templated":true}]}}