{"id":19649,"date":"2024-06-02T11:33:04","date_gmt":"2024-06-02T11:33:04","guid":{"rendered":"https:\/\/simfoniya.az\/product\/teorema-tavan-tepe-dus-xrom-30cm-borusu-ile-birge-1588211-t01\/"},"modified":"2024-10-01T08:32:20","modified_gmt":"2024-10-01T08:32:20","slug":"teorema-tavan-tepe-dus-xrom-30cm-borusu-ile-birge-1588211-t01","status":"publish","type":"product","link":"https:\/\/simfoniya.az\/en\/product\/teorema-tavan-tepe-dus-xrom-30cm-borusu-ile-birge-1588211-t01\/","title":{"rendered":"Theorem \/ Shower head"},"content":{"rendered":"<div class=\"flex-shrink-0 flex flex-col relative items-end\">\n<div class=\"pt-0\">\n<div class=\"gizmo-bot-avatar flex h-8 w-8 items-center justify-center overflow-hidden rounded-full\">\n<div class=\"relative p-1 rounded-sm flex items-center justify-center bg-token-main-surface-primary text-token-text-primary h-8 w-8\">\n<div class=\"flex max-w-full flex-col flex-grow\">\n<div class=\"min-h-8 text-message flex w-full flex-col items-end gap-2 whitespace-normal break-words [.text-message+&amp;]:mt-5\" dir=\"auto\" data-message-author-role=\"assistant\" data-message-id=\"941e8b37-e8f8-4060-bdf4-6f488252afa7\">\n<div class=\"flex w-full flex-col gap-1 empty:hidden first:pt-[3px]\">\n<div class=\"markdown prose w-full break-words dark:prose-invert light\">\n<div class=\"flex max-w-full flex-col flex-grow\">\n<div class=\"min-h-8 text-message flex w-full flex-col items-end gap-2 whitespace-normal break-words [.text-message+&amp;]:mt-5\" dir=\"auto\" data-message-author-role=\"assistant\" data-message-id=\"46f0496d-f37f-4531-9269-1384a8425f5f\">\n<div class=\"flex w-full flex-col gap-1 empty:hidden first:pt-[3px]\">\n<div class=\"markdown prose w-full break-words dark:prose-invert light\">\n<p>Bu du\u015f ba\u015fl\u0131\u011f\u0131, modern v\u0259 sad\u0259 dizayn\u0131 il\u0259 tan\u0131n\u0131r. Divara monte edil\u0259n qura\u015fd\u0131rma \u00fcsulu il\u0259 vanna otaqlar\u0131na z\u0259riflik g\u0259tirir. Geni\u015f kvadrat formada ya\u011f\u0131\u015f d\u00fc\u015f\u0259n effektli ba\u015fl\u0131q, suyun geni\u015f v\u0259 b\u0259rab\u0259r paylanmas\u0131n\u0131 t\u0259min ed\u0259r\u0259k, istifad\u0259\u00e7il\u0259r\u0259 l\u00fcks v\u0259 rahat du\u015f t\u0259cr\u00fcb\u0259si verir. Metal r\u0259ngd\u0259 olan bu ba\u015fl\u0131q, h\u0259m d\u0259 davaml\u0131l\u0131\u011f\u0131 il\u0259 f\u0259rql\u0259nir, uzunm\u00fcdd\u0259tli istifad\u0259 \u00fc\u00e7\u00fcn ideald\u0131r.<\/p>\n<\/div>\n<\/div>\n<\/div>\n<\/div>\n<div class=\"mb-2 flex gap-3 empty:hidden -ml-2\">\n<div class=\"items-center justify-start rounded-xl p-1 flex\">\n<div class=\"flex items-center\">\n<p>&nbsp;<\/p>\n<div class=\"flex\"><\/div>\n<div class=\"flex items-center pb-0\"><\/div>\n<\/div>\n<\/div>\n<\/div>\n<\/div>\n<\/div>\n<\/div>\n<\/div>\n<\/div>\n<\/div>\n<\/div>\n<\/div>\n","protected":false},"excerpt":{"rendered":"<p>This shower head is known for its modern and simple design. It brings elegance to bathrooms with its wall-mounted installation method. The large square shaped rain effect head provides a wide and even distribution of water, giving users a luxurious and comfortable shower experience. This metallic-colored hood is also durable, ideal for long-term use. &nbsp;<\/p>","protected":false},"featured_media":22590,"comment_status":"closed","ping_status":"closed","template":"","meta":[],"product_brand":[],"product_cat":[410],"product_tag":[],"collection":[],"brand":[],"category_2":[],"catergory_brand":[],"class_list":{"0":"post-19649","1":"product","2":"type-product","3":"status-publish","4":"has-post-thumbnail","6":"product_cat-shower-heads","8":"first","9":"instock","10":"shipping-taxable","11":"product-type-simple"},"_links":{"self":[{"href":"https:\/\/simfoniya.az\/en\/wp-json\/wp\/v2\/product\/19649","targetHints":{"allow":["GET"]}}],"collection":[{"href":"https:\/\/simfoniya.az\/en\/wp-json\/wp\/v2\/product"}],"about":[{"href":"https:\/\/simfoniya.az\/en\/wp-json\/wp\/v2\/types\/product"}],"replies":[{"embeddable":true,"href":"https:\/\/simfoniya.az\/en\/wp-json\/wp\/v2\/comments?post=19649"}],"wp:featuredmedia":[{"embeddable":true,"href":"https:\/\/simfoniya.az\/en\/wp-json\/wp\/v2\/media\/22590"}],"wp:attachment":[{"href":"https:\/\/simfoniya.az\/en\/wp-json\/wp\/v2\/media?parent=19649"}],"wp:term":[{"taxonomy":"product_brand","embeddable":true,"href":"https:\/\/simfoniya.az\/en\/wp-json\/wp\/v2\/product_brand?post=19649"},{"taxonomy":"product_cat","embeddable":true,"href":"https:\/\/simfoniya.az\/en\/wp-json\/wp\/v2\/product_cat?post=19649"},{"taxonomy":"product_tag","embeddable":true,"href":"https:\/\/simfoniya.az\/en\/wp-json\/wp\/v2\/product_tag?post=19649"},{"taxonomy":"collection","embeddable":true,"href":"https:\/\/simfoniya.az\/en\/wp-json\/wp\/v2\/collection?post=19649"},{"taxonomy":"brand","embeddable":true,"href":"https:\/\/simfoniya.az\/en\/wp-json\/wp\/v2\/brand?post=19649"},{"taxonomy":"category_2","embeddable":true,"href":"https:\/\/simfoniya.az\/en\/wp-json\/wp\/v2\/category_2?post=19649"},{"taxonomy":"catergory_brand","embeddable":true,"href":"https:\/\/simfoniya.az\/en\/wp-json\/wp\/v2\/catergory_brand?post=19649"}],"curies":[{"name":"wp","href":"https:\/\/api.w.org\/{rel}","templated":true}]}}