{"id":19660,"date":"2024-06-02T11:33:11","date_gmt":"2024-06-02T11:33:11","guid":{"rendered":"https:\/\/simfoniya.az\/product\/teorema-theos-aftafa-ucun-su-qarisdiricisi-xrom-9221011-002\/"},"modified":"2024-10-01T07:33:43","modified_gmt":"2024-10-01T07:33:43","slug":"teorema-theos-aftafa-ucun-su-qarisdiricisi-xrom-9221011-002","status":"publish","type":"product","link":"https:\/\/simfoniya.az\/en\/product\/teorema-theos-aftafa-ucun-su-qarisdiricisi-xrom-9221011-002\/","title":{"rendered":"Teorema Theos \/ Water faucet \/ Chrom"},"content":{"rendered":"<div class=\"flex-shrink-0 flex flex-col relative items-end\">\n<div class=\"pt-0\">\n<div class=\"gizmo-bot-avatar flex h-8 w-8 items-center justify-center overflow-hidden rounded-full\">\n<div class=\"relative p-1 rounded-sm flex items-center justify-center bg-token-main-surface-primary text-token-text-primary h-8 w-8\">Bu klassik xrom hamam kran\u0131, \u0259n\u0259n\u0259vi xristall\u0131 qollar\u0131 v\u0259 iki du\u015f ba\u015fl\u0131\u011f\u0131 il\u0259 t\u0259chiz edilmi\u015fdir. Qollar suyun temperaturunu v\u0259 ax\u0131n\u0131n\u0131 d\u0259qiq t\u0259nziml\u0259m\u0259 imkan\u0131 verir, bu da istifad\u0259\u00e7iy\u0259 m\u00fck\u0259mm\u0259l n\u0259zar\u0259t t\u0259min edir. Bu kran h\u0259m i\u015fl\u0259klik, h\u0259m d\u0259 estetik c\u0259h\u0259td\u0259n z\u0259ngin bir hamam t\u0259cr\u00fcb\u0259si yaratmaq \u00fc\u00e7\u00fcn idealdir.<\/div>\n<\/div>\n<\/div>\n<\/div>\n<div class=\"group\/conversation-turn relative flex w-full min-w-0 flex-col agent-turn\">\n<div class=\"flex-col gap-1 md:gap-3\">\n<div class=\"flex max-w-full flex-col flex-grow\">\n<div class=\"min-h-[20px] text-message flex w-full flex-col items-end gap-2 whitespace-pre-wrap break-words [.text-message+&amp;]:mt-5 overflow-x-auto\" dir=\"auto\" data-message-author-role=\"assistant\" data-message-id=\"c1fdb54c-235a-4874-9052-7e926b4f6223\">\n<div class=\"flex w-full flex-col gap-1 empty:hidden first:pt-[3px]\">\n<div class=\"markdown prose w-full break-words dark:prose-invert dark\"><\/div>\n<\/div>\n<\/div>\n<\/div>\n<\/div>\n<\/div>\n","protected":false},"excerpt":{"rendered":"<p>This classic chrome bathroom faucet features traditional crystal handles and two shower heads. The levers allow precise adjustment of water temperature and flow, giving the user perfect control. This faucet is ideal for creating a bathroom experience that is both functional and aesthetically rich.<\/p>","protected":false},"featured_media":22584,"comment_status":"closed","ping_status":"closed","template":"","meta":[],"product_brand":[],"product_cat":[411],"product_tag":[],"collection":[],"brand":[],"category_2":[],"catergory_brand":[],"class_list":{"0":"post-19660","1":"product","2":"type-product","3":"status-publish","4":"has-post-thumbnail","6":"product_cat-faucets","8":"first","9":"instock","10":"shipping-taxable","11":"product-type-simple"},"_links":{"self":[{"href":"https:\/\/simfoniya.az\/en\/wp-json\/wp\/v2\/product\/19660","targetHints":{"allow":["GET"]}}],"collection":[{"href":"https:\/\/simfoniya.az\/en\/wp-json\/wp\/v2\/product"}],"about":[{"href":"https:\/\/simfoniya.az\/en\/wp-json\/wp\/v2\/types\/product"}],"replies":[{"embeddable":true,"href":"https:\/\/simfoniya.az\/en\/wp-json\/wp\/v2\/comments?post=19660"}],"wp:featuredmedia":[{"embeddable":true,"href":"https:\/\/simfoniya.az\/en\/wp-json\/wp\/v2\/media\/22584"}],"wp:attachment":[{"href":"https:\/\/simfoniya.az\/en\/wp-json\/wp\/v2\/media?parent=19660"}],"wp:term":[{"taxonomy":"product_brand","embeddable":true,"href":"https:\/\/simfoniya.az\/en\/wp-json\/wp\/v2\/product_brand?post=19660"},{"taxonomy":"product_cat","embeddable":true,"href":"https:\/\/simfoniya.az\/en\/wp-json\/wp\/v2\/product_cat?post=19660"},{"taxonomy":"product_tag","embeddable":true,"href":"https:\/\/simfoniya.az\/en\/wp-json\/wp\/v2\/product_tag?post=19660"},{"taxonomy":"collection","embeddable":true,"href":"https:\/\/simfoniya.az\/en\/wp-json\/wp\/v2\/collection?post=19660"},{"taxonomy":"brand","embeddable":true,"href":"https:\/\/simfoniya.az\/en\/wp-json\/wp\/v2\/brand?post=19660"},{"taxonomy":"category_2","embeddable":true,"href":"https:\/\/simfoniya.az\/en\/wp-json\/wp\/v2\/category_2?post=19660"},{"taxonomy":"catergory_brand","embeddable":true,"href":"https:\/\/simfoniya.az\/en\/wp-json\/wp\/v2\/catergory_brand?post=19660"}],"curies":[{"name":"wp","href":"https:\/\/api.w.org\/{rel}","templated":true}]}}