{"id":19696,"date":"2024-06-02T11:34:04","date_gmt":"2024-06-02T11:34:04","guid":{"rendered":"https:\/\/simfoniya.az\/product\/tres-loft-2-funksiyali-ama-qolu\/"},"modified":"2024-10-01T10:54:40","modified_gmt":"2024-10-01T10:54:40","slug":"tres-loft-2-funksiyali-ama-qolu","status":"publish","type":"product","link":"https:\/\/simfoniya.az\/en\/product\/tres-loft-2-funksiyali-ama-qolu\/","title":{"rendered":"Opening arm to Tres Loft \/ Bath"},"content":{"rendered":"<div class=\"flex max-w-full flex-col flex-grow\">\n<div class=\"min-h-8 text-message flex w-full flex-col items-end gap-2 whitespace-normal break-words [.text-message+&amp;]:mt-5\" dir=\"auto\" data-message-author-role=\"assistant\" data-message-id=\"02a94688-e639-4774-80d2-d17da1e398e0\">\n<div class=\"flex w-full flex-col gap-1 empty:hidden first:pt-[3px]\">\n<div class=\"markdown prose w-full break-words dark:prose-invert light\">\n<p>Bu divar montajl\u0131 du\u015f qar\u0131\u015fd\u0131r\u0131c\u0131s\u0131, modern xrom \u00f6rt\u00fckl\u00fc dizayn\u0131 il\u0259 se\u00e7ilir. \u0130ki d\u00f6n\u0259r tutacaq vasit\u0259sil\u0259 istilik v\u0259 ax\u0131n s\u0259viyy\u0259l\u0259rini d\u0259qiq t\u0259nziml\u0259m\u0259k m\u00fcmk\u00fcnd\u00fcr. Minimalist dizayn\u0131 il\u0259 h\u0259m g\u00f6z\u0259l g\u00f6r\u00fcn\u00fc\u015f t\u0259min edir, h\u0259m d\u0259 istifad\u0259si asand\u0131r, bu da onu m\u00fcasir hamam otaqlar\u0131 \u00fc\u00e7\u00fcn ideald\u0131r. Bu qar\u0131\u015fd\u0131r\u0131c\u0131, h\u0259m funkisionall\u0131\u011f\u0131 h\u0259m d\u0259 estetik g\u00f6r\u00fcn\u00fc\u015f\u00fc il\u0259 istifad\u0259\u00e7il\u0259rin t\u0259l\u0259bl\u0259rin\u0259 cavab ver\u0259 bil\u0259r.<\/p>\n<\/div>\n<\/div>\n<\/div>\n<\/div>\n<div class=\"mb-2 flex gap-3 empty:hidden -ml-2\">\n<div class=\"items-center justify-start rounded-xl p-1 flex\">\n<div class=\"flex items-center\">\n<p>&nbsp;<\/p>\n<div class=\"flex\"><\/div>\n<div class=\"flex items-center pb-0\"><\/div>\n<\/div>\n<\/div>\n<\/div>\n","protected":false},"excerpt":{"rendered":"<p>This wall-mounted shower mixer stands out with its modern chrome-plated design. It is possible to precisely adjust the heat and flow levels via two rotary knobs. With its minimalist design, it provides both good looks and ease of use, making it ideal for modern bathrooms. This mixer can meet the demands of users with both its functionality and aesthetic appearance. &nbsp;<\/p>","protected":false},"featured_media":23519,"comment_status":"closed","ping_status":"closed","template":"","meta":[],"product_brand":[],"product_cat":[1394],"product_tag":[],"collection":[],"brand":[],"category_2":[],"catergory_brand":[],"class_list":{"0":"post-19696","1":"product","2":"type-product","3":"status-publish","4":"has-post-thumbnail","6":"product_cat-shower-mixer","8":"first","9":"instock","10":"shipping-taxable","11":"product-type-simple"},"_links":{"self":[{"href":"https:\/\/simfoniya.az\/en\/wp-json\/wp\/v2\/product\/19696","targetHints":{"allow":["GET"]}}],"collection":[{"href":"https:\/\/simfoniya.az\/en\/wp-json\/wp\/v2\/product"}],"about":[{"href":"https:\/\/simfoniya.az\/en\/wp-json\/wp\/v2\/types\/product"}],"replies":[{"embeddable":true,"href":"https:\/\/simfoniya.az\/en\/wp-json\/wp\/v2\/comments?post=19696"}],"wp:featuredmedia":[{"embeddable":true,"href":"https:\/\/simfoniya.az\/en\/wp-json\/wp\/v2\/media\/23519"}],"wp:attachment":[{"href":"https:\/\/simfoniya.az\/en\/wp-json\/wp\/v2\/media?parent=19696"}],"wp:term":[{"taxonomy":"product_brand","embeddable":true,"href":"https:\/\/simfoniya.az\/en\/wp-json\/wp\/v2\/product_brand?post=19696"},{"taxonomy":"product_cat","embeddable":true,"href":"https:\/\/simfoniya.az\/en\/wp-json\/wp\/v2\/product_cat?post=19696"},{"taxonomy":"product_tag","embeddable":true,"href":"https:\/\/simfoniya.az\/en\/wp-json\/wp\/v2\/product_tag?post=19696"},{"taxonomy":"collection","embeddable":true,"href":"https:\/\/simfoniya.az\/en\/wp-json\/wp\/v2\/collection?post=19696"},{"taxonomy":"brand","embeddable":true,"href":"https:\/\/simfoniya.az\/en\/wp-json\/wp\/v2\/brand?post=19696"},{"taxonomy":"category_2","embeddable":true,"href":"https:\/\/simfoniya.az\/en\/wp-json\/wp\/v2\/category_2?post=19696"},{"taxonomy":"catergory_brand","embeddable":true,"href":"https:\/\/simfoniya.az\/en\/wp-json\/wp\/v2\/catergory_brand?post=19696"}],"curies":[{"name":"wp","href":"https:\/\/api.w.org\/{rel}","templated":true}]}}