{"id":19704,"date":"2024-06-02T11:34:09","date_gmt":"2024-06-02T11:34:09","guid":{"rendered":"https:\/\/simfoniya.az\/product\/tres-loft-vanna-su-qaridiricisi\/"},"modified":"2024-09-27T11:32:59","modified_gmt":"2024-09-27T11:32:59","slug":"tres-loft-vanna-su-qaridiricisi","status":"publish","type":"product","link":"https:\/\/simfoniya.az\/en\/product\/tres-loft-vanna-su-qaridiricisi\/","title":{"rendered":"Faucet for Tres Loft \/ Bathroom"},"content":{"rendered":"<div class=\"flex max-w-full flex-col flex-grow\">\n<div class=\"min-h-8 text-message flex w-full flex-col items-end gap-2 whitespace-normal break-words [.text-message+&amp;]:mt-5\" dir=\"auto\" data-message-author-role=\"assistant\" data-message-id=\"305c4d23-7cbb-4263-b723-b9c2b808e611\">\n<div class=\"flex w-full flex-col gap-1 empty:hidden first:pt-[3px]\">\n<div class=\"markdown prose w-full break-words dark:prose-invert light\">\n<p>Bu m\u00fcasir kran\u0131n qurulu\u015fu minimalizm v\u0259 funksionall\u0131\u011f\u0131 bir araya g\u0259tirir. Parlaq xrom \u00f6rt\u00fcy\u00fc il\u0259 daxili dizayna uy\u011funla\u015fan bu kran, du\u015f ba\u015fl\u0131\u011f\u0131na v\u0259 ayr\u0131ca bir qol il\u0259 suyun ax\u0131n\u0131 v\u0259 istiliyini d\u0259qiq t\u0259nziml\u0259m\u0259 imkan\u0131 t\u0259min edir. Du\u015f almaq \u00fc\u00e7\u00fcn z\u0259rif v\u0259 praktik bir h\u0259ll t\u0259klif ed\u0259n bu kran, m\u00fcasir vanna otaqlar\u0131na ideal uy\u011funluq t\u0259min edir.<\/p>\n<\/div>\n<\/div>\n<\/div>\n<\/div>\n<div class=\"mb-2 flex gap-3 empty:hidden -ml-2\">\n<div class=\"items-center justify-start rounded-xl p-1 flex\">\n<div class=\"flex items-center\"><button class=\"rounded-lg text-token-text-secondary hover:bg-token-main-surface-secondary\" aria-label=\"Read aloud\" data-testid=\"voice-play-turn-action-button\"><\/button><button class=\"rounded-lg text-token-text-secondary hover:bg-token-main-surface-secondary\" aria-label=\"\u041a\u043e\u043f\u0438\u0440\u043e\u0432\u0430\u0442\u044c\" data-testid=\"copy-turn-action-button\"><\/button><\/p>\n<div class=\"flex\"><\/div>\n<div class=\"flex items-center pb-0\"><\/div>\n<\/div>\n<\/div>\n<\/div>\n","protected":false},"excerpt":{"rendered":"<p>The design of this modern faucet combines minimalism and functionality. Matching the interior design with a shiny chrome finish, this faucet allows you to precisely adjust the flow and temperature of the water with a shower head and a separate arm. Offering an elegant and practical showering solution, this faucet is an ideal fit for modern bathrooms.<\/p>","protected":false},"featured_media":19703,"comment_status":"closed","ping_status":"closed","template":"","meta":[],"product_brand":[],"product_cat":[411],"product_tag":[],"collection":[],"brand":[],"category_2":[],"catergory_brand":[],"class_list":{"0":"post-19704","1":"product","2":"type-product","3":"status-publish","4":"has-post-thumbnail","6":"product_cat-faucets","8":"first","9":"instock","10":"shipping-taxable","11":"product-type-simple"},"_links":{"self":[{"href":"https:\/\/simfoniya.az\/en\/wp-json\/wp\/v2\/product\/19704","targetHints":{"allow":["GET"]}}],"collection":[{"href":"https:\/\/simfoniya.az\/en\/wp-json\/wp\/v2\/product"}],"about":[{"href":"https:\/\/simfoniya.az\/en\/wp-json\/wp\/v2\/types\/product"}],"replies":[{"embeddable":true,"href":"https:\/\/simfoniya.az\/en\/wp-json\/wp\/v2\/comments?post=19704"}],"wp:featuredmedia":[{"embeddable":true,"href":"https:\/\/simfoniya.az\/en\/wp-json\/wp\/v2\/media\/19703"}],"wp:attachment":[{"href":"https:\/\/simfoniya.az\/en\/wp-json\/wp\/v2\/media?parent=19704"}],"wp:term":[{"taxonomy":"product_brand","embeddable":true,"href":"https:\/\/simfoniya.az\/en\/wp-json\/wp\/v2\/product_brand?post=19704"},{"taxonomy":"product_cat","embeddable":true,"href":"https:\/\/simfoniya.az\/en\/wp-json\/wp\/v2\/product_cat?post=19704"},{"taxonomy":"product_tag","embeddable":true,"href":"https:\/\/simfoniya.az\/en\/wp-json\/wp\/v2\/product_tag?post=19704"},{"taxonomy":"collection","embeddable":true,"href":"https:\/\/simfoniya.az\/en\/wp-json\/wp\/v2\/collection?post=19704"},{"taxonomy":"brand","embeddable":true,"href":"https:\/\/simfoniya.az\/en\/wp-json\/wp\/v2\/brand?post=19704"},{"taxonomy":"category_2","embeddable":true,"href":"https:\/\/simfoniya.az\/en\/wp-json\/wp\/v2\/category_2?post=19704"},{"taxonomy":"catergory_brand","embeddable":true,"href":"https:\/\/simfoniya.az\/en\/wp-json\/wp\/v2\/catergory_brand?post=19704"}],"curies":[{"name":"wp","href":"https:\/\/api.w.org\/{rel}","templated":true}]}}