{"id":19710,"date":"2024-06-02T11:34:16","date_gmt":"2024-06-02T11:34:16","guid":{"rendered":"https:\/\/simfoniya.az\/product\/tres-max-1-funksiyali-ama-qolu\/"},"modified":"2024-10-01T10:51:59","modified_gmt":"2024-10-01T10:51:59","slug":"tres-max-1-funksiyali-ama-qolu","status":"publish","type":"product","link":"https:\/\/simfoniya.az\/en\/product\/tres-max-1-funksiyali-ama-qolu\/","title":{"rendered":"Tes Max \/ Water Mixer \/ 1 Function"},"content":{"rendered":"<div class=\"flex-shrink-0 flex flex-col relative items-end\">\n<div class=\"pt-0\">\n<div class=\"gizmo-bot-avatar flex h-8 w-8 items-center justify-center overflow-hidden rounded-full\">\n<div class=\"relative p-1 rounded-sm flex items-center justify-center bg-token-main-surface-primary text-token-text-primary h-8 w-8\">\n<div class=\"flex max-w-full flex-col flex-grow\">\n<div class=\"min-h-8 text-message flex w-full flex-col items-end gap-2 whitespace-normal break-words [.text-message+&amp;]:mt-5\" dir=\"auto\" data-message-author-role=\"assistant\" data-message-id=\"63743d1a-0837-41c2-a855-ea6bed0474b2\">\n<div class=\"flex w-full flex-col gap-1 empty:hidden first:pt-[3px]\">\n<div class=\"markdown prose w-full break-words dark:prose-invert light\">\n<p>Bu m\u00fcasir du\u015fun idar\u0259etm\u0259 paneli minimalist dizayna malikdir. Parlaq xrom \u00f6rt\u00fcy\u00fc il\u0259 estetik g\u00f6r\u00fcn\u00fc\u015f t\u0259min ed\u0259n bu panel, suyun istilik v\u0259 ax\u0131n s\u0259viyy\u0259sini d\u0259qiq t\u0259nziml\u0259m\u0259k \u00fc\u00e7\u00fcn dair\u0259vi v\u0259 sliyder idar\u0259etm\u0259 d\u00fcym\u0259l\u0259ri il\u0259 t\u0259chiz edilmi\u015fdir. \u0130deal v\u0259 funksional bir h\u0259ll t\u0259klif ed\u0259r\u0259k, h\u0259r hans\u0131 m\u00fcasir vanna ota\u011f\u0131na z\u0259rif bir toxunu\u015f \u0259lav\u0259 edir.<\/p>\n<\/div>\n<\/div>\n<\/div>\n<\/div>\n<div class=\"mb-2 flex gap-3 empty:hidden -ml-2\">\n<div class=\"items-center justify-start rounded-xl p-1 flex\">\n<div class=\"flex items-center\">\n<p>&nbsp;<\/p>\n<div class=\"flex\"><\/div>\n<div class=\"flex items-center pb-0\"><\/div>\n<\/div>\n<\/div>\n<\/div>\n<\/div>\n<\/div>\n<\/div>\n<\/div>\n","protected":false},"excerpt":{"rendered":"<p>The control panel of this modern shower has a minimalist design. This panel, which provides an aesthetic appearance with a shiny chrome finish, is equipped with rotary and slider control buttons to precisely adjust the water temperature and flow level. Offering an ideal and functional solution, it adds an elegant touch to any modern bathroom. &nbsp;<\/p>","protected":false},"featured_media":23517,"comment_status":"closed","ping_status":"closed","template":"","meta":[],"product_brand":[],"product_cat":[1394],"product_tag":[],"collection":[],"brand":[],"category_2":[],"catergory_brand":[],"class_list":{"0":"post-19710","1":"product","2":"type-product","3":"status-publish","4":"has-post-thumbnail","6":"product_cat-shower-mixer","8":"first","9":"instock","10":"shipping-taxable","11":"product-type-simple"},"_links":{"self":[{"href":"https:\/\/simfoniya.az\/en\/wp-json\/wp\/v2\/product\/19710","targetHints":{"allow":["GET"]}}],"collection":[{"href":"https:\/\/simfoniya.az\/en\/wp-json\/wp\/v2\/product"}],"about":[{"href":"https:\/\/simfoniya.az\/en\/wp-json\/wp\/v2\/types\/product"}],"replies":[{"embeddable":true,"href":"https:\/\/simfoniya.az\/en\/wp-json\/wp\/v2\/comments?post=19710"}],"wp:featuredmedia":[{"embeddable":true,"href":"https:\/\/simfoniya.az\/en\/wp-json\/wp\/v2\/media\/23517"}],"wp:attachment":[{"href":"https:\/\/simfoniya.az\/en\/wp-json\/wp\/v2\/media?parent=19710"}],"wp:term":[{"taxonomy":"product_brand","embeddable":true,"href":"https:\/\/simfoniya.az\/en\/wp-json\/wp\/v2\/product_brand?post=19710"},{"taxonomy":"product_cat","embeddable":true,"href":"https:\/\/simfoniya.az\/en\/wp-json\/wp\/v2\/product_cat?post=19710"},{"taxonomy":"product_tag","embeddable":true,"href":"https:\/\/simfoniya.az\/en\/wp-json\/wp\/v2\/product_tag?post=19710"},{"taxonomy":"collection","embeddable":true,"href":"https:\/\/simfoniya.az\/en\/wp-json\/wp\/v2\/collection?post=19710"},{"taxonomy":"brand","embeddable":true,"href":"https:\/\/simfoniya.az\/en\/wp-json\/wp\/v2\/brand?post=19710"},{"taxonomy":"category_2","embeddable":true,"href":"https:\/\/simfoniya.az\/en\/wp-json\/wp\/v2\/category_2?post=19710"},{"taxonomy":"catergory_brand","embeddable":true,"href":"https:\/\/simfoniya.az\/en\/wp-json\/wp\/v2\/catergory_brand?post=19710"}],"curies":[{"name":"wp","href":"https:\/\/api.w.org\/{rel}","templated":true}]}}