{"id":19723,"date":"2024-06-02T11:34:34","date_gmt":"2024-06-02T11:34:34","guid":{"rendered":"https:\/\/simfoniya.az\/product\/tres-monoclasic-190-vanna-su-qaridiricisi\/"},"modified":"2024-09-27T11:18:16","modified_gmt":"2024-09-27T11:18:16","slug":"tres-monoclasic-190-vanna-su-qaridiricisi","status":"publish","type":"product","link":"https:\/\/simfoniya.az\/en\/product\/tres-monoclasic-190-vanna-su-qaridiricisi\/","title":{"rendered":"Tres Monoclasic \/ Water mixer"},"content":{"rendered":"<div class=\"flex max-w-full flex-col flex-grow\">\n<div class=\"min-h-8 text-message flex w-full flex-col items-end gap-2 whitespace-normal break-words [.text-message+&amp;]:mt-5\" dir=\"auto\" data-message-author-role=\"assistant\" data-message-id=\"4f86b325-8f40-44f0-add2-5344f3a18a1c\">\n<div class=\"flex w-full flex-col gap-1 empty:hidden first:pt-[3px]\">\n<div class=\"markdown prose w-full break-words dark:prose-invert light\">\n<p>Bu parlaq xrom \u00f6rt\u00fckl\u00fc divar montajl\u0131 kran, iki yan tutaca\u011f\u0131 il\u0259 h\u0259m isti, h\u0259m d\u0259 soyuq su ax\u0131nlar\u0131n\u0131 idar\u0259 etm\u0259y\u0259 imkan verir. Kran\u0131n dizayn\u0131, klassik v\u0259 z\u0259rif x\u0259tl\u0259ri il\u0259 h\u0259m funksionall\u0131\u011f\u0131, h\u0259m d\u0259 estetik c\u0259lbediciliyi t\u0259min edir. Y\u00fcks\u0259k keyfiyy\u0259tli materiallar\u0131 say\u0259sind\u0259 uzun\u00f6m\u00fcrl\u00fc v\u0259 davaml\u0131d\u0131r, bu da onu h\u0259r hans\u0131 hamam ota\u011f\u0131 \u00fc\u00e7\u00fcn ideal se\u00e7im edir.<\/p>\n<\/div>\n<\/div>\n<\/div>\n<\/div>\n<div class=\"mb-2 flex gap-3 empty:hidden -ml-2\">\n<div class=\"items-center justify-start rounded-xl p-1 flex\">\n<div class=\"flex items-center\"><button class=\"rounded-lg text-token-text-secondary hover:bg-token-main-surface-secondary\" aria-label=\"Read aloud\" data-testid=\"voice-play-turn-action-button\"><\/button><button class=\"rounded-lg text-token-text-secondary hover:bg-token-main-surface-secondary\" aria-label=\"\u041a\u043e\u043f\u0438\u0440\u043e\u0432\u0430\u0442\u044c\" data-testid=\"copy-turn-action-button\"><\/button><\/p>\n<div class=\"flex\"><\/div>\n<div class=\"flex items-center pb-0\"><\/div>\n<\/div>\n<\/div>\n<\/div>\n","protected":false},"excerpt":{"rendered":"<p>This sleek chrome-plated wall-mounted faucet allows you to control both hot and cold water flows with its two side handles. The design of the faucet provides both functionality and aesthetic appeal with its classic and elegant lines. It is long-lasting and durable thanks to its high-quality materials, making it an ideal choice for any bathroom.<\/p>","protected":false},"featured_media":19722,"comment_status":"closed","ping_status":"closed","template":"","meta":[],"product_brand":[],"product_cat":[1397],"product_tag":[],"collection":[],"brand":[],"category_2":[],"catergory_brand":[],"class_list":{"0":"post-19723","1":"product","2":"type-product","3":"status-publish","4":"has-post-thumbnail","6":"product_cat-basin-water-bath-mixer","8":"first","9":"instock","10":"shipping-taxable","11":"product-type-simple"},"_links":{"self":[{"href":"https:\/\/simfoniya.az\/en\/wp-json\/wp\/v2\/product\/19723","targetHints":{"allow":["GET"]}}],"collection":[{"href":"https:\/\/simfoniya.az\/en\/wp-json\/wp\/v2\/product"}],"about":[{"href":"https:\/\/simfoniya.az\/en\/wp-json\/wp\/v2\/types\/product"}],"replies":[{"embeddable":true,"href":"https:\/\/simfoniya.az\/en\/wp-json\/wp\/v2\/comments?post=19723"}],"wp:featuredmedia":[{"embeddable":true,"href":"https:\/\/simfoniya.az\/en\/wp-json\/wp\/v2\/media\/19722"}],"wp:attachment":[{"href":"https:\/\/simfoniya.az\/en\/wp-json\/wp\/v2\/media?parent=19723"}],"wp:term":[{"taxonomy":"product_brand","embeddable":true,"href":"https:\/\/simfoniya.az\/en\/wp-json\/wp\/v2\/product_brand?post=19723"},{"taxonomy":"product_cat","embeddable":true,"href":"https:\/\/simfoniya.az\/en\/wp-json\/wp\/v2\/product_cat?post=19723"},{"taxonomy":"product_tag","embeddable":true,"href":"https:\/\/simfoniya.az\/en\/wp-json\/wp\/v2\/product_tag?post=19723"},{"taxonomy":"collection","embeddable":true,"href":"https:\/\/simfoniya.az\/en\/wp-json\/wp\/v2\/collection?post=19723"},{"taxonomy":"brand","embeddable":true,"href":"https:\/\/simfoniya.az\/en\/wp-json\/wp\/v2\/brand?post=19723"},{"taxonomy":"category_2","embeddable":true,"href":"https:\/\/simfoniya.az\/en\/wp-json\/wp\/v2\/category_2?post=19723"},{"taxonomy":"catergory_brand","embeddable":true,"href":"https:\/\/simfoniya.az\/en\/wp-json\/wp\/v2\/catergory_brand?post=19723"}],"curies":[{"name":"wp","href":"https:\/\/api.w.org\/{rel}","templated":true}]}}