{"id":19733,"date":"2024-06-02T11:34:42","date_gmt":"2024-06-02T11:34:42","guid":{"rendered":"https:\/\/simfoniya.az\/product\/tres-retro-el-dulu-vanna-su-qaridiricisi\/"},"modified":"2024-09-27T11:07:42","modified_gmt":"2024-09-27T11:07:42","slug":"tres-retro-el-dulu-vanna-su-qaridiricisi","status":"publish","type":"product","link":"https:\/\/simfoniya.az\/en\/product\/tres-retro-el-dulu-vanna-su-qaridiricisi\/","title":{"rendered":"Tres Retro \/ Bathroom faucet"},"content":{"rendered":"<div class=\"flex max-w-full flex-col flex-grow\">\n<div class=\"min-h-8 text-message flex w-full flex-col items-end gap-2 whitespace-normal break-words [.text-message+&amp;]:mt-5\" dir=\"auto\" data-message-author-role=\"assistant\" data-message-id=\"983daec9-638f-4cb7-b01f-ff8e82cbd805\">\n<div class=\"flex w-full flex-col gap-1 empty:hidden first:pt-[3px]\">\n<div class=\"markdown prose w-full break-words dark:prose-invert light\">\n<p>Bu klassik dizaynl\u0131 du\u015f kran\u0131, parlaq xrom \u00f6rt\u00fckl\u00fc olub, h\u0259r hans\u0131 vanna ota\u011f\u0131na g\u00f6z\u0259llik \u0259lav\u0259 edir. Xarakterik x\u00fcsusiyy\u0259tl\u0259ri aras\u0131nda, suyun istiliyini v\u0259 ax\u0131n\u0131n\u0131 d\u0259qiq t\u0259nziml\u0259m\u0259y\u0259 imkan ver\u0259n iki tutacaq v\u0259 ayr\u0131ca bir du\u015f ba\u015fl\u0131\u011f\u0131 \u00fc\u00e7\u00fcn borusu yer al\u0131r. Bu dizayn, hem funksional, hem d\u0259 g\u00f6z\u0259l g\u00f6r\u00fcn\u00fc\u015f\u0259 sahibdir, istifad\u0259\u00e7il\u0259r\u0259 su istifad\u0259sind\u0259 tam n\u0259zar\u0259t t\u0259klif edir.<\/p>\n<\/div>\n<\/div>\n<\/div>\n<\/div>\n<div class=\"mb-2 flex gap-3 empty:hidden -ml-2\">\n<div class=\"items-center justify-start rounded-xl p-1 flex\">\n<div class=\"flex items-center\"><button class=\"rounded-lg text-token-text-secondary hover:bg-token-main-surface-secondary\" aria-label=\"Read aloud\" data-testid=\"voice-play-turn-action-button\"><\/button><button class=\"rounded-lg text-token-text-secondary hover:bg-token-main-surface-secondary\" aria-label=\"\u041a\u043e\u043f\u0438\u0440\u043e\u0432\u0430\u0442\u044c\" data-testid=\"copy-turn-action-button\"><\/button><\/p>\n<div class=\"flex\"><\/div>\n<div class=\"flex items-center pb-0\"><\/div>\n<\/div>\n<\/div>\n<\/div>\n","protected":false},"excerpt":{"rendered":"<p>This classically designed shower faucet with a shiny chrome finish adds beauty to any bathroom. Characteristic features include two handles that allow you to precisely adjust the water temperature and flow, and a separate shower head tube. This design is both functional and beautiful, offering users complete control over water usage.<\/p>","protected":false},"featured_media":19732,"comment_status":"closed","ping_status":"closed","template":"","meta":[],"product_brand":[],"product_cat":[1397],"product_tag":[],"collection":[],"brand":[],"category_2":[],"catergory_brand":[],"class_list":{"0":"post-19733","1":"product","2":"type-product","3":"status-publish","4":"has-post-thumbnail","6":"product_cat-basin-water-bath-mixer","8":"first","9":"instock","10":"shipping-taxable","11":"product-type-simple"},"_links":{"self":[{"href":"https:\/\/simfoniya.az\/en\/wp-json\/wp\/v2\/product\/19733","targetHints":{"allow":["GET"]}}],"collection":[{"href":"https:\/\/simfoniya.az\/en\/wp-json\/wp\/v2\/product"}],"about":[{"href":"https:\/\/simfoniya.az\/en\/wp-json\/wp\/v2\/types\/product"}],"replies":[{"embeddable":true,"href":"https:\/\/simfoniya.az\/en\/wp-json\/wp\/v2\/comments?post=19733"}],"wp:featuredmedia":[{"embeddable":true,"href":"https:\/\/simfoniya.az\/en\/wp-json\/wp\/v2\/media\/19732"}],"wp:attachment":[{"href":"https:\/\/simfoniya.az\/en\/wp-json\/wp\/v2\/media?parent=19733"}],"wp:term":[{"taxonomy":"product_brand","embeddable":true,"href":"https:\/\/simfoniya.az\/en\/wp-json\/wp\/v2\/product_brand?post=19733"},{"taxonomy":"product_cat","embeddable":true,"href":"https:\/\/simfoniya.az\/en\/wp-json\/wp\/v2\/product_cat?post=19733"},{"taxonomy":"product_tag","embeddable":true,"href":"https:\/\/simfoniya.az\/en\/wp-json\/wp\/v2\/product_tag?post=19733"},{"taxonomy":"collection","embeddable":true,"href":"https:\/\/simfoniya.az\/en\/wp-json\/wp\/v2\/collection?post=19733"},{"taxonomy":"brand","embeddable":true,"href":"https:\/\/simfoniya.az\/en\/wp-json\/wp\/v2\/brand?post=19733"},{"taxonomy":"category_2","embeddable":true,"href":"https:\/\/simfoniya.az\/en\/wp-json\/wp\/v2\/category_2?post=19733"},{"taxonomy":"catergory_brand","embeddable":true,"href":"https:\/\/simfoniya.az\/en\/wp-json\/wp\/v2\/catergory_brand?post=19733"}],"curies":[{"name":"wp","href":"https:\/\/api.w.org\/{rel}","templated":true}]}}