{"id":19739,"date":"2024-06-02T11:34:55","date_gmt":"2024-06-02T11:34:55","guid":{"rendered":"https:\/\/simfoniya.az\/product\/tres-retro-anaq-su-qaridiricisi-2\/"},"modified":"2024-09-27T11:27:02","modified_gmt":"2024-09-27T11:27:02","slug":"tres-retro-anaq-su-qaridiricisi-2","status":"publish","type":"product","link":"https:\/\/simfoniya.az\/en\/product\/tres-retro-anaq-su-qaridiricisi-2\/","title":{"rendered":"Tres Retro \/ Water mixer"},"content":{"rendered":"<div class=\"flex max-w-full flex-col flex-grow\">\n<div class=\"min-h-8 text-message flex w-full flex-col items-end gap-2 whitespace-normal break-words [.text-message+&amp;]:mt-5\" dir=\"auto\" data-message-author-role=\"assistant\" data-message-id=\"3517f685-ee27-484e-983a-06533b74a9b6\">\n<div class=\"flex w-full flex-col gap-1 empty:hidden first:pt-[3px]\">\n<div class=\"markdown prose w-full break-words dark:prose-invert light\">\n<p>Bu klassik dizaynl\u0131 kran, \u00e7arpay\u0131 tipli qolu il\u0259 k\u00f6hn\u0259 d\u00f6vr\u00fcn estetikas\u0131n\u0131 m\u00fcasir vanna otaqlar\u0131na da\u015f\u0131y\u0131r. Parlaq xrom \u00f6rt\u00fcy\u00fc il\u0259 g\u00f6z ox\u015fay\u0131r v\u0259 su ax\u0131n\u0131n\u0131 n\u0259zar\u0259td\u0259 saxlamaq \u00fc\u00e7\u00fcn iki ayr\u0131ca tutaca\u011fa malikdir. Bu kran, h\u0259m praktiklik h\u0259m d\u0259 g\u00f6z\u0259llik bax\u0131m\u0131ndan istifad\u0259\u00e7il\u0259rin b\u0259y\u0259n\u0259c\u0259yi bir se\u00e7imdir.<\/p>\n<\/div>\n<\/div>\n<\/div>\n<\/div>\n<div class=\"mb-2 flex gap-3 empty:hidden -ml-2\">\n<div class=\"items-center justify-start rounded-xl p-1 flex\">\n<div class=\"flex items-center\"><button class=\"rounded-lg text-token-text-secondary hover:bg-token-main-surface-secondary\" aria-label=\"Read aloud\" data-testid=\"voice-play-turn-action-button\"><\/button><button class=\"rounded-lg text-token-text-secondary hover:bg-token-main-surface-secondary\" aria-label=\"\u041a\u043e\u043f\u0438\u0440\u043e\u0432\u0430\u0442\u044c\" data-testid=\"copy-turn-action-button\"><\/button><\/p>\n<div class=\"flex\"><\/div>\n<div class=\"flex items-center pb-0\"><\/div>\n<\/div>\n<\/div>\n<\/div>\n","protected":false},"excerpt":{"rendered":"<p>This classically designed faucet brings the aesthetics of a bygone era to modern bathrooms with its bed-style handle. It is eye-catching with its shiny chrome finish and has two separate handles to keep the water flow under control. This faucet is a choice that users will like both in terms of practicality and beauty.<\/p>","protected":false},"featured_media":19738,"comment_status":"closed","ping_status":"closed","template":"","meta":[],"product_brand":[],"product_cat":[1397],"product_tag":[],"collection":[],"brand":[],"category_2":[],"catergory_brand":[],"class_list":{"0":"post-19739","1":"product","2":"type-product","3":"status-publish","4":"has-post-thumbnail","6":"product_cat-basin-water-bath-mixer","8":"first","9":"instock","10":"shipping-taxable","11":"product-type-simple"},"_links":{"self":[{"href":"https:\/\/simfoniya.az\/en\/wp-json\/wp\/v2\/product\/19739","targetHints":{"allow":["GET"]}}],"collection":[{"href":"https:\/\/simfoniya.az\/en\/wp-json\/wp\/v2\/product"}],"about":[{"href":"https:\/\/simfoniya.az\/en\/wp-json\/wp\/v2\/types\/product"}],"replies":[{"embeddable":true,"href":"https:\/\/simfoniya.az\/en\/wp-json\/wp\/v2\/comments?post=19739"}],"wp:featuredmedia":[{"embeddable":true,"href":"https:\/\/simfoniya.az\/en\/wp-json\/wp\/v2\/media\/19738"}],"wp:attachment":[{"href":"https:\/\/simfoniya.az\/en\/wp-json\/wp\/v2\/media?parent=19739"}],"wp:term":[{"taxonomy":"product_brand","embeddable":true,"href":"https:\/\/simfoniya.az\/en\/wp-json\/wp\/v2\/product_brand?post=19739"},{"taxonomy":"product_cat","embeddable":true,"href":"https:\/\/simfoniya.az\/en\/wp-json\/wp\/v2\/product_cat?post=19739"},{"taxonomy":"product_tag","embeddable":true,"href":"https:\/\/simfoniya.az\/en\/wp-json\/wp\/v2\/product_tag?post=19739"},{"taxonomy":"collection","embeddable":true,"href":"https:\/\/simfoniya.az\/en\/wp-json\/wp\/v2\/collection?post=19739"},{"taxonomy":"brand","embeddable":true,"href":"https:\/\/simfoniya.az\/en\/wp-json\/wp\/v2\/brand?post=19739"},{"taxonomy":"category_2","embeddable":true,"href":"https:\/\/simfoniya.az\/en\/wp-json\/wp\/v2\/category_2?post=19739"},{"taxonomy":"catergory_brand","embeddable":true,"href":"https:\/\/simfoniya.az\/en\/wp-json\/wp\/v2\/catergory_brand?post=19739"}],"curies":[{"name":"wp","href":"https:\/\/api.w.org\/{rel}","templated":true}]}}