{"id":19741,"date":"2024-06-02T11:34:56","date_gmt":"2024-06-02T11:34:56","guid":{"rendered":"https:\/\/simfoniya.az\/product\/tres-retro-untaz-su-qaridiricisi\/"},"modified":"2024-09-27T11:01:49","modified_gmt":"2024-09-27T11:01:49","slug":"tres-retro-untaz-su-qaridiricisi","status":"publish","type":"product","link":"https:\/\/simfoniya.az\/en\/product\/tres-retro-untaz-su-qaridiricisi\/","title":{"rendered":"Tres Retro \/ Toilet mixer"},"content":{"rendered":"<div class=\"flex-1 overflow-hidden\">\n<div class=\"h-full\">\n<div class=\"react-scroll-to-bottom--css-vqexu-79elbk h-full\">\n<div class=\"react-scroll-to-bottom--css-vqexu-1n7m0yu\">\n<div class=\"flex flex-col text-sm md:pb-9\">\n<article class=\"w-full text-token-text-primary focus-visible:outline-2 focus-visible:outline-offset-[-4px]\" dir=\"auto\" data-testid=\"conversation-turn-249\" data-scroll-anchor=\"true\">\n<div class=\"text-base py-[18px] px-3 md:px-4 m-auto w-full md:px-5 lg:px-4 xl:px-5\">\n<div class=\"mx-auto flex flex-1 gap-4 text-base md:gap-5 lg:gap-6 md:max-w-3xl lg:max-w-[40rem] xl:max-w-[48rem]\">\n<div class=\"group\/conversation-turn relative flex w-full min-w-0 flex-col agent-turn\">\n<div class=\"flex-col gap-1 md:gap-3\">\n<div class=\"flex max-w-full flex-col flex-grow\">\n<div class=\"min-h-8 text-message flex w-full flex-col items-end gap-2 whitespace-normal break-words [.text-message+&amp;]:mt-5\" dir=\"auto\" data-message-author-role=\"assistant\" data-message-id=\"ec418bfb-e53c-4936-adcd-539cdb76863e\">\n<div class=\"flex w-full flex-col gap-1 empty:hidden first:pt-[3px]\">\n<div class=\"markdown prose w-full break-words dark:prose-invert light\">\n<p>Bu retro stil kran, klassik dizayna malikd\u0131r v\u0259 iki \u0259l tutaca\u011f\u0131 il\u0259 t\u0259chiz edilmi\u015fdir ki, bu da suyun istiliyini v\u0259 ax\u0131n\u0131n\u0131 d\u0259qiq idar\u0259 etm\u0259y\u0259 imkan verir. Y\u00fcks\u0259k keyfiyy\u0259tli xrom \u00f6rt\u00fcy\u00fc il\u0259, bu kran davaml\u0131l\u0131q v\u0259 asan t\u0259mizl\u0259nm\u0259 t\u0259min edir. Onun simmetrik dizayn\u0131 h\u0259m g\u00f6z\u0259llik, h\u0259m d\u0259 funksionall\u0131q bax\u0131m\u0131ndan ideal balans yarad\u0131r, bu da onu h\u0259r hans\u0131 bir vanna ota\u011f\u0131 \u00fc\u00e7\u00fcn \u0259la se\u00e7im\u0259 \u00e7evirir.<\/p>\n<\/div>\n<\/div>\n<\/div>\n<\/div>\n<div class=\"mb-2 flex gap-3 empty:hidden -ml-2\">\n<div class=\"items-center justify-start rounded-xl p-1 flex\"><\/div>\n<\/div>\n<\/div>\n<\/div>\n<\/div>\n<\/div>\n<\/article>\n<\/div>\n<\/div>\n<\/div>\n<\/div>\n<\/div>\n<div class=\"md:pt-0 dark:border-white\/20 md:border-transparent md:dark:border-transparent w-full\">\n<div class=\"\">\n<div class=\"text-base px-3 md:px-4 m-auto w-full md:px-5 lg:px-4 xl:px-5\">\n<div class=\"mx-auto flex flex-1 gap-4 text-base md:gap-5 lg:gap-6 md:max-w-3xl lg:max-w-[40rem] xl:max-w-[48rem]\">\n<form class=\"w-full\" aria-haspopup=\"dialog\" aria-expanded=\"false\" aria-controls=\"radix-:Rqkjda92mr5:\" data-state=\"closed\">\n<div class=\"relative flex h-full max-w-full flex-1 flex-col\">\n<div class=\"group relative flex w-full items-center\">\n<div class=\"flex w-full flex-col gap-1.5 rounded-[26px] p-1.5 transition-colors bg-[#f4f4f4] dark:bg-token-main-surface-secondary\">\n<div class=\"flex items-end gap-1.5 pl-4 md:gap-2\">\n<div class=\"flex min-w-0 flex-1 flex-col\">\n<div class=\"_prosemirror-parent_15ceg_1 text-token-text-primary max-h-[25dvh] max-h-52 overflow-auto default-browser\"><\/div>\n<\/div>\n<\/div>\n<\/div>\n<\/div>\n<\/div>\n<\/form>\n<\/div>\n<\/div>\n<\/div>\n<\/div>\n","protected":false},"excerpt":{"rendered":"<p>Bu retro stil kran, klassik dizayna malikd\u0131r v\u0259 iki \u0259l tutaca\u011f\u0131 il\u0259 t\u0259chiz edilmi\u015fdir ki, bu da suyun istiliyini v\u0259 ax\u0131n\u0131n\u0131 d\u0259qiq idar\u0259 etm\u0259y\u0259 imkan verir. Y\u00fcks\u0259k keyfiyy\u0259tli xrom \u00f6rt\u00fcy\u00fc il\u0259, bu kran davaml\u0131l\u0131q v\u0259 asan t\u0259mizl\u0259nm\u0259 t\u0259min edir. Onun simmetrik dizayn\u0131 h\u0259m g\u00f6z\u0259llik, h\u0259m d\u0259 funksionall\u0131q bax\u0131m\u0131ndan ideal balans yarad\u0131r, bu da onu h\u0259r hans\u0131 bir vanna ota\u011f\u0131 \u00fc\u00e7\u00fcn\u2026<\/p>","protected":false},"featured_media":19740,"comment_status":"closed","ping_status":"closed","template":"","meta":[],"product_brand":[],"product_cat":[1397],"product_tag":[],"collection":[],"brand":[],"category_2":[],"catergory_brand":[],"class_list":{"0":"post-19741","1":"product","2":"type-product","3":"status-publish","4":"has-post-thumbnail","6":"product_cat-basin-water-bath-mixer","8":"first","9":"instock","10":"shipping-taxable","11":"product-type-simple"},"_links":{"self":[{"href":"https:\/\/simfoniya.az\/en\/wp-json\/wp\/v2\/product\/19741","targetHints":{"allow":["GET"]}}],"collection":[{"href":"https:\/\/simfoniya.az\/en\/wp-json\/wp\/v2\/product"}],"about":[{"href":"https:\/\/simfoniya.az\/en\/wp-json\/wp\/v2\/types\/product"}],"replies":[{"embeddable":true,"href":"https:\/\/simfoniya.az\/en\/wp-json\/wp\/v2\/comments?post=19741"}],"wp:featuredmedia":[{"embeddable":true,"href":"https:\/\/simfoniya.az\/en\/wp-json\/wp\/v2\/media\/19740"}],"wp:attachment":[{"href":"https:\/\/simfoniya.az\/en\/wp-json\/wp\/v2\/media?parent=19741"}],"wp:term":[{"taxonomy":"product_brand","embeddable":true,"href":"https:\/\/simfoniya.az\/en\/wp-json\/wp\/v2\/product_brand?post=19741"},{"taxonomy":"product_cat","embeddable":true,"href":"https:\/\/simfoniya.az\/en\/wp-json\/wp\/v2\/product_cat?post=19741"},{"taxonomy":"product_tag","embeddable":true,"href":"https:\/\/simfoniya.az\/en\/wp-json\/wp\/v2\/product_tag?post=19741"},{"taxonomy":"collection","embeddable":true,"href":"https:\/\/simfoniya.az\/en\/wp-json\/wp\/v2\/collection?post=19741"},{"taxonomy":"brand","embeddable":true,"href":"https:\/\/simfoniya.az\/en\/wp-json\/wp\/v2\/brand?post=19741"},{"taxonomy":"category_2","embeddable":true,"href":"https:\/\/simfoniya.az\/en\/wp-json\/wp\/v2\/category_2?post=19741"},{"taxonomy":"catergory_brand","embeddable":true,"href":"https:\/\/simfoniya.az\/en\/wp-json\/wp\/v2\/catergory_brand?post=19741"}],"curies":[{"name":"wp","href":"https:\/\/api.w.org\/{rel}","templated":true}]}}