{"id":19751,"date":"2024-06-02T11:35:05","date_gmt":"2024-06-02T11:35:05","guid":{"rendered":"https:\/\/simfoniya.az\/product\/tres-slim-vanna-su-qaridiricisi\/"},"modified":"2024-10-13T10:31:04","modified_gmt":"2024-10-13T10:31:04","slug":"tres-slim-vanna-su-qaridiricisi","status":"publish","type":"product","link":"https:\/\/simfoniya.az\/en\/product\/tres-slim-vanna-su-qaridiricisi\/","title":{"rendered":"Tres Slim \/ Water mixer for the bath"},"content":{"rendered":"<div class=\"flex max-w-full flex-col flex-grow\">\n<div class=\"min-h-8 text-message flex w-full flex-col items-end gap-2 whitespace-normal break-words [.text-message+&amp;]:mt-5\" dir=\"auto\" data-message-author-role=\"assistant\" data-message-id=\"4be05d6a-350e-48a0-b33e-a3ce2044c2f8\">\n<div class=\"flex w-full flex-col gap-1 empty:hidden first:pt-[3px]\">\n<div class=\"markdown prose w-full break-words dark:prose-invert light\">\n<p>Bu r\u0259smind\u0259 m\u00fcasir vanna ota\u011f\u0131na n\u0259z\u0259rd\u0259 tutulan kran v\u0259 du\u015f ba\u015fl\u0131\u011f\u0131 d\u0259sti g\u00f6r\u00fcn\u00fcr. Kran\u0131n t\u0259miz, d\u00fcz x\u0259tl\u0259ri v\u0259 parlaq xrom bitm\u0259si, h\u0259m funksionall\u0131\u011f\u0131n\u0131 h\u0259m d\u0259 estetik cazib\u0259sini art\u0131r\u0131r. Du\u015f ba\u015fl\u0131\u011f\u0131 da b\u0259nz\u0259r dizayn \u00f6l\u00e7\u00fcl\u0259rini payla\u015f\u0131r, ki bu da \u00fcmumi g\u00f6r\u00fcn\u00fc\u015f\u00fc tamamlay\u0131r. Bu avadanl\u0131qlar h\u0259m praktiki, h\u0259m d\u0259 dekorativ elementl\u0259r kimi istifad\u0259 \u00fc\u00e7\u00fcn \u0259la se\u00e7imdir, v\u0259 m\u00fcasir v\u0259 minimalist vanna otaqlar\u0131 \u00fc\u00e7\u00fcn ideald\u0131r.<\/p>\n<\/div>\n<\/div>\n<\/div>\n<\/div>\n<div class=\"mb-2 flex gap-3 empty:hidden -ml-2\">\n<div class=\"items-center justify-start rounded-xl p-1 flex\">\n<div class=\"flex items-center\">\n<p>&nbsp;<\/p>\n<div class=\"flex\"><\/div>\n<div class=\"flex items-center pb-0\"><\/div>\n<\/div>\n<\/div>\n<\/div>\n","protected":false},"excerpt":{"rendered":"<p>Bu r\u0259smind\u0259 m\u00fcasir vanna ota\u011f\u0131na n\u0259z\u0259rd\u0259 tutulan kran v\u0259 du\u015f ba\u015fl\u0131\u011f\u0131 d\u0259sti g\u00f6r\u00fcn\u00fcr. Kran\u0131n t\u0259miz, d\u00fcz x\u0259tl\u0259ri v\u0259 parlaq xrom bitm\u0259si, h\u0259m funksionall\u0131\u011f\u0131n\u0131 h\u0259m d\u0259 estetik cazib\u0259sini art\u0131r\u0131r. Du\u015f ba\u015fl\u0131\u011f\u0131 da b\u0259nz\u0259r dizayn \u00f6l\u00e7\u00fcl\u0259rini payla\u015f\u0131r, ki bu da \u00fcmumi g\u00f6r\u00fcn\u00fc\u015f\u00fc tamamlay\u0131r. Bu avadanl\u0131qlar h\u0259m praktiki, h\u0259m d\u0259 dekorativ elementl\u0259r kimi istifad\u0259 \u00fc\u00e7\u00fcn \u0259la se\u00e7imdir, v\u0259 m\u00fcasir v\u0259 minimalist vanna otaqlar\u0131\u2026<\/p>","protected":false},"featured_media":24018,"comment_status":"closed","ping_status":"closed","template":"","meta":[],"product_brand":[],"product_cat":[1397],"product_tag":[],"collection":[],"brand":[],"category_2":[],"catergory_brand":[],"class_list":{"0":"post-19751","1":"product","2":"type-product","3":"status-publish","4":"has-post-thumbnail","6":"product_cat-basin-water-bath-mixer","8":"first","9":"instock","10":"shipping-taxable","11":"product-type-simple"},"_links":{"self":[{"href":"https:\/\/simfoniya.az\/en\/wp-json\/wp\/v2\/product\/19751","targetHints":{"allow":["GET"]}}],"collection":[{"href":"https:\/\/simfoniya.az\/en\/wp-json\/wp\/v2\/product"}],"about":[{"href":"https:\/\/simfoniya.az\/en\/wp-json\/wp\/v2\/types\/product"}],"replies":[{"embeddable":true,"href":"https:\/\/simfoniya.az\/en\/wp-json\/wp\/v2\/comments?post=19751"}],"wp:featuredmedia":[{"embeddable":true,"href":"https:\/\/simfoniya.az\/en\/wp-json\/wp\/v2\/media\/24018"}],"wp:attachment":[{"href":"https:\/\/simfoniya.az\/en\/wp-json\/wp\/v2\/media?parent=19751"}],"wp:term":[{"taxonomy":"product_brand","embeddable":true,"href":"https:\/\/simfoniya.az\/en\/wp-json\/wp\/v2\/product_brand?post=19751"},{"taxonomy":"product_cat","embeddable":true,"href":"https:\/\/simfoniya.az\/en\/wp-json\/wp\/v2\/product_cat?post=19751"},{"taxonomy":"product_tag","embeddable":true,"href":"https:\/\/simfoniya.az\/en\/wp-json\/wp\/v2\/product_tag?post=19751"},{"taxonomy":"collection","embeddable":true,"href":"https:\/\/simfoniya.az\/en\/wp-json\/wp\/v2\/collection?post=19751"},{"taxonomy":"brand","embeddable":true,"href":"https:\/\/simfoniya.az\/en\/wp-json\/wp\/v2\/brand?post=19751"},{"taxonomy":"category_2","embeddable":true,"href":"https:\/\/simfoniya.az\/en\/wp-json\/wp\/v2\/category_2?post=19751"},{"taxonomy":"catergory_brand","embeddable":true,"href":"https:\/\/simfoniya.az\/en\/wp-json\/wp\/v2\/catergory_brand?post=19751"}],"curies":[{"name":"wp","href":"https:\/\/api.w.org\/{rel}","templated":true}]}}