{"id":19757,"date":"2024-06-02T11:35:10","date_gmt":"2024-06-02T11:35:10","guid":{"rendered":"https:\/\/simfoniya.az\/product\/tres-tavan-tepe-du-450-mm\/"},"modified":"2024-09-27T10:05:26","modified_gmt":"2024-09-27T10:05:26","slug":"tres-tavan-tepe-du-450-mm","status":"publish","type":"product","link":"https:\/\/simfoniya.az\/en\/product\/tres-tavan-tepe-du-450-mm\/","title":{"rendered":"Tres \/ Shower head"},"content":{"rendered":"<div class=\"flex max-w-full flex-col flex-grow\">\n<div class=\"min-h-8 text-message flex w-full flex-col items-end gap-2 whitespace-normal break-words [.text-message+&amp;]:mt-5\" dir=\"auto\" data-message-author-role=\"assistant\" data-message-id=\"34bebfb9-5325-4b00-9067-d06db445fe0a\">\n<div class=\"flex w-full flex-col gap-1 empty:hidden first:pt-[3px]\">\n<div class=\"markdown prose w-full break-words dark:prose-invert light\">\n<p>Bu dair\u0259vi dizayna malik du\u015f ba\u015fl\u0131\u011f\u0131, h\u0259r bir vanna ota\u011f\u0131nda m\u00fcasirlik v\u0259 z\u0259riflik yarad\u0131r. Poladdan haz\u0131rlanm\u0131\u015f bu ba\u015fl\u0131q, suyun b\u0259rab\u0259r v\u0259 rahat \u015f\u0259kild\u0259 p\u00fcsk\u00fcr\u00fclm\u0259sini t\u0259min edir, bel\u0259likl\u0259 du\u015f alark\u0259n maksimum rahatl\u0131q v\u0259 m\u0259mnuniyy\u0259t verir. Geni\u015f diametri say\u0259sind\u0259 geni\u015f su ax\u0131n\u0131 t\u0259klif edir ki, bu da du\u015f almaq prosesini daha xo\u015f v\u0259 effektiv edir.<\/p>\n<\/div>\n<\/div>\n<\/div>\n<\/div>\n<div class=\"mb-2 flex gap-3 empty:hidden -ml-2\">\n<div class=\"items-center justify-start rounded-xl p-1 flex\">\n<div class=\"flex items-center justify-center rounded-lg text-token-text-secondary\"><button class=\"flex h-[30px] w-[30px] items-center justify-center rounded-md hover:bg-token-main-surface-secondary disabled:opacity-50 disabled:hover:bg-transparent\" aria-label=\"\u041f\u0440\u0435\u0434\u044b\u0434\u0443\u0449\u0438\u0439 \u043e\u0442\u0432\u0435\u0442\"><\/button><\/p>\n<div class=\"px-0.5 text-sm font-semibold tabular-nums\"><\/div>\n<\/div>\n<\/div>\n<\/div>\n","protected":false},"excerpt":{"rendered":"<p>This round design shower head adds modernity and elegance to any bathroom. Made of steel, this head ensures an even and comfortable spray of water, thus giving maximum comfort and satisfaction while showering. Thanks to its large diameter, it offers a wide flow of water, which makes the process of showering more pleasant and efficient.<\/p>","protected":false},"featured_media":19756,"comment_status":"closed","ping_status":"closed","template":"","meta":[],"product_brand":[],"product_cat":[410],"product_tag":[],"collection":[],"brand":[1435],"category_2":[],"catergory_brand":[],"class_list":{"0":"post-19757","1":"product","2":"type-product","3":"status-publish","4":"has-post-thumbnail","6":"product_cat-shower-heads","7":"brand-tres","9":"first","10":"instock","11":"shipping-taxable","12":"product-type-simple"},"_links":{"self":[{"href":"https:\/\/simfoniya.az\/en\/wp-json\/wp\/v2\/product\/19757","targetHints":{"allow":["GET"]}}],"collection":[{"href":"https:\/\/simfoniya.az\/en\/wp-json\/wp\/v2\/product"}],"about":[{"href":"https:\/\/simfoniya.az\/en\/wp-json\/wp\/v2\/types\/product"}],"replies":[{"embeddable":true,"href":"https:\/\/simfoniya.az\/en\/wp-json\/wp\/v2\/comments?post=19757"}],"wp:featuredmedia":[{"embeddable":true,"href":"https:\/\/simfoniya.az\/en\/wp-json\/wp\/v2\/media\/19756"}],"wp:attachment":[{"href":"https:\/\/simfoniya.az\/en\/wp-json\/wp\/v2\/media?parent=19757"}],"wp:term":[{"taxonomy":"product_brand","embeddable":true,"href":"https:\/\/simfoniya.az\/en\/wp-json\/wp\/v2\/product_brand?post=19757"},{"taxonomy":"product_cat","embeddable":true,"href":"https:\/\/simfoniya.az\/en\/wp-json\/wp\/v2\/product_cat?post=19757"},{"taxonomy":"product_tag","embeddable":true,"href":"https:\/\/simfoniya.az\/en\/wp-json\/wp\/v2\/product_tag?post=19757"},{"taxonomy":"collection","embeddable":true,"href":"https:\/\/simfoniya.az\/en\/wp-json\/wp\/v2\/collection?post=19757"},{"taxonomy":"brand","embeddable":true,"href":"https:\/\/simfoniya.az\/en\/wp-json\/wp\/v2\/brand?post=19757"},{"taxonomy":"category_2","embeddable":true,"href":"https:\/\/simfoniya.az\/en\/wp-json\/wp\/v2\/category_2?post=19757"},{"taxonomy":"catergory_brand","embeddable":true,"href":"https:\/\/simfoniya.az\/en\/wp-json\/wp\/v2\/catergory_brand?post=19757"}],"curies":[{"name":"wp","href":"https:\/\/api.w.org\/{rel}","templated":true}]}}