{"id":19763,"date":"2024-06-02T11:35:22","date_gmt":"2024-06-02T11:35:22","guid":{"rendered":"https:\/\/simfoniya.az\/product\/vama-hamam-mebeli-820x590x750-komplekt-va-14180\/"},"modified":"2024-09-27T07:38:27","modified_gmt":"2024-09-27T07:38:27","slug":"vama-hamam-mebeli-820x590x750-komplekt-va-14180","status":"publish","type":"product","link":"https:\/\/simfoniya.az\/en\/product\/vama-hamam-mebeli-820x590x750-komplekt-va-14180\/","title":{"rendered":"Vama \/ Bathroom furniture"},"content":{"rendered":"<div class=\"flex max-w-full flex-col flex-grow\">\n<div class=\"min-h-8 text-message flex w-full flex-col items-end gap-2 whitespace-normal break-words [.text-message+&amp;]:mt-5\" dir=\"auto\" data-message-author-role=\"assistant\" data-message-id=\"47de6a01-fc35-44e7-ad41-d47038b08477\">\n<div class=\"flex w-full flex-col gap-1 empty:hidden first:pt-[3px]\">\n<div class=\"markdown prose w-full break-words dark:prose-invert light\">\n<p>Bu klassik dizaynl\u0131 vanna ota\u011f\u0131 d\u0259sti, qara r\u0259ngli dolab v\u0259 z\u0259rif bir lavabo il\u0259 t\u0259chiz olunmu\u015fdur. Dolab\u0131n qap\u0131lar\u0131 v\u0259 \u00e7\u0259km\u0259c\u0259l\u0259ri, sad\u0259 lakin inc\u0259 detallarla b\u0259z\u0259dilmi\u015fdir ki, bu da ona z\u0259ngin bir g\u00f6r\u00fcn\u00fc\u015f b\u0259x\u015f edir. \u00dcst\u00fcnd\u0259 as\u0131lm\u0131\u015f d\u00f6rdbucaql\u0131 g\u00fczg\u00fc is\u0259 bu d\u0259sti tamamlay\u0131r v\u0259 vanna ota\u011f\u0131n\u0131za m\u00fcasir v\u0259 \u015f\u0131k bir toxunu\u015f \u0259lav\u0259 edir.<\/p>\n<\/div>\n<\/div>\n<\/div>\n<\/div>\n<div class=\"mb-2 flex gap-3 empty:hidden -ml-2\">\n<div class=\"items-center justify-start rounded-xl p-1 flex\">\n<div class=\"flex items-center\"><button class=\"rounded-lg text-token-text-secondary hover:bg-token-main-surface-secondary\" aria-label=\"Read aloud\" data-testid=\"voice-play-turn-action-button\"><\/button><button class=\"rounded-lg text-token-text-secondary hover:bg-token-main-surface-secondary\" aria-label=\"\u041a\u043e\u043f\u0438\u0440\u043e\u0432\u0430\u0442\u044c\" data-testid=\"copy-turn-action-button\"><\/button><\/p>\n<div class=\"flex\"><\/div>\n<div class=\"flex items-center pb-0\"><\/div>\n<\/div>\n<\/div>\n<\/div>\n","protected":false},"excerpt":{"rendered":"<p>This classically designed bathroom suite is equipped with a black cabinet and an elegant sink. The doors and drawers of the wardrobe are decorated with simple but delicate details that give it a rich look. A hanging rectangular mirror completes this set and adds a modern and stylish touch to your bathroom.<\/p>","protected":false},"featured_media":19762,"comment_status":"closed","ping_status":"closed","template":"","meta":[],"product_brand":[],"product_cat":[76],"product_tag":[],"collection":[],"brand":[],"category_2":[],"catergory_brand":[],"class_list":{"0":"post-19763","1":"product","2":"type-product","3":"status-publish","4":"has-post-thumbnail","6":"product_cat-all","8":"first","9":"instock","10":"shipping-taxable","11":"product-type-simple"},"_links":{"self":[{"href":"https:\/\/simfoniya.az\/en\/wp-json\/wp\/v2\/product\/19763","targetHints":{"allow":["GET"]}}],"collection":[{"href":"https:\/\/simfoniya.az\/en\/wp-json\/wp\/v2\/product"}],"about":[{"href":"https:\/\/simfoniya.az\/en\/wp-json\/wp\/v2\/types\/product"}],"replies":[{"embeddable":true,"href":"https:\/\/simfoniya.az\/en\/wp-json\/wp\/v2\/comments?post=19763"}],"wp:featuredmedia":[{"embeddable":true,"href":"https:\/\/simfoniya.az\/en\/wp-json\/wp\/v2\/media\/19762"}],"wp:attachment":[{"href":"https:\/\/simfoniya.az\/en\/wp-json\/wp\/v2\/media?parent=19763"}],"wp:term":[{"taxonomy":"product_brand","embeddable":true,"href":"https:\/\/simfoniya.az\/en\/wp-json\/wp\/v2\/product_brand?post=19763"},{"taxonomy":"product_cat","embeddable":true,"href":"https:\/\/simfoniya.az\/en\/wp-json\/wp\/v2\/product_cat?post=19763"},{"taxonomy":"product_tag","embeddable":true,"href":"https:\/\/simfoniya.az\/en\/wp-json\/wp\/v2\/product_tag?post=19763"},{"taxonomy":"collection","embeddable":true,"href":"https:\/\/simfoniya.az\/en\/wp-json\/wp\/v2\/collection?post=19763"},{"taxonomy":"brand","embeddable":true,"href":"https:\/\/simfoniya.az\/en\/wp-json\/wp\/v2\/brand?post=19763"},{"taxonomy":"category_2","embeddable":true,"href":"https:\/\/simfoniya.az\/en\/wp-json\/wp\/v2\/category_2?post=19763"},{"taxonomy":"catergory_brand","embeddable":true,"href":"https:\/\/simfoniya.az\/en\/wp-json\/wp\/v2\/catergory_brand?post=19763"}],"curies":[{"name":"wp","href":"https:\/\/api.w.org\/{rel}","templated":true}]}}