{"id":20033,"date":"2024-06-06T05:29:06","date_gmt":"2024-06-06T05:29:06","guid":{"rendered":"https:\/\/simfoniya.az\/?post_type=product&#038;p=20033"},"modified":"2024-09-25T12:11:39","modified_gmt":"2024-09-25T12:11:39","slug":"teorema-dune-dus-ucun-su-qarisdiricisi-ceramic-tutacaqli-qizili","status":"publish","type":"product","link":"https:\/\/simfoniya.az\/en\/product\/teorema-dune-dus-ucun-su-qarisdiricisi-ceramic-tutacaqli-qizili\/","title":{"rendered":"Teorema Dune \/ Faucet for shower"},"content":{"rendered":"<div class=\"flex max-w-full flex-col flex-grow\">\n<div class=\"min-h-8 text-message flex w-full flex-col items-end gap-2 whitespace-normal break-words [.text-message+&amp;]:mt-5\" dir=\"auto\" data-message-author-role=\"assistant\" data-message-id=\"fb6efcd9-7253-4fc2-ab8b-84ef425b4c9d\">\n<div class=\"flex w-full flex-col gap-1 empty:hidden first:pt-[3px]\">\n<div class=\"markdown prose w-full break-words dark:prose-invert light\">\n<p>Bu du\u015f qar\u0131\u015fd\u0131r\u0131c\u0131 kran\u0131, hamam\u0131n\u0131z \u00fc\u00e7\u00fcn m\u00fck\u0259mm\u0259l se\u00e7imdir. Y\u00fcks\u0259k keyfiyy\u0259tli materiallardan haz\u0131rlanm\u0131\u015f bu kran, davaml\u0131l\u0131\u011f\u0131 v\u0259 funksionall\u0131\u011f\u0131 il\u0259 se\u00e7ilir. Su temperaturunu v\u0259 t\u0259zyiqini rahatl\u0131qla idar\u0259 etm\u0259y\u0259 imkan ver\u0259n ergonomik dizayna malikdir. M\u00fcasir v\u0259 z\u0259rif g\u00f6r\u00fcn\u00fc\u015f\u00fc il\u0259 hamam\u0131n\u0131za estetik bir toxunu\u015f qat\u0131r v\u0259 du\u015f t\u0259cr\u00fcb\u0259nizi daha da komfortlu edir.<\/p>\n<\/div>\n<\/div>\n<\/div>\n<\/div>\n<div class=\"mb-2 flex gap-3 empty:hidden -ml-2\">\n<div class=\"items-center justify-start rounded-xl p-1 flex\">\n<div class=\"flex items-center\"><button class=\"rounded-lg text-token-text-secondary hover:bg-token-main-surface-secondary\" aria-label=\"Read aloud\" data-testid=\"voice-play-turn-action-button\"><\/button><button class=\"rounded-lg text-token-text-secondary hover:bg-token-main-surface-secondary\" aria-label=\"\u041a\u043e\u043f\u0438\u0440\u043e\u0432\u0430\u0442\u044c\" data-testid=\"copy-turn-action-button\"><\/button><\/p>\n<div class=\"flex\"><\/div>\n<div class=\"flex items-center pb-0\"><\/div>\n<\/div>\n<\/div>\n<\/div>\n","protected":false},"excerpt":{"rendered":"<p>This shower mixer faucet is the perfect choice for your bathroom. Made of high-quality materials, this faucet stands out for its durability and functionality. It has an ergonomic design that allows you to easily control the water temperature and pressure. With its modern and elegant appearance, it adds an aesthetic touch to your bathroom and makes your shower experience even more comfortable.<\/p>","protected":false},"featured_media":19513,"comment_status":"closed","ping_status":"closed","template":"","meta":[],"product_brand":[],"product_cat":[411],"product_tag":[],"collection":[],"brand":[],"category_2":[],"catergory_brand":[],"class_list":{"0":"post-20033","1":"product","2":"type-product","3":"status-publish","4":"has-post-thumbnail","6":"product_cat-faucets","8":"first","9":"instock","10":"shipping-taxable","11":"product-type-simple"},"_links":{"self":[{"href":"https:\/\/simfoniya.az\/en\/wp-json\/wp\/v2\/product\/20033","targetHints":{"allow":["GET"]}}],"collection":[{"href":"https:\/\/simfoniya.az\/en\/wp-json\/wp\/v2\/product"}],"about":[{"href":"https:\/\/simfoniya.az\/en\/wp-json\/wp\/v2\/types\/product"}],"replies":[{"embeddable":true,"href":"https:\/\/simfoniya.az\/en\/wp-json\/wp\/v2\/comments?post=20033"}],"wp:featuredmedia":[{"embeddable":true,"href":"https:\/\/simfoniya.az\/en\/wp-json\/wp\/v2\/media\/19513"}],"wp:attachment":[{"href":"https:\/\/simfoniya.az\/en\/wp-json\/wp\/v2\/media?parent=20033"}],"wp:term":[{"taxonomy":"product_brand","embeddable":true,"href":"https:\/\/simfoniya.az\/en\/wp-json\/wp\/v2\/product_brand?post=20033"},{"taxonomy":"product_cat","embeddable":true,"href":"https:\/\/simfoniya.az\/en\/wp-json\/wp\/v2\/product_cat?post=20033"},{"taxonomy":"product_tag","embeddable":true,"href":"https:\/\/simfoniya.az\/en\/wp-json\/wp\/v2\/product_tag?post=20033"},{"taxonomy":"collection","embeddable":true,"href":"https:\/\/simfoniya.az\/en\/wp-json\/wp\/v2\/collection?post=20033"},{"taxonomy":"brand","embeddable":true,"href":"https:\/\/simfoniya.az\/en\/wp-json\/wp\/v2\/brand?post=20033"},{"taxonomy":"category_2","embeddable":true,"href":"https:\/\/simfoniya.az\/en\/wp-json\/wp\/v2\/category_2?post=20033"},{"taxonomy":"catergory_brand","embeddable":true,"href":"https:\/\/simfoniya.az\/en\/wp-json\/wp\/v2\/catergory_brand?post=20033"}],"curies":[{"name":"wp","href":"https:\/\/api.w.org\/{rel}","templated":true}]}}