{"id":20323,"date":"2024-06-10T16:24:51","date_gmt":"2024-06-10T16:24:51","guid":{"rendered":"https:\/\/simfoniya.az\/?post_type=product&#038;p=20323"},"modified":"2024-11-04T09:02:36","modified_gmt":"2024-11-04T09:02:36","slug":"kerama-marazzi-circo-rakovina-36cm","status":"publish","type":"product","link":"https:\/\/simfoniya.az\/en\/product\/kerama-marazzi-circo-rakovina-36cm\/","title":{"rendered":"Kerama Marazzi \/ Moyka"},"content":{"rendered":"<div class=\"flex max-w-full flex-col flex-grow\">\n<div class=\"min-h-8 text-message flex w-full flex-col items-end gap-2 whitespace-normal break-words [.text-message+&amp;]:mt-5\" dir=\"auto\" data-message-author-role=\"assistant\" data-message-id=\"8b83f928-b5e6-42b7-b063-ebffbac3dc44\">\n<div class=\"flex w-full flex-col gap-1 empty:hidden first:pt-[3px]\">\n<div class=\"markdown prose w-full break-words dark:prose-invert light\">\n<p>Bu x\u00fcsusi dizaynl\u0131 moyka, \u0259yri k\u0259narlar\u0131 v\u0259 geni\u015f s\u0259thi il\u0259 se\u00e7ilir. A\u011f keramikadan haz\u0131rlanm\u0131\u015f bu model, m\u00fcasir v\u0259 \u0259n\u0259n\u0259vi vanna ota\u011f\u0131 dizaynlar\u0131na uy\u011funla\u015fa bil\u0259r. Moykan\u0131n t\u0259miz v\u0259 s\u0259liq\u0259li x\u0259tt\u0259 malik olmas\u0131, ota\u011fa estetik bir g\u00f6z\u0259llik \u0259lav\u0259 edir. Geni\u015f s\u0259thi say\u0259sind\u0259, praktik istifad\u0259 imkan\u0131 t\u0259min edir v\u0259 moykan\u0131n \u00fcst hiss\u0259sind\u0259 musluk qura\u015fd\u0131rmaq \u00fc\u00e7\u00fcn yerl\u0259r n\u0259z\u0259rd\u0259 tutulmu\u015fdur. Bu moyka, h\u0259m rahatl\u0131q, h\u0259m d\u0259 g\u00f6z\u0259llik t\u0259klif edir, v\u0259 vanna ota\u011f\u0131n\u0131z\u0131 daha i\u015fl\u0259k v\u0259 t\u0259miz saxlama\u011fa k\u00f6m\u0259k edir.<\/p>\n<\/div>\n<\/div>\n<\/div>\n<\/div>\n<div class=\"mb-2 flex gap-3 empty:hidden -ml-2\">\n<div class=\"items-center justify-start rounded-xl p-1 z-10 -mt-1 bg-token-main-surface-primary md:absolute flex\">\n<div class=\"flex items-center\">\n<p>&nbsp;<\/p>\n<div class=\"flex\"><\/div>\n<div class=\"flex items-center pb-0\"><\/div>\n<\/div>\n<\/div>\n<\/div>\n","protected":false},"excerpt":{"rendered":"<p>Bu x\u00fcsusi dizaynl\u0131 moyka, \u0259yri k\u0259narlar\u0131 v\u0259 geni\u015f s\u0259thi il\u0259 se\u00e7ilir. A\u011f keramikadan haz\u0131rlanm\u0131\u015f bu model, m\u00fcasir v\u0259 \u0259n\u0259n\u0259vi vanna ota\u011f\u0131 dizaynlar\u0131na uy\u011funla\u015fa bil\u0259r. Moykan\u0131n t\u0259miz v\u0259 s\u0259liq\u0259li x\u0259tt\u0259 malik olmas\u0131, ota\u011fa estetik bir g\u00f6z\u0259llik \u0259lav\u0259 edir. Geni\u015f s\u0259thi say\u0259sind\u0259, praktik istifad\u0259 imkan\u0131 t\u0259min edir v\u0259 moykan\u0131n \u00fcst hiss\u0259sind\u0259 musluk qura\u015fd\u0131rmaq \u00fc\u00e7\u00fcn yerl\u0259r n\u0259z\u0259rd\u0259 tutulmu\u015fdur. Bu moyka, h\u0259m rahatl\u0131q, h\u0259m\u2026<\/p>","protected":false},"featured_media":20324,"comment_status":"closed","ping_status":"closed","template":"","meta":[],"product_brand":[],"product_cat":[1461],"product_tag":[],"collection":[],"brand":[79],"category_2":[],"catergory_brand":[],"class_list":{"0":"post-20323","1":"product","2":"type-product","3":"status-publish","4":"has-post-thumbnail","6":"product_cat-wash-basins","7":"brand-kerama-marazzi","9":"first","10":"instock","11":"shipping-taxable","12":"product-type-simple"},"_links":{"self":[{"href":"https:\/\/simfoniya.az\/en\/wp-json\/wp\/v2\/product\/20323","targetHints":{"allow":["GET"]}}],"collection":[{"href":"https:\/\/simfoniya.az\/en\/wp-json\/wp\/v2\/product"}],"about":[{"href":"https:\/\/simfoniya.az\/en\/wp-json\/wp\/v2\/types\/product"}],"replies":[{"embeddable":true,"href":"https:\/\/simfoniya.az\/en\/wp-json\/wp\/v2\/comments?post=20323"}],"wp:featuredmedia":[{"embeddable":true,"href":"https:\/\/simfoniya.az\/en\/wp-json\/wp\/v2\/media\/20324"}],"wp:attachment":[{"href":"https:\/\/simfoniya.az\/en\/wp-json\/wp\/v2\/media?parent=20323"}],"wp:term":[{"taxonomy":"product_brand","embeddable":true,"href":"https:\/\/simfoniya.az\/en\/wp-json\/wp\/v2\/product_brand?post=20323"},{"taxonomy":"product_cat","embeddable":true,"href":"https:\/\/simfoniya.az\/en\/wp-json\/wp\/v2\/product_cat?post=20323"},{"taxonomy":"product_tag","embeddable":true,"href":"https:\/\/simfoniya.az\/en\/wp-json\/wp\/v2\/product_tag?post=20323"},{"taxonomy":"collection","embeddable":true,"href":"https:\/\/simfoniya.az\/en\/wp-json\/wp\/v2\/collection?post=20323"},{"taxonomy":"brand","embeddable":true,"href":"https:\/\/simfoniya.az\/en\/wp-json\/wp\/v2\/brand?post=20323"},{"taxonomy":"category_2","embeddable":true,"href":"https:\/\/simfoniya.az\/en\/wp-json\/wp\/v2\/category_2?post=20323"},{"taxonomy":"catergory_brand","embeddable":true,"href":"https:\/\/simfoniya.az\/en\/wp-json\/wp\/v2\/catergory_brand?post=20323"}],"curies":[{"name":"wp","href":"https:\/\/api.w.org\/{rel}","templated":true}]}}