{"id":20558,"date":"2024-06-13T06:04:17","date_gmt":"2024-06-13T06:04:17","guid":{"rendered":"https:\/\/simfoniya.az\/?post_type=product&#038;p=20558"},"modified":"2024-09-25T10:14:19","modified_gmt":"2024-09-25T10:14:19","slug":"fima-metbex-suqarisdiricisi-xrom-3","status":"publish","type":"product","link":"https:\/\/simfoniya.az\/en\/product\/fima-metbex-suqarisdiricisi-xrom-3\/","title":{"rendered":"Fima \/ Kitchen faucet \/ Chrome"},"content":{"rendered":"<div class=\"flex max-w-full flex-col flex-grow\">\n<div class=\"min-h-8 text-message flex w-full flex-col items-end gap-2 whitespace-normal break-words [.text-message+&amp;]:mt-5\" dir=\"auto\" data-message-author-role=\"assistant\" data-message-id=\"749e715e-c591-477e-b0ef-effbac2a3ed0\">\n<div class=\"flex w-full flex-col gap-1 empty:hidden first:pt-[3px]\">\n<div class=\"markdown prose w-full break-words dark:prose-invert light\">\n<p>Bu m\u0259tb\u0259x qar\u0131\u015fd\u0131r\u0131c\u0131 kran\u0131, m\u0259tb\u0259xiniz \u00fc\u00e7\u00fcn m\u00fck\u0259mm\u0259l se\u00e7imdir. Y\u00fcks\u0259k keyfiyy\u0259tli materiallardan haz\u0131rlanm\u0131\u015f bu kran, davaml\u0131l\u0131\u011f\u0131 v\u0259 funksionall\u0131\u011f\u0131 il\u0259 se\u00e7ilir. 360 d\u0259r\u0259c\u0259 f\u0131rlana bil\u0259n g\u00f6vd\u0259si, qablar\u0131n v\u0259 t\u0259r\u0259v\u0259zl\u0259rin yuyulmas\u0131n\u0131 asanla\u015fd\u0131r\u0131r. Su temperaturunu v\u0259 t\u0259zyiqini rahatl\u0131qla idar\u0259 etm\u0259y\u0259 imkan ver\u0259n ergonomik dizayna malikdir. M\u00fcasir v\u0259 z\u0259rif g\u00f6r\u00fcn\u00fc\u015f\u00fc il\u0259 m\u0259tb\u0259xiniz\u0259 estetik bir toxunu\u015f qat\u0131r.<\/p>\n<\/div>\n<\/div>\n<\/div>\n<\/div>\n<div class=\"mb-2 flex gap-3 empty:hidden -ml-2\">\n<div class=\"items-center justify-start rounded-xl p-1 flex\">\n<div class=\"flex items-center\"><button class=\"rounded-lg text-token-text-secondary hover:bg-token-main-surface-secondary\" aria-label=\"Read aloud\" data-testid=\"voice-play-turn-action-button\"><\/button><button class=\"rounded-lg text-token-text-secondary hover:bg-token-main-surface-secondary\" aria-label=\"\u041a\u043e\u043f\u0438\u0440\u043e\u0432\u0430\u0442\u044c\" data-testid=\"copy-turn-action-button\"><\/button><\/p>\n<div class=\"flex\"><\/div>\n<div class=\"flex items-center pb-0\"><\/div>\n<\/div>\n<\/div>\n<\/div>\n","protected":false},"excerpt":{"rendered":"<p>This kitchen mixer tap is the perfect choice for your kitchen. Made of high-quality materials, this faucet stands out for its durability and functionality. Its 360-degree rotatable body makes it easy to wash dishes and vegetables. It has an ergonomic design that allows you to easily control the water temperature and pressure. It adds an aesthetic touch to your kitchen with its modern and elegant look.<\/p>","protected":false},"featured_media":20559,"comment_status":"closed","ping_status":"closed","template":"","meta":[],"product_brand":[],"product_cat":[411],"product_tag":[],"collection":[],"brand":[],"category_2":[],"catergory_brand":[],"class_list":{"0":"post-20558","1":"product","2":"type-product","3":"status-publish","4":"has-post-thumbnail","6":"product_cat-faucets","8":"first","9":"instock","10":"shipping-taxable","11":"product-type-simple"},"_links":{"self":[{"href":"https:\/\/simfoniya.az\/en\/wp-json\/wp\/v2\/product\/20558","targetHints":{"allow":["GET"]}}],"collection":[{"href":"https:\/\/simfoniya.az\/en\/wp-json\/wp\/v2\/product"}],"about":[{"href":"https:\/\/simfoniya.az\/en\/wp-json\/wp\/v2\/types\/product"}],"replies":[{"embeddable":true,"href":"https:\/\/simfoniya.az\/en\/wp-json\/wp\/v2\/comments?post=20558"}],"wp:featuredmedia":[{"embeddable":true,"href":"https:\/\/simfoniya.az\/en\/wp-json\/wp\/v2\/media\/20559"}],"wp:attachment":[{"href":"https:\/\/simfoniya.az\/en\/wp-json\/wp\/v2\/media?parent=20558"}],"wp:term":[{"taxonomy":"product_brand","embeddable":true,"href":"https:\/\/simfoniya.az\/en\/wp-json\/wp\/v2\/product_brand?post=20558"},{"taxonomy":"product_cat","embeddable":true,"href":"https:\/\/simfoniya.az\/en\/wp-json\/wp\/v2\/product_cat?post=20558"},{"taxonomy":"product_tag","embeddable":true,"href":"https:\/\/simfoniya.az\/en\/wp-json\/wp\/v2\/product_tag?post=20558"},{"taxonomy":"collection","embeddable":true,"href":"https:\/\/simfoniya.az\/en\/wp-json\/wp\/v2\/collection?post=20558"},{"taxonomy":"brand","embeddable":true,"href":"https:\/\/simfoniya.az\/en\/wp-json\/wp\/v2\/brand?post=20558"},{"taxonomy":"category_2","embeddable":true,"href":"https:\/\/simfoniya.az\/en\/wp-json\/wp\/v2\/category_2?post=20558"},{"taxonomy":"catergory_brand","embeddable":true,"href":"https:\/\/simfoniya.az\/en\/wp-json\/wp\/v2\/catergory_brand?post=20558"}],"curies":[{"name":"wp","href":"https:\/\/api.w.org\/{rel}","templated":true}]}}